{"id":3154,"date":"2026-03-19T07:27:31","date_gmt":"2026-03-19T07:27:31","guid":{"rendered":"https:\/\/uniquebazaar.shop\/?post_type=product&#038;p=3154"},"modified":"2026-03-19T07:49:13","modified_gmt":"2026-03-19T07:49:13","slug":"kinder-bueno-chocolate-con-leche-y-crema-de-avellanas-3043gkinder-bueno-white-caja-de-30-unidadesbarritas-de-chocolate","status":"publish","type":"product","link":"https:\/\/uniquebazaar.shop\/es\/producto\/kinder-bueno-chocolate-con-leche-y-crema-de-avellanas-3043gkinder-bueno-white-caja-de-30-unidadesbarritas-de-chocolate\/","title":{"rendered":"Kinder Bueno Chocolate con leche y crema de avellanas 30*43g,Kinder Bueno Blanco ,Caja de 30 unidades,Barritas de Chocolate"},"content":{"rendered":"<div data-elementor-type=\"product-post\" data-elementor-id=\"3154\" class=\"elementor elementor-3154\" data-elementor-post-type=\"product\">\n\t\t\t\t<div class=\"elementor-element elementor-element-20e5b2d5 e-grid e-con-boxed e-con e-parent\" data-id=\"20e5b2d5\" data-element_type=\"container\" data-settings=\"{&quot;ekit_has_onepagescroll_dot&quot;:&quot;yes&quot;}\">\n\t\t\t\t\t<div class=\"e-con-inner\">\n\t\t\t\t<div class=\"elementor-element elementor-element-587cca81 elementor-widget elementor-widget-video\" data-id=\"587cca81\" data-element_type=\"widget\" data-settings=\"{&quot;video_type&quot;:&quot;hosted&quot;,&quot;controls&quot;:&quot;yes&quot;,&quot;ekit_we_effect_on&quot;:&quot;none&quot;}\" data-widget_type=\"video.default\">\n\t\t\t\t<div class=\"elementor-widget-container\">\n\t\t\t\t\t\t\t<div class=\"e-hosted-video elementor-wrapper elementor-open-inline\">\n\t\t\t\t\t<video class=\"elementor-video\" src=\"https:\/\/uniquebazaar.shop\/wp-content\/uploads\/2026\/03\/1-2.mp4\" controls=\"\" preload=\"metadata\" controlslist=\"nodownload\"><\/video>\n\t\t\t\t<\/div>\n\t\t\t\t\t\t<\/div>\n\t\t\t\t<\/div>\n\t\t\t\t<div class=\"elementor-element elementor-element-238476e3 elementor-widget elementor-widget-text-editor\" data-id=\"238476e3\" data-element_type=\"widget\" data-settings=\"{&quot;ekit_we_effect_on&quot;:&quot;none&quot;}\" data-widget_type=\"text-editor.default\">\n\t\t\t\t<div class=\"elementor-widget-container\">\n\t\t\t\t\t\t\t\t\t<div class=\"elementor-widget-container\">\n\n<div class=\"product-table\">\n<div class=\"product-row\">\n<div class=\"product-label\"><strong>Sabor<\/strong><\/div>\n<div class=\"product-value\">Chocolate blanco, chocolate negro<\/div>\n<\/div>\n<div class=\"product-row\">\n<div class=\"product-label\"><strong>Peso<\/strong><\/div>\n<div class=\"product-value\">43 g por unidad<\/div>\n<\/div>\n<div class=\"product-row\">\n<div class=\"product-label\"><strong>Tama\u00f1o<\/strong><\/div>\n<div class=\"product-value\">Tama\u00f1o est\u00e1ndar<\/div>\n<\/div>\n<div class=\"product-row\">\n<div class=\"product-label\"><strong>Cantidad<\/strong><\/div>\n<div class=\"product-value\">30 unidades<\/div>\n<\/div>\n<div class=\"product-row\">\n<div class=\"product-label\"><strong>Para qui\u00e9n<\/strong><\/div>\n<div class=\"product-value\">Ni\u00f1os y adultos amantes del chocolate<\/div>\n<\/div>\n<\/div>\n<style>\n.product-table {\nwidth: 100%;\nborder-top: 1px solid #000;\nfont-family: Arial, sans-serif;\n}\n.product-row {\ndisplay: flex;\nborder-bottom: 1px solid #000;\npadding: 12px 0;\n}\n.product-label {\nflex: 1;\nfont-weight: bold;\nmin-width: 200px;\npadding-right: 20px;\n}\n.product-value {\nflex: 1;\nmin-width: 200px;\n}\n<\/style>\n<\/div>\t\t\t\t\t\t\t\t<\/div>\n\t\t\t\t<\/div>\n\t\t\t\t\t<\/div>\n\t\t\t\t<\/div>\n\t\t<div class=\"elementor-element elementor-element-4c7cd31a e-flex e-con-boxed e-con e-parent\" data-id=\"4c7cd31a\" data-element_type=\"container\" data-settings=\"{&quot;ekit_has_onepagescroll_dot&quot;:&quot;yes&quot;}\">\n\t\t\t\t\t<div class=\"e-con-inner\">\n\t\t\t\t<div class=\"elementor-element elementor-element-7b302e3 elementor-widget elementor-widget-image\" data-id=\"7b302e3\" data-element_type=\"widget\" data-settings=\"{&quot;ekit_we_effect_on&quot;:&quot;none&quot;}\" data-widget_type=\"image.default\">\n\t\t\t\t<div class=\"elementor-widget-container\">\n\t\t\t\t\t\t\t\t\t\t\t\t\t\t\t<img fetchpriority=\"high\" decoding=\"async\" width=\"800\" height=\"600\" src=\"https:\/\/uniquebazaar.shop\/wp-content\/uploads\/2026\/03\/698085933e7541e5bd97fc6e991363a4_tplv-t5fjg24jzw-resize-jpeg_800_800-2.jpg\" class=\"attachment-full size-full wp-image-3168 wvs-archive-product-image\" alt=\"\" srcset=\"https:\/\/uniquebazaar.shop\/wp-content\/uploads\/2026\/03\/698085933e7541e5bd97fc6e991363a4_tplv-t5fjg24jzw-resize-jpeg_800_800-2.jpg 800w, https:\/\/uniquebazaar.shop\/wp-content\/uploads\/2026\/03\/698085933e7541e5bd97fc6e991363a4_tplv-t5fjg24jzw-resize-jpeg_800_800-2-300x225.jpg 300w, https:\/\/uniquebazaar.shop\/wp-content\/uploads\/2026\/03\/698085933e7541e5bd97fc6e991363a4_tplv-t5fjg24jzw-resize-jpeg_800_800-2-768x576.jpg 768w, https:\/\/uniquebazaar.shop\/wp-content\/uploads\/2026\/03\/698085933e7541e5bd97fc6e991363a4_tplv-t5fjg24jzw-resize-jpeg_800_800-2-16x12.jpg 16w, https:\/\/uniquebazaar.shop\/wp-content\/uploads\/2026\/03\/698085933e7541e5bd97fc6e991363a4_tplv-t5fjg24jzw-resize-jpeg_800_800-2-600x450.jpg 600w\" sizes=\"(max-width: 800px) 100vw, 800px\" \/>\t\t\t\t\t\t\t\t\t\t\t\t\t\t\t<\/div>\n\t\t\t\t<\/div>\n\t\t\t\t<div class=\"elementor-element elementor-element-59c0f1cb elementor-position-left elementor-vertical-align-middle elementor-widget elementor-widget-image-box\" data-id=\"59c0f1cb\" data-element_type=\"widget\" data-settings=\"{&quot;ekit_we_effect_on&quot;:&quot;none&quot;}\" data-widget_type=\"image-box.default\">\n\t\t\t\t<div class=\"elementor-widget-container\">\n\t\t\t\t\t<div class=\"elementor-image-box-wrapper\"><figure class=\"elementor-image-box-img\"><img decoding=\"async\" width=\"300\" height=\"300\" src=\"https:\/\/uniquebazaar.shop\/wp-content\/uploads\/2026\/03\/1-22.jpg\" class=\"attachment-full size-full wp-image-3169 wvs-archive-product-image\" alt=\"\" srcset=\"https:\/\/uniquebazaar.shop\/wp-content\/uploads\/2026\/03\/1-22.jpg 300w, https:\/\/uniquebazaar.shop\/wp-content\/uploads\/2026\/03\/1-22-150x150.jpg 150w, https:\/\/uniquebazaar.shop\/wp-content\/uploads\/2026\/03\/1-22-12x12.jpg 12w, https:\/\/uniquebazaar.shop\/wp-content\/uploads\/2026\/03\/1-22-100x100.jpg 100w, https:\/\/uniquebazaar.shop\/wp-content\/uploads\/2026\/03\/1-22-50x50.jpg 50w\" sizes=\"(max-width: 300px) 100vw, 300px\" \/><\/figure><div class=\"elementor-image-box-content\"><h3 class=\"elementor-image-box-title\">Date un capricho<\/h3><p class=\"elementor-image-box-description\">Reg\u00e1lese a s\u00ed mismo o a un ser querido una tableta de chocolate con una textura aterciopelada y crujiente sin igual. Cada bocado ofrece un delicado equilibrio entre un suave y fluido relleno de avellana y un crujiente y ligero barquillo, todo ello recubierto de fino chocolate con leche. Es un momento de pura indulgencia, perfecto para compartir o guardar para uno mismo. Ya sea como un placer diario o un gesto especial, este exquisito capricho transforma cualquier descanso en una escapada de lujo.<\/p><\/div><\/div>\t\t\t\t<\/div>\n\t\t\t\t<\/div>\n\t\t\t\t<div class=\"elementor-element elementor-element-285f11b7 elementor-position-right elementor-vertical-align-middle elementor-widget elementor-widget-image-box\" data-id=\"285f11b7\" data-element_type=\"widget\" data-settings=\"{&quot;ekit_we_effect_on&quot;:&quot;none&quot;}\" data-widget_type=\"image-box.default\">\n\t\t\t\t<div class=\"elementor-widget-container\">\n\t\t\t\t\t<div class=\"elementor-image-box-wrapper\"><figure class=\"elementor-image-box-img\"><img decoding=\"async\" width=\"800\" height=\"722\" src=\"https:\/\/uniquebazaar.shop\/wp-content\/uploads\/2026\/03\/c03baf10774d467597d7700a94044a70_tplv-t5fjg24jzw-resize-jpeg_800_800-1.jpg\" class=\"attachment-full size-full wp-image-3170 wvs-archive-product-image\" alt=\"\" srcset=\"https:\/\/uniquebazaar.shop\/wp-content\/uploads\/2026\/03\/c03baf10774d467597d7700a94044a70_tplv-t5fjg24jzw-resize-jpeg_800_800-1.jpg 800w, https:\/\/uniquebazaar.shop\/wp-content\/uploads\/2026\/03\/c03baf10774d467597d7700a94044a70_tplv-t5fjg24jzw-resize-jpeg_800_800-1-300x271.jpg 300w, https:\/\/uniquebazaar.shop\/wp-content\/uploads\/2026\/03\/c03baf10774d467597d7700a94044a70_tplv-t5fjg24jzw-resize-jpeg_800_800-1-768x693.jpg 768w, https:\/\/uniquebazaar.shop\/wp-content\/uploads\/2026\/03\/c03baf10774d467597d7700a94044a70_tplv-t5fjg24jzw-resize-jpeg_800_800-1-13x12.jpg 13w, https:\/\/uniquebazaar.shop\/wp-content\/uploads\/2026\/03\/c03baf10774d467597d7700a94044a70_tplv-t5fjg24jzw-resize-jpeg_800_800-1-600x542.jpg 600w\" sizes=\"(max-width: 800px) 100vw, 800px\" \/><\/figure><div class=\"elementor-image-box-content\"><h3 class=\"elementor-image-box-title\">Compartir con amigos<\/h3><p class=\"elementor-image-box-description\">Comparte las barritas Kinder Bueno durante un viaje por carretera, una divertida reuni\u00f3n con amigos o cualquier ocasi\u00f3n que requiera un delicioso capricho. Haz que cada momento sea m\u00e1s memorable llevando contigo la irresistible combinaci\u00f3n de crujiente barquillo y suave crema de avellanas. Es el snack definitivo para compartir los mejores momentos de la vida, grandes o peque\u00f1os.<\/p><\/div><\/div>\t\t\t\t<\/div>\n\t\t\t\t<\/div>\n\t\t\t\t<div class=\"elementor-element elementor-element-7b7f66ca elementor-position-left elementor-vertical-align-middle elementor-widget elementor-widget-image-box\" data-id=\"7b7f66ca\" data-element_type=\"widget\" data-settings=\"{&quot;ekit_we_effect_on&quot;:&quot;none&quot;}\" data-widget_type=\"image-box.default\">\n\t\t\t\t<div class=\"elementor-widget-container\">\n\t\t\t\t\t<div class=\"elementor-image-box-wrapper\"><figure class=\"elementor-image-box-img\"><img loading=\"lazy\" decoding=\"async\" width=\"300\" height=\"300\" src=\"https:\/\/uniquebazaar.shop\/wp-content\/uploads\/2026\/03\/3-16.jpg\" class=\"attachment-full size-full wp-image-3171 wvs-archive-product-image\" alt=\"\" srcset=\"https:\/\/uniquebazaar.shop\/wp-content\/uploads\/2026\/03\/3-16.jpg 300w, https:\/\/uniquebazaar.shop\/wp-content\/uploads\/2026\/03\/3-16-150x150.jpg 150w, https:\/\/uniquebazaar.shop\/wp-content\/uploads\/2026\/03\/3-16-12x12.jpg 12w, https:\/\/uniquebazaar.shop\/wp-content\/uploads\/2026\/03\/3-16-100x100.jpg 100w, https:\/\/uniquebazaar.shop\/wp-content\/uploads\/2026\/03\/3-16-50x50.jpg 50w\" sizes=\"(max-width: 300px) 100vw, 300px\" \/><\/figure><div class=\"elementor-image-box-content\"><h3 class=\"elementor-image-box-title\">Disfrute sobre la marcha<\/h3><p class=\"elementor-image-box-description\">Coge una barrita y disfruta del sabor del chocolate crujiente y la rica crema de avellanas sobre la marcha o durante la pausa para el caf\u00e9. Siente el chasquido satisfactorio al morder el ligero barquillo en capas, liberando el suave centro de avellana que se funde perfectamente en la lengua. Es el acompa\u00f1ante ideal para los momentos m\u00e1s ajetreados, tanto si vas con prisas de una reuni\u00f3n a otra, como si haces una pausa tranquila con tu espresso o simplemente necesitas un peque\u00f1o est\u00edmulo por la tarde.<\/p><\/div><\/div>\t\t\t\t<\/div>\n\t\t\t\t<\/div>\n\t\t\t\t\t<\/div>\n\t\t\t\t<\/div>\n\t\t<div class=\"elementor-element elementor-element-25aa6bf7 e-flex e-con-boxed e-con e-parent\" data-id=\"25aa6bf7\" data-element_type=\"container\" data-settings=\"{&quot;ekit_has_onepagescroll_dot&quot;:&quot;yes&quot;}\">\n\t\t\t\t\t<div class=\"e-con-inner\">\n\t\t\t\t<div class=\"elementor-element elementor-element-71832359 elementor-widget elementor-widget-image\" data-id=\"71832359\" data-element_type=\"widget\" data-settings=\"{&quot;ekit_we_effect_on&quot;:&quot;none&quot;}\" data-widget_type=\"image.default\">\n\t\t\t\t<div class=\"elementor-widget-container\">\n\t\t\t\t\t\t\t\t\t\t\t\t\t\t\t<img loading=\"lazy\" decoding=\"async\" width=\"970\" height=\"600\" src=\"https:\/\/uniquebazaar.shop\/wp-content\/uploads\/2026\/03\/4-15.jpg\" class=\"attachment-full size-full wp-image-3172 wvs-archive-product-image\" alt=\"\" srcset=\"https:\/\/uniquebazaar.shop\/wp-content\/uploads\/2026\/03\/4-15.jpg 970w, https:\/\/uniquebazaar.shop\/wp-content\/uploads\/2026\/03\/4-15-300x186.jpg 300w, https:\/\/uniquebazaar.shop\/wp-content\/uploads\/2026\/03\/4-15-768x475.jpg 768w, https:\/\/uniquebazaar.shop\/wp-content\/uploads\/2026\/03\/4-15-18x12.jpg 18w, https:\/\/uniquebazaar.shop\/wp-content\/uploads\/2026\/03\/4-15-600x371.jpg 600w\" sizes=\"(max-width: 970px) 100vw, 970px\" \/>\t\t\t\t\t\t\t\t\t\t\t\t\t\t\t<\/div>\n\t\t\t\t<\/div>\n\t\t\t\t\t<\/div>\n\t\t\t\t<\/div>\n\t\t\t\t<\/div>","protected":false},"excerpt":{"rendered":"<p>https:\/\/uniquebazaar.shop\/wp-content\/uploads\/2026\/03\/1-2.mp4 Sabor Chocolate blanco, chocolate negro Peso 43 g por unidad Tama\u00f1o Tama\u00f1o est\u00e1ndar Cantidad 30 unidades Para qui\u00e9n Ni\u00f1os y adultos amantes del chocolate Treat Yourself Treat yourself or someone you love to a chocolate bar with a velvety, crunchy texture like no other. Each bite offers a delicate balance of smooth, flowing hazelnut [&hellip;]<\/p>","protected":false},"featured_media":3157,"comment_status":"open","ping_status":"closed","template":"","meta":{"_acf_changed":false},"product_brand":[],"product_cat":[35],"product_tag":[],"class_list":{"0":"post-3154","1":"product","2":"type-product","3":"status-publish","4":"has-post-thumbnail","6":"product_cat-sale","8":"first","9":"instock","10":"sale","11":"shipping-taxable","12":"purchasable","13":"product-type-variable","14":"has-default-attributes","15":"wvs-archive-product-wrapper"},"acf":[],"_links":{"self":[{"href":"https:\/\/uniquebazaar.shop\/es\/wp-json\/wp\/v2\/product\/3154","targetHints":{"allow":["GET"]}}],"collection":[{"href":"https:\/\/uniquebazaar.shop\/es\/wp-json\/wp\/v2\/product"}],"about":[{"href":"https:\/\/uniquebazaar.shop\/es\/wp-json\/wp\/v2\/types\/product"}],"replies":[{"embeddable":true,"href":"https:\/\/uniquebazaar.shop\/es\/wp-json\/wp\/v2\/comments?post=3154"}],"version-history":[{"count":0,"href":"https:\/\/uniquebazaar.shop\/es\/wp-json\/wp\/v2\/product\/3154\/revisions"}],"wp:featuredmedia":[{"embeddable":true,"href":"https:\/\/uniquebazaar.shop\/es\/wp-json\/wp\/v2\/media\/3157"}],"wp:attachment":[{"href":"https:\/\/uniquebazaar.shop\/es\/wp-json\/wp\/v2\/media?parent=3154"}],"wp:term":[{"taxonomy":"product_brand","embeddable":true,"href":"https:\/\/uniquebazaar.shop\/es\/wp-json\/wp\/v2\/product_brand?post=3154"},{"taxonomy":"product_cat","embeddable":true,"href":"https:\/\/uniquebazaar.shop\/es\/wp-json\/wp\/v2\/product_cat?post=3154"},{"taxonomy":"product_tag","embeddable":true,"href":"https:\/\/uniquebazaar.shop\/es\/wp-json\/wp\/v2\/product_tag?post=3154"}],"curies":[{"name":"wp","href":"https:\/\/api.w.org\/{rel}","templated":true}]}}