{"id":3127,"date":"2026-03-11T07:59:35","date_gmt":"2026-03-11T07:59:35","guid":{"rendered":"https:\/\/uniquebazaar.shop\/?post_type=product&#038;p=3127"},"modified":"2026-03-11T08:05:37","modified_gmt":"2026-03-11T08:05:37","slug":"regalo-extrayommy-arena-para-gatos-natural-arena-ecologica-de-tofu-ultra-absorbente-de-secado-rapido-y-sin-polvo-arena-biodegradable-soluble-en-agua-menos-dispersion-limpieza-facil-y-o","status":"publish","type":"product","link":"https:\/\/uniquebazaar.shop\/es\/producto\/regalo-extrayommy-arena-para-gatos-natural-arena-ecologica-de-tofu-ultra-absorbente-de-secado-rapido-y-sin-polvo-arena-biodegradable-soluble-en-agua-menos-dispersion-limpieza-facil-y-o\/","title":{"rendered":"Regalo Extra|Yommy Arena para Gatos Natural | Arena Ecol\u00f3gica de Tofu Ultra Absorbente, de Secado R\u00e1pido y sin Polvo | Arena Biodegradable, Soluble en Agua | Menos Dispersi\u00f3n, Limpieza F\u00e1cil y Olor Fresco Disponible en 3 o 6 Paquetes y 4 Aromas"},"content":{"rendered":"<div data-elementor-type=\"product-post\" data-elementor-id=\"3127\" class=\"elementor elementor-3127\" data-elementor-post-type=\"product\">\n\t\t\t\t<div class=\"elementor-element elementor-element-20f26e30 e-flex e-con-boxed e-con e-parent\" data-id=\"20f26e30\" data-element_type=\"container\" data-settings=\"{&quot;ekit_has_onepagescroll_dot&quot;:&quot;yes&quot;}\">\n\t\t\t\t\t<div class=\"e-con-inner\">\n\t\t\t\t<div class=\"elementor-element elementor-element-521ee25e elementor-widget elementor-widget-image\" data-id=\"521ee25e\" data-element_type=\"widget\" data-settings=\"{&quot;ekit_we_effect_on&quot;:&quot;none&quot;}\" data-widget_type=\"image.default\">\n\t\t\t\t<div class=\"elementor-widget-container\">\n\t\t\t\t\t\t\t\t\t\t\t\t\t\t\t<img fetchpriority=\"high\" decoding=\"async\" width=\"1600\" height=\"2133\" src=\"https:\/\/uniquebazaar.shop\/wp-content\/uploads\/2026\/03\/09b39069f1c64ea4a79eb39eac6fd353.jpeg_tplv-a9rns2rl98-image_pre_watermark_1_5b_\u526f\u672c.jpg\" class=\"attachment-full size-full wp-image-3135 wvs-archive-product-image\" alt=\"\" srcset=\"https:\/\/uniquebazaar.shop\/wp-content\/uploads\/2026\/03\/09b39069f1c64ea4a79eb39eac6fd353.jpeg_tplv-a9rns2rl98-image_pre_watermark_1_5b_\u526f\u672c.jpg 1600w, https:\/\/uniquebazaar.shop\/wp-content\/uploads\/2026\/03\/09b39069f1c64ea4a79eb39eac6fd353.jpeg_tplv-a9rns2rl98-image_pre_watermark_1_5b_\u526f\u672c-225x300.jpg 225w, https:\/\/uniquebazaar.shop\/wp-content\/uploads\/2026\/03\/09b39069f1c64ea4a79eb39eac6fd353.jpeg_tplv-a9rns2rl98-image_pre_watermark_1_5b_\u526f\u672c-768x1024.jpg 768w, https:\/\/uniquebazaar.shop\/wp-content\/uploads\/2026\/03\/09b39069f1c64ea4a79eb39eac6fd353.jpeg_tplv-a9rns2rl98-image_pre_watermark_1_5b_\u526f\u672c-1152x1536.jpg 1152w, https:\/\/uniquebazaar.shop\/wp-content\/uploads\/2026\/03\/09b39069f1c64ea4a79eb39eac6fd353.jpeg_tplv-a9rns2rl98-image_pre_watermark_1_5b_\u526f\u672c-1536x2048.jpg 1536w, https:\/\/uniquebazaar.shop\/wp-content\/uploads\/2026\/03\/09b39069f1c64ea4a79eb39eac6fd353.jpeg_tplv-a9rns2rl98-image_pre_watermark_1_5b_\u526f\u672c-9x12.jpg 9w, https:\/\/uniquebazaar.shop\/wp-content\/uploads\/2026\/03\/09b39069f1c64ea4a79eb39eac6fd353.jpeg_tplv-a9rns2rl98-image_pre_watermark_1_5b_\u526f\u672c-600x800.jpg 600w\" sizes=\"(max-width: 1600px) 100vw, 1600px\" \/>\t\t\t\t\t\t\t\t\t\t\t\t\t\t\t<\/div>\n\t\t\t\t<\/div>\n\t\t\t\t<div class=\"elementor-element elementor-element-6209ac0f elementor-widget elementor-widget-image\" data-id=\"6209ac0f\" data-element_type=\"widget\" data-settings=\"{&quot;ekit_we_effect_on&quot;:&quot;none&quot;}\" data-widget_type=\"image.default\">\n\t\t\t\t<div class=\"elementor-widget-container\">\n\t\t\t\t\t\t\t\t\t\t\t\t\t\t\t<img decoding=\"async\" width=\"1600\" height=\"2133\" src=\"https:\/\/uniquebazaar.shop\/wp-content\/uploads\/2026\/03\/026facc3c75a478e8d68085d046419af.jpeg_tplv-a9rns2rl98-image_pre_watermark_1_5b_\u526f\u672c.jpg\" class=\"attachment-full size-full wp-image-3136 wvs-archive-product-image\" alt=\"\" srcset=\"https:\/\/uniquebazaar.shop\/wp-content\/uploads\/2026\/03\/026facc3c75a478e8d68085d046419af.jpeg_tplv-a9rns2rl98-image_pre_watermark_1_5b_\u526f\u672c.jpg 1600w, https:\/\/uniquebazaar.shop\/wp-content\/uploads\/2026\/03\/026facc3c75a478e8d68085d046419af.jpeg_tplv-a9rns2rl98-image_pre_watermark_1_5b_\u526f\u672c-225x300.jpg 225w, https:\/\/uniquebazaar.shop\/wp-content\/uploads\/2026\/03\/026facc3c75a478e8d68085d046419af.jpeg_tplv-a9rns2rl98-image_pre_watermark_1_5b_\u526f\u672c-768x1024.jpg 768w, https:\/\/uniquebazaar.shop\/wp-content\/uploads\/2026\/03\/026facc3c75a478e8d68085d046419af.jpeg_tplv-a9rns2rl98-image_pre_watermark_1_5b_\u526f\u672c-1152x1536.jpg 1152w, https:\/\/uniquebazaar.shop\/wp-content\/uploads\/2026\/03\/026facc3c75a478e8d68085d046419af.jpeg_tplv-a9rns2rl98-image_pre_watermark_1_5b_\u526f\u672c-1536x2048.jpg 1536w, https:\/\/uniquebazaar.shop\/wp-content\/uploads\/2026\/03\/026facc3c75a478e8d68085d046419af.jpeg_tplv-a9rns2rl98-image_pre_watermark_1_5b_\u526f\u672c-9x12.jpg 9w, https:\/\/uniquebazaar.shop\/wp-content\/uploads\/2026\/03\/026facc3c75a478e8d68085d046419af.jpeg_tplv-a9rns2rl98-image_pre_watermark_1_5b_\u526f\u672c-600x800.jpg 600w\" sizes=\"(max-width: 1600px) 100vw, 1600px\" \/>\t\t\t\t\t\t\t\t\t\t\t\t\t\t\t<\/div>\n\t\t\t\t<\/div>\n\t\t\t\t<div class=\"elementor-element elementor-element-6d520928 elementor-widget elementor-widget-image\" data-id=\"6d520928\" data-element_type=\"widget\" data-settings=\"{&quot;ekit_we_effect_on&quot;:&quot;none&quot;}\" data-widget_type=\"image.default\">\n\t\t\t\t<div class=\"elementor-widget-container\">\n\t\t\t\t\t\t\t\t\t\t\t\t\t\t\t<img decoding=\"async\" width=\"1600\" height=\"2133\" src=\"https:\/\/uniquebazaar.shop\/wp-content\/uploads\/2026\/03\/00aed366e8bf465eb9523300e6a9f8ca.jpeg_tplv-a9rns2rl98-image_pre_watermark_1_5b_\u526f\u672c.jpg\" class=\"attachment-full size-full wp-image-3137 wvs-archive-product-image\" alt=\"\" srcset=\"https:\/\/uniquebazaar.shop\/wp-content\/uploads\/2026\/03\/00aed366e8bf465eb9523300e6a9f8ca.jpeg_tplv-a9rns2rl98-image_pre_watermark_1_5b_\u526f\u672c.jpg 1600w, https:\/\/uniquebazaar.shop\/wp-content\/uploads\/2026\/03\/00aed366e8bf465eb9523300e6a9f8ca.jpeg_tplv-a9rns2rl98-image_pre_watermark_1_5b_\u526f\u672c-225x300.jpg 225w, https:\/\/uniquebazaar.shop\/wp-content\/uploads\/2026\/03\/00aed366e8bf465eb9523300e6a9f8ca.jpeg_tplv-a9rns2rl98-image_pre_watermark_1_5b_\u526f\u672c-768x1024.jpg 768w, https:\/\/uniquebazaar.shop\/wp-content\/uploads\/2026\/03\/00aed366e8bf465eb9523300e6a9f8ca.jpeg_tplv-a9rns2rl98-image_pre_watermark_1_5b_\u526f\u672c-1152x1536.jpg 1152w, https:\/\/uniquebazaar.shop\/wp-content\/uploads\/2026\/03\/00aed366e8bf465eb9523300e6a9f8ca.jpeg_tplv-a9rns2rl98-image_pre_watermark_1_5b_\u526f\u672c-1536x2048.jpg 1536w, https:\/\/uniquebazaar.shop\/wp-content\/uploads\/2026\/03\/00aed366e8bf465eb9523300e6a9f8ca.jpeg_tplv-a9rns2rl98-image_pre_watermark_1_5b_\u526f\u672c-9x12.jpg 9w, https:\/\/uniquebazaar.shop\/wp-content\/uploads\/2026\/03\/00aed366e8bf465eb9523300e6a9f8ca.jpeg_tplv-a9rns2rl98-image_pre_watermark_1_5b_\u526f\u672c-600x800.jpg 600w\" sizes=\"(max-width: 1600px) 100vw, 1600px\" \/>\t\t\t\t\t\t\t\t\t\t\t\t\t\t\t<\/div>\n\t\t\t\t<\/div>\n\t\t\t\t<div class=\"elementor-element elementor-element-119fd0f5 elementor-widget elementor-widget-image\" data-id=\"119fd0f5\" data-element_type=\"widget\" data-settings=\"{&quot;ekit_we_effect_on&quot;:&quot;none&quot;}\" data-widget_type=\"image.default\">\n\t\t\t\t<div class=\"elementor-widget-container\">\n\t\t\t\t\t\t\t\t\t\t\t\t\t\t\t<img loading=\"lazy\" decoding=\"async\" width=\"1600\" height=\"2133\" src=\"https:\/\/uniquebazaar.shop\/wp-content\/uploads\/2026\/03\/6ca9eff139094c358e49145503d64e69.jpeg_tplv-a9rns2rl98-image_pre_watermark_1_5b_\u526f\u672c.jpg\" class=\"attachment-full size-full wp-image-3138 wvs-archive-product-image\" alt=\"\" srcset=\"https:\/\/uniquebazaar.shop\/wp-content\/uploads\/2026\/03\/6ca9eff139094c358e49145503d64e69.jpeg_tplv-a9rns2rl98-image_pre_watermark_1_5b_\u526f\u672c.jpg 1600w, https:\/\/uniquebazaar.shop\/wp-content\/uploads\/2026\/03\/6ca9eff139094c358e49145503d64e69.jpeg_tplv-a9rns2rl98-image_pre_watermark_1_5b_\u526f\u672c-225x300.jpg 225w, https:\/\/uniquebazaar.shop\/wp-content\/uploads\/2026\/03\/6ca9eff139094c358e49145503d64e69.jpeg_tplv-a9rns2rl98-image_pre_watermark_1_5b_\u526f\u672c-768x1024.jpg 768w, https:\/\/uniquebazaar.shop\/wp-content\/uploads\/2026\/03\/6ca9eff139094c358e49145503d64e69.jpeg_tplv-a9rns2rl98-image_pre_watermark_1_5b_\u526f\u672c-1152x1536.jpg 1152w, https:\/\/uniquebazaar.shop\/wp-content\/uploads\/2026\/03\/6ca9eff139094c358e49145503d64e69.jpeg_tplv-a9rns2rl98-image_pre_watermark_1_5b_\u526f\u672c-1536x2048.jpg 1536w, https:\/\/uniquebazaar.shop\/wp-content\/uploads\/2026\/03\/6ca9eff139094c358e49145503d64e69.jpeg_tplv-a9rns2rl98-image_pre_watermark_1_5b_\u526f\u672c-9x12.jpg 9w, https:\/\/uniquebazaar.shop\/wp-content\/uploads\/2026\/03\/6ca9eff139094c358e49145503d64e69.jpeg_tplv-a9rns2rl98-image_pre_watermark_1_5b_\u526f\u672c-600x800.jpg 600w\" sizes=\"(max-width: 1600px) 100vw, 1600px\" \/>\t\t\t\t\t\t\t\t\t\t\t\t\t\t\t<\/div>\n\t\t\t\t<\/div>\n\t\t\t\t<div class=\"elementor-element elementor-element-36f5c35a elementor-widget elementor-widget-image\" data-id=\"36f5c35a\" data-element_type=\"widget\" data-settings=\"{&quot;ekit_we_effect_on&quot;:&quot;none&quot;}\" data-widget_type=\"image.default\">\n\t\t\t\t<div class=\"elementor-widget-container\">\n\t\t\t\t\t\t\t\t\t\t\t\t\t\t\t<img loading=\"lazy\" decoding=\"async\" width=\"1600\" height=\"2133\" src=\"https:\/\/uniquebazaar.shop\/wp-content\/uploads\/2026\/03\/96e74598d32046e4964f1727ab58cb39.jpeg_tplv-a9rns2rl98-image_pre_watermark_1_5b_\u526f\u672c.jpg\" class=\"attachment-full size-full wp-image-3139 wvs-archive-product-image\" alt=\"\" srcset=\"https:\/\/uniquebazaar.shop\/wp-content\/uploads\/2026\/03\/96e74598d32046e4964f1727ab58cb39.jpeg_tplv-a9rns2rl98-image_pre_watermark_1_5b_\u526f\u672c.jpg 1600w, https:\/\/uniquebazaar.shop\/wp-content\/uploads\/2026\/03\/96e74598d32046e4964f1727ab58cb39.jpeg_tplv-a9rns2rl98-image_pre_watermark_1_5b_\u526f\u672c-225x300.jpg 225w, https:\/\/uniquebazaar.shop\/wp-content\/uploads\/2026\/03\/96e74598d32046e4964f1727ab58cb39.jpeg_tplv-a9rns2rl98-image_pre_watermark_1_5b_\u526f\u672c-768x1024.jpg 768w, https:\/\/uniquebazaar.shop\/wp-content\/uploads\/2026\/03\/96e74598d32046e4964f1727ab58cb39.jpeg_tplv-a9rns2rl98-image_pre_watermark_1_5b_\u526f\u672c-1152x1536.jpg 1152w, https:\/\/uniquebazaar.shop\/wp-content\/uploads\/2026\/03\/96e74598d32046e4964f1727ab58cb39.jpeg_tplv-a9rns2rl98-image_pre_watermark_1_5b_\u526f\u672c-1536x2048.jpg 1536w, https:\/\/uniquebazaar.shop\/wp-content\/uploads\/2026\/03\/96e74598d32046e4964f1727ab58cb39.jpeg_tplv-a9rns2rl98-image_pre_watermark_1_5b_\u526f\u672c-9x12.jpg 9w, https:\/\/uniquebazaar.shop\/wp-content\/uploads\/2026\/03\/96e74598d32046e4964f1727ab58cb39.jpeg_tplv-a9rns2rl98-image_pre_watermark_1_5b_\u526f\u672c-600x800.jpg 600w\" sizes=\"(max-width: 1600px) 100vw, 1600px\" \/>\t\t\t\t\t\t\t\t\t\t\t\t\t\t\t<\/div>\n\t\t\t\t<\/div>\n\t\t\t\t<div class=\"elementor-element elementor-element-4378eacc elementor-widget elementor-widget-image\" data-id=\"4378eacc\" data-element_type=\"widget\" data-settings=\"{&quot;ekit_we_effect_on&quot;:&quot;none&quot;}\" data-widget_type=\"image.default\">\n\t\t\t\t<div class=\"elementor-widget-container\">\n\t\t\t\t\t\t\t\t\t\t\t\t\t\t\t<img loading=\"lazy\" decoding=\"async\" width=\"1600\" height=\"2133\" src=\"https:\/\/uniquebazaar.shop\/wp-content\/uploads\/2026\/03\/4200a732c53447c398fefe654bdd9774.jpeg_tplv-a9rns2rl98-image_pre_watermark_1_5b_\u526f\u672c.jpg\" class=\"attachment-full size-full wp-image-3140 wvs-archive-product-image\" alt=\"\" srcset=\"https:\/\/uniquebazaar.shop\/wp-content\/uploads\/2026\/03\/4200a732c53447c398fefe654bdd9774.jpeg_tplv-a9rns2rl98-image_pre_watermark_1_5b_\u526f\u672c.jpg 1600w, https:\/\/uniquebazaar.shop\/wp-content\/uploads\/2026\/03\/4200a732c53447c398fefe654bdd9774.jpeg_tplv-a9rns2rl98-image_pre_watermark_1_5b_\u526f\u672c-225x300.jpg 225w, https:\/\/uniquebazaar.shop\/wp-content\/uploads\/2026\/03\/4200a732c53447c398fefe654bdd9774.jpeg_tplv-a9rns2rl98-image_pre_watermark_1_5b_\u526f\u672c-768x1024.jpg 768w, https:\/\/uniquebazaar.shop\/wp-content\/uploads\/2026\/03\/4200a732c53447c398fefe654bdd9774.jpeg_tplv-a9rns2rl98-image_pre_watermark_1_5b_\u526f\u672c-1152x1536.jpg 1152w, https:\/\/uniquebazaar.shop\/wp-content\/uploads\/2026\/03\/4200a732c53447c398fefe654bdd9774.jpeg_tplv-a9rns2rl98-image_pre_watermark_1_5b_\u526f\u672c-1536x2048.jpg 1536w, https:\/\/uniquebazaar.shop\/wp-content\/uploads\/2026\/03\/4200a732c53447c398fefe654bdd9774.jpeg_tplv-a9rns2rl98-image_pre_watermark_1_5b_\u526f\u672c-9x12.jpg 9w, https:\/\/uniquebazaar.shop\/wp-content\/uploads\/2026\/03\/4200a732c53447c398fefe654bdd9774.jpeg_tplv-a9rns2rl98-image_pre_watermark_1_5b_\u526f\u672c-600x800.jpg 600w\" sizes=\"(max-width: 1600px) 100vw, 1600px\" \/>\t\t\t\t\t\t\t\t\t\t\t\t\t\t\t<\/div>\n\t\t\t\t<\/div>\n\t\t\t\t<div class=\"elementor-element elementor-element-400b2298 elementor-widget elementor-widget-text-editor\" data-id=\"400b2298\" data-element_type=\"widget\" data-settings=\"{&quot;ekit_we_effect_on&quot;:&quot;none&quot;}\" data-widget_type=\"text-editor.default\">\n\t\t\t\t<div class=\"elementor-widget-container\">\n\t\t\t\t\t\t\t\t\t<!DOCTYPE html>\n<html>\n<head>\n    <meta charset=\"UTF-8\">\n    <title>Product Attributes<\/title>\n    <style>\n        table {\n            border-collapse: collapse;\n            width: 100%; \/* \u8868\u683c\u5bbd\u5ea6\u8bbe\u4e3a100% *\/\n        }\n        th, td {\n            border: 1px solid #333;\n            padding: 10px;\n            text-align: left;\n        }\n        th {\n            background-color: #f8f8f8;\n            font-weight: bold;\n        }\n    <\/style>\n<\/head>\n<body>\n    <table>\n        <tr>\n            <td>Forma del producto<\/td>\n            <td>aglomeraci\u00f3n<\/td>\n        <\/tr>\n        <tr>\n            <td>Material<\/td>\n            <td>Arena<\/td>\n        <\/tr>\n        <tr>\n            <td>Material<\/td>\n            <td>Soja<\/td>\n        <\/tr>\n        <tr>\n            <td>Fragancia<\/td>\n            <td>Sin esencia<\/td>\n        <\/tr>\n        <tr>\n            <td>Forma del producto<\/td>\n            <td>embolsado<\/td>\n        <\/tr>\n    <\/table>\n<\/body>\n<\/html>\t\t\t\t\t\t\t\t<\/div>\n\t\t\t\t<\/div>\n\t\t\t\t\t<\/div>\n\t\t\t\t<\/div>\n\t\t\t\t<\/div>","protected":false},"excerpt":{"rendered":"<p>Product Attributes Forma del producto clumping Material Sand Material Soja Fragancia Sin esencia Forma del producto bagged<\/p>","protected":false},"featured_media":3128,"comment_status":"open","ping_status":"closed","template":"","meta":{"_acf_changed":false},"product_brand":[],"product_cat":[35],"product_tag":[],"class_list":{"0":"post-3127","1":"product","2":"type-product","3":"status-publish","4":"has-post-thumbnail","6":"product_cat-sale","8":"first","9":"instock","10":"sale","11":"shipping-taxable","12":"purchasable","13":"product-type-simple"},"acf":[],"_links":{"self":[{"href":"https:\/\/uniquebazaar.shop\/es\/wp-json\/wp\/v2\/product\/3127","targetHints":{"allow":["GET"]}}],"collection":[{"href":"https:\/\/uniquebazaar.shop\/es\/wp-json\/wp\/v2\/product"}],"about":[{"href":"https:\/\/uniquebazaar.shop\/es\/wp-json\/wp\/v2\/types\/product"}],"replies":[{"embeddable":true,"href":"https:\/\/uniquebazaar.shop\/es\/wp-json\/wp\/v2\/comments?post=3127"}],"version-history":[{"count":0,"href":"https:\/\/uniquebazaar.shop\/es\/wp-json\/wp\/v2\/product\/3127\/revisions"}],"wp:featuredmedia":[{"embeddable":true,"href":"https:\/\/uniquebazaar.shop\/es\/wp-json\/wp\/v2\/media\/3128"}],"wp:attachment":[{"href":"https:\/\/uniquebazaar.shop\/es\/wp-json\/wp\/v2\/media?parent=3127"}],"wp:term":[{"taxonomy":"product_brand","embeddable":true,"href":"https:\/\/uniquebazaar.shop\/es\/wp-json\/wp\/v2\/product_brand?post=3127"},{"taxonomy":"product_cat","embeddable":true,"href":"https:\/\/uniquebazaar.shop\/es\/wp-json\/wp\/v2\/product_cat?post=3127"},{"taxonomy":"product_tag","embeddable":true,"href":"https:\/\/uniquebazaar.shop\/es\/wp-json\/wp\/v2\/product_tag?post=3127"}],"curies":[{"name":"wp","href":"https:\/\/api.w.org\/{rel}","templated":true}]}}