{"id":2867,"date":"2026-02-01T02:41:14","date_gmt":"2026-02-01T02:41:14","guid":{"rendered":"https:\/\/uniquebazaar.shop\/?post_type=product&#038;p=2867"},"modified":"2026-02-01T02:48:02","modified_gmt":"2026-02-01T02:48:02","slug":"luz-de-emergencia-v16-obligatoria-conectada-a-dgt","status":"publish","type":"product","link":"https:\/\/uniquebazaar.shop\/es\/producto\/luz-de-emergencia-v16-obligatoria-conectada-a-dgt\/","title":{"rendered":"LUZ DE EMERGENCIA V16 Obligatoria conectada a DGT"},"content":{"rendered":"<div data-elementor-type=\"product-post\" data-elementor-id=\"2867\" class=\"elementor elementor-2867\" data-elementor-post-type=\"product\">\n\t\t\t\t<div class=\"elementor-element elementor-element-1a672d9a e-flex e-con-boxed e-con e-parent\" data-id=\"1a672d9a\" data-element_type=\"container\" data-settings=\"{&quot;ekit_has_onepagescroll_dot&quot;:&quot;yes&quot;}\">\n\t\t\t\t\t<div class=\"e-con-inner\">\n\t\t\t\t<div class=\"elementor-element elementor-element-7ba7c4a7 elementor-widget elementor-widget-text-editor\" data-id=\"7ba7c4a7\" data-element_type=\"widget\" data-settings=\"{&quot;ekit_we_effect_on&quot;:&quot;none&quot;}\" data-widget_type=\"text-editor.default\">\n\t\t\t\t<div class=\"elementor-widget-container\">\n\t\t\t\t\t\t\t\t\t&nbsp;\t\t\t\t\t\t\t\t<\/div>\n\t\t\t\t<\/div>\n\t\t\t\t\t<\/div>\n\t\t\t\t<\/div>\n\t\t<div class=\"elementor-element elementor-element-496d9735 e-flex e-con-boxed e-con e-parent\" data-id=\"496d9735\" data-element_type=\"container\" data-settings=\"{&quot;ekit_has_onepagescroll_dot&quot;:&quot;yes&quot;}\">\n\t\t\t\t\t<div class=\"e-con-inner\">\n\t\t\t\t<div class=\"elementor-element elementor-element-7ec61751 elementor-widget elementor-widget-image\" data-id=\"7ec61751\" data-element_type=\"widget\" data-settings=\"{&quot;ekit_we_effect_on&quot;:&quot;none&quot;}\" data-widget_type=\"image.default\">\n\t\t\t\t<div class=\"elementor-widget-container\">\n\t\t\t\t\t\t\t\t\t\t\t\t\t\t\t<img fetchpriority=\"high\" decoding=\"async\" width=\"600\" height=\"600\" src=\"https:\/\/uniquebazaar.shop\/wp-content\/uploads\/2026\/02\/03184be6c86547f18a6e4312f70cfcfatplv-t5fjg24jzw-resize-webp_800_800-1.webp\" class=\"attachment-large size-large wp-image-2874 wvs-archive-product-image\" alt=\"\" srcset=\"https:\/\/uniquebazaar.shop\/wp-content\/uploads\/2026\/02\/03184be6c86547f18a6e4312f70cfcfatplv-t5fjg24jzw-resize-webp_800_800-1.webp 600w, https:\/\/uniquebazaar.shop\/wp-content\/uploads\/2026\/02\/03184be6c86547f18a6e4312f70cfcfatplv-t5fjg24jzw-resize-webp_800_800-1-300x300.webp 300w, https:\/\/uniquebazaar.shop\/wp-content\/uploads\/2026\/02\/03184be6c86547f18a6e4312f70cfcfatplv-t5fjg24jzw-resize-webp_800_800-1-150x150.webp 150w, https:\/\/uniquebazaar.shop\/wp-content\/uploads\/2026\/02\/03184be6c86547f18a6e4312f70cfcfatplv-t5fjg24jzw-resize-webp_800_800-1-12x12.webp 12w, https:\/\/uniquebazaar.shop\/wp-content\/uploads\/2026\/02\/03184be6c86547f18a6e4312f70cfcfatplv-t5fjg24jzw-resize-webp_800_800-1-100x100.webp 100w, https:\/\/uniquebazaar.shop\/wp-content\/uploads\/2026\/02\/03184be6c86547f18a6e4312f70cfcfatplv-t5fjg24jzw-resize-webp_800_800-1-50x50.webp 50w\" sizes=\"(max-width: 600px) 100vw, 600px\" \/>\t\t\t\t\t\t\t\t\t\t\t\t\t\t\t<\/div>\n\t\t\t\t<\/div>\n\t\t\t\t<div class=\"elementor-element elementor-element-711eee07 elementor-widget elementor-widget-image\" data-id=\"711eee07\" data-element_type=\"widget\" data-settings=\"{&quot;ekit_we_effect_on&quot;:&quot;none&quot;}\" data-widget_type=\"image.default\">\n\t\t\t\t<div class=\"elementor-widget-container\">\n\t\t\t\t\t\t\t\t\t\t\t\t\t\t\t<img decoding=\"async\" width=\"800\" height=\"800\" src=\"https:\/\/uniquebazaar.shop\/wp-content\/uploads\/2026\/02\/2116cc507e1d42d4bff7f18d5f488714tplv-t5fjg24jzw-resize-webp_800_800-3.webp\" class=\"attachment-large size-large wp-image-2875 wvs-archive-product-image\" alt=\"\" srcset=\"https:\/\/uniquebazaar.shop\/wp-content\/uploads\/2026\/02\/2116cc507e1d42d4bff7f18d5f488714tplv-t5fjg24jzw-resize-webp_800_800-3.webp 800w, https:\/\/uniquebazaar.shop\/wp-content\/uploads\/2026\/02\/2116cc507e1d42d4bff7f18d5f488714tplv-t5fjg24jzw-resize-webp_800_800-3-300x300.webp 300w, https:\/\/uniquebazaar.shop\/wp-content\/uploads\/2026\/02\/2116cc507e1d42d4bff7f18d5f488714tplv-t5fjg24jzw-resize-webp_800_800-3-150x150.webp 150w, https:\/\/uniquebazaar.shop\/wp-content\/uploads\/2026\/02\/2116cc507e1d42d4bff7f18d5f488714tplv-t5fjg24jzw-resize-webp_800_800-3-768x768.webp 768w, https:\/\/uniquebazaar.shop\/wp-content\/uploads\/2026\/02\/2116cc507e1d42d4bff7f18d5f488714tplv-t5fjg24jzw-resize-webp_800_800-3-12x12.webp 12w, https:\/\/uniquebazaar.shop\/wp-content\/uploads\/2026\/02\/2116cc507e1d42d4bff7f18d5f488714tplv-t5fjg24jzw-resize-webp_800_800-3-600x600.webp 600w, https:\/\/uniquebazaar.shop\/wp-content\/uploads\/2026\/02\/2116cc507e1d42d4bff7f18d5f488714tplv-t5fjg24jzw-resize-webp_800_800-3-100x100.webp 100w, https:\/\/uniquebazaar.shop\/wp-content\/uploads\/2026\/02\/2116cc507e1d42d4bff7f18d5f488714tplv-t5fjg24jzw-resize-webp_800_800-3-50x50.webp 50w\" sizes=\"(max-width: 800px) 100vw, 800px\" \/>\t\t\t\t\t\t\t\t\t\t\t\t\t\t\t<\/div>\n\t\t\t\t<\/div>\n\t\t\t\t<div class=\"elementor-element elementor-element-593e38f2 elementor-widget elementor-widget-image\" data-id=\"593e38f2\" data-element_type=\"widget\" data-settings=\"{&quot;ekit_we_effect_on&quot;:&quot;none&quot;}\" data-widget_type=\"image.default\">\n\t\t\t\t<div class=\"elementor-widget-container\">\n\t\t\t\t\t\t\t\t\t\t\t\t\t\t\t<img decoding=\"async\" width=\"800\" height=\"800\" src=\"https:\/\/uniquebazaar.shop\/wp-content\/uploads\/2026\/02\/s-l1600-1-3.webp\" class=\"attachment-large size-large wp-image-2876 wvs-archive-product-image\" alt=\"\" srcset=\"https:\/\/uniquebazaar.shop\/wp-content\/uploads\/2026\/02\/s-l1600-1-3.webp 1000w, https:\/\/uniquebazaar.shop\/wp-content\/uploads\/2026\/02\/s-l1600-1-3-300x300.webp 300w, https:\/\/uniquebazaar.shop\/wp-content\/uploads\/2026\/02\/s-l1600-1-3-150x150.webp 150w, https:\/\/uniquebazaar.shop\/wp-content\/uploads\/2026\/02\/s-l1600-1-3-768x768.webp 768w, https:\/\/uniquebazaar.shop\/wp-content\/uploads\/2026\/02\/s-l1600-1-3-12x12.webp 12w, https:\/\/uniquebazaar.shop\/wp-content\/uploads\/2026\/02\/s-l1600-1-3-600x600.webp 600w, https:\/\/uniquebazaar.shop\/wp-content\/uploads\/2026\/02\/s-l1600-1-3-100x100.webp 100w, https:\/\/uniquebazaar.shop\/wp-content\/uploads\/2026\/02\/s-l1600-1-3-50x50.webp 50w\" sizes=\"(max-width: 800px) 100vw, 800px\" \/>\t\t\t\t\t\t\t\t\t\t\t\t\t\t\t<\/div>\n\t\t\t\t<\/div>\n\t\t\t\t<div class=\"elementor-element elementor-element-e06943b elementor-widget elementor-widget-image\" data-id=\"e06943b\" data-element_type=\"widget\" data-settings=\"{&quot;ekit_we_effect_on&quot;:&quot;none&quot;}\" data-widget_type=\"image.default\">\n\t\t\t\t<div class=\"elementor-widget-container\">\n\t\t\t\t\t\t\t\t\t\t\t\t\t\t\t<img loading=\"lazy\" decoding=\"async\" width=\"800\" height=\"800\" src=\"https:\/\/uniquebazaar.shop\/wp-content\/uploads\/2026\/02\/s-l1600-3-3.webp\" class=\"attachment-large size-large wp-image-2877 wvs-archive-product-image\" alt=\"\" srcset=\"https:\/\/uniquebazaar.shop\/wp-content\/uploads\/2026\/02\/s-l1600-3-3.webp 1000w, https:\/\/uniquebazaar.shop\/wp-content\/uploads\/2026\/02\/s-l1600-3-3-300x300.webp 300w, https:\/\/uniquebazaar.shop\/wp-content\/uploads\/2026\/02\/s-l1600-3-3-150x150.webp 150w, https:\/\/uniquebazaar.shop\/wp-content\/uploads\/2026\/02\/s-l1600-3-3-768x768.webp 768w, https:\/\/uniquebazaar.shop\/wp-content\/uploads\/2026\/02\/s-l1600-3-3-12x12.webp 12w, https:\/\/uniquebazaar.shop\/wp-content\/uploads\/2026\/02\/s-l1600-3-3-600x600.webp 600w, https:\/\/uniquebazaar.shop\/wp-content\/uploads\/2026\/02\/s-l1600-3-3-100x100.webp 100w, https:\/\/uniquebazaar.shop\/wp-content\/uploads\/2026\/02\/s-l1600-3-3-50x50.webp 50w\" sizes=\"(max-width: 800px) 100vw, 800px\" \/>\t\t\t\t\t\t\t\t\t\t\t\t\t\t\t<\/div>\n\t\t\t\t<\/div>\n\t\t\t\t<div class=\"elementor-element elementor-element-1ef552e5 elementor-widget elementor-widget-image\" data-id=\"1ef552e5\" data-element_type=\"widget\" data-settings=\"{&quot;ekit_we_effect_on&quot;:&quot;none&quot;}\" data-widget_type=\"image.default\">\n\t\t\t\t<div class=\"elementor-widget-container\">\n\t\t\t\t\t\t\t\t\t\t\t\t\t\t\t<img loading=\"lazy\" decoding=\"async\" width=\"800\" height=\"800\" src=\"https:\/\/uniquebazaar.shop\/wp-content\/uploads\/2026\/02\/s-l1600-10.webp\" class=\"attachment-large size-large wp-image-2878 wvs-archive-product-image\" alt=\"\" srcset=\"https:\/\/uniquebazaar.shop\/wp-content\/uploads\/2026\/02\/s-l1600-10.webp 1000w, https:\/\/uniquebazaar.shop\/wp-content\/uploads\/2026\/02\/s-l1600-10-300x300.webp 300w, https:\/\/uniquebazaar.shop\/wp-content\/uploads\/2026\/02\/s-l1600-10-150x150.webp 150w, https:\/\/uniquebazaar.shop\/wp-content\/uploads\/2026\/02\/s-l1600-10-768x768.webp 768w, https:\/\/uniquebazaar.shop\/wp-content\/uploads\/2026\/02\/s-l1600-10-12x12.webp 12w, https:\/\/uniquebazaar.shop\/wp-content\/uploads\/2026\/02\/s-l1600-10-600x600.webp 600w, https:\/\/uniquebazaar.shop\/wp-content\/uploads\/2026\/02\/s-l1600-10-100x100.webp 100w, https:\/\/uniquebazaar.shop\/wp-content\/uploads\/2026\/02\/s-l1600-10-50x50.webp 50w\" sizes=\"(max-width: 800px) 100vw, 800px\" \/>\t\t\t\t\t\t\t\t\t\t\t\t\t\t\t<\/div>\n\t\t\t\t<\/div>\n\t\t\t\t<div class=\"elementor-element elementor-element-66ca2851 elementor-widget elementor-widget-text-editor\" data-id=\"66ca2851\" data-element_type=\"widget\" data-settings=\"{&quot;ekit_we_effect_on&quot;:&quot;none&quot;}\" data-widget_type=\"text-editor.default\">\n\t\t\t\t<div class=\"elementor-widget-container\">\n\t\t\t\t\t\t\t\t\t<div class=\"elementor-widget-container\"># Informaci\u00f3n del producto\n<div class=\"product-table\"><div class=\"product-row\"><div class=\"product-label\">Caracter\u00edsticas especiales<\/div><div class=\"product-value\">Cumplimiento normativo DGT, Iluminaci\u00f3n LED de alta luminosidad, Bater\u00eda de respaldo, Resistente al polvo y al agua, Indicador de funcionamiento<\/div><\/div><div class=\"product-row\"><div class=\"product-label\"><strong>Color<\/strong><\/div><div class=\"product-value\"><strong>Blanco con letras rojas<\/strong><\/div><\/div><div class=\"product-row\"><div class=\"product-label\"><strong>Marca<\/strong><\/div><div class=\"product-value\"><strong>V16<\/strong><\/div><\/div><div class=\"product-row\"><div class=\"product-label\"><strong>Dimensiones del producto<\/strong><\/div><div class=\"product-value\"><strong>30 cm an. x 20 cm alt. x 8 cm prof.<\/strong><\/div><\/div><div class=\"product-row\"><div class=\"product-label\"><strong>Peso del art\u00edculo<\/strong><\/div><div class=\"product-value\"><strong>1,5 kg<\/strong><\/div><\/div><div class=\"product-row\"><div class=\"product-label\"><strong>Componentes incluidos<\/strong><\/div><div class=\"product-value\"><strong>1 Luz de salida de emergencia V16, 1 Kit de fijaci\u00f3n de pared, 1 Cable de conexi\u00f3n el\u00e9ctrica, 1 Manual de instalaci\u00f3n y uso<\/strong><\/div><\/div><div class=\"product-row\"><div class=\"product-label\"><strong>Fabricante<\/strong><\/div><div class=\"product-value\"><strong>V16 Seguridad<\/strong><\/div><\/div><div class=\"product-row\"><div class=\"product-label\"><strong>ASIN<\/strong><\/div><div class=\"product-value\"><strong>B0F9K2M8XP<\/strong><\/div><\/div><div class=\"product-row\"><div class=\"product-label\"><strong>N\u00famero de modelo del producto<\/strong><\/div><div class=\"product-value\"><strong>V16-SE-01<\/strong><\/div><\/div><div class=\"product-row\"><div class=\"product-label\"><strong>Opini\u00f3n media de los clientes<\/strong><\/div><div class=\"product-value\"><strong>4,8 \u2605\u2605\u2605\u2605\u2605 (426) 4,8 de 5 estrellas<\/strong><\/div><\/div><div class=\"product-row\"><div class=\"product-label\"><strong>Clasificaci\u00f3n en los m\u00e1s vendidos de Amazon<\/strong><\/div><div class=\"product-value\"><strong>n\u00ba7 en Iluminaci\u00f3n de Seguridad, n\u00ba3 en Luces de Salida de Emergencia<\/strong><\/div><\/div><div class=\"product-row\"><div class=\"product-label\"><strong>Producto en amazon.com desde<\/strong><\/div><div class=\"product-value\"><strong>28 de febrero de 2025<\/strong><\/div><\/div><\/div>\n<style>.product-table {width: 100%;border-top: 1px solid #000;font-family: Arial, sans-serif;}\n.product-row {display: flex;border-bottom: 1px solid #000;padding: 12px 0;}\n.product-label {flex: 1;font-weight: bold;min-width: 200px;padding-right: 20px;}\n.product-value {flex: 1;min-width: 200px;}<\/style> <\/div>\t\t\t\t\t\t\t\t<\/div>\n\t\t\t\t<\/div>\n\t\t\t\t\t<\/div>\n\t\t\t\t<\/div>\n\t\t\t\t<\/div>","protected":false},"excerpt":{"rendered":"<p>&nbsp; # Informaci\u00f3n del producto Caracter\u00edsticas especialesCumplimiento normativo DGT, Iluminaci\u00f3n LED de alta luminosidad, Bater\u00eda de respaldo, Resistente al polvo y agua, Indicador de funcionamientoColorBlanco con letras rojasMarcaV16Dimensiones del producto30 cm an. x 20 cm alt. x 8 cm prof.Peso del art\u00edculo1,5 kgComponentes incluidos1 Luz de salida de emergencia V16, 1 Kit de fijaci\u00f3n de [&hellip;]<\/p>","protected":false},"featured_media":2868,"comment_status":"open","ping_status":"closed","template":"","meta":{"_acf_changed":false},"product_brand":[],"product_cat":[35],"product_tag":[],"class_list":{"0":"post-2867","1":"product","2":"type-product","3":"status-publish","4":"has-post-thumbnail","6":"product_cat-sale","8":"first","9":"instock","10":"sale","11":"shipping-taxable","12":"purchasable","13":"product-type-simple"},"acf":[],"_links":{"self":[{"href":"https:\/\/uniquebazaar.shop\/es\/wp-json\/wp\/v2\/product\/2867","targetHints":{"allow":["GET"]}}],"collection":[{"href":"https:\/\/uniquebazaar.shop\/es\/wp-json\/wp\/v2\/product"}],"about":[{"href":"https:\/\/uniquebazaar.shop\/es\/wp-json\/wp\/v2\/types\/product"}],"replies":[{"embeddable":true,"href":"https:\/\/uniquebazaar.shop\/es\/wp-json\/wp\/v2\/comments?post=2867"}],"version-history":[{"count":0,"href":"https:\/\/uniquebazaar.shop\/es\/wp-json\/wp\/v2\/product\/2867\/revisions"}],"wp:featuredmedia":[{"embeddable":true,"href":"https:\/\/uniquebazaar.shop\/es\/wp-json\/wp\/v2\/media\/2868"}],"wp:attachment":[{"href":"https:\/\/uniquebazaar.shop\/es\/wp-json\/wp\/v2\/media?parent=2867"}],"wp:term":[{"taxonomy":"product_brand","embeddable":true,"href":"https:\/\/uniquebazaar.shop\/es\/wp-json\/wp\/v2\/product_brand?post=2867"},{"taxonomy":"product_cat","embeddable":true,"href":"https:\/\/uniquebazaar.shop\/es\/wp-json\/wp\/v2\/product_cat?post=2867"},{"taxonomy":"product_tag","embeddable":true,"href":"https:\/\/uniquebazaar.shop\/es\/wp-json\/wp\/v2\/product_tag?post=2867"}],"curies":[{"name":"wp","href":"https:\/\/api.w.org\/{rel}","templated":true}]}}