{"id":2820,"date":"2026-01-19T04:08:46","date_gmt":"2026-01-19T04:08:46","guid":{"rendered":"https:\/\/uniquebazaar.shop\/?post_type=product&#038;p=2820"},"modified":"2026-01-29T16:51:49","modified_gmt":"2026-01-29T16:51:49","slug":"eigotrav-arrancador-de-bateria-de-coche-portatil-con-compresor-de-aire-arrancador-de-bateria-de-coche-6000a-90-gas-diesel-65l-con-150psi-inflador-de-neumaticos-digital-temperatura-20-c-a-7","status":"publish","type":"product","link":"https:\/\/uniquebazaar.shop\/es\/producto\/eigotrav-arrancador-de-bateria-de-coche-portatil-con-compresor-de-aire-arrancador-de-bateria-de-coche-6000a-90-gas-diesel-65l-con-150psi-inflador-de-neumaticos-digital-temperatura-20-c-a-7\/","title":{"rendered":"EIGOTRAV-arrancador de bater\u00eda de coche port\u00e1til con , compresor de aire, arrancador de bater\u00eda de coche 6000A (9,0 Gas \/ di\u00e9sel 6,5L) con 150PSI, Inflador de neum\u00e1ticos Digital, temperatura-20 'C a 70' \u2103 TikTokShopBlackFriday"},"content":{"rendered":"<p><img fetchpriority=\"high\" decoding=\"async\" class=\"aligncenter\" src=\"https:\/\/uniquebazaar.shop\/wp-content\/uploads\/2026\/01\/2-48.jpg\" sizes=\"(max-width: 800px) 100vw, 800px\" srcset=\"https:\/\/uniquebazaar.shop\/wp-content\/uploads\/2026\/01\/2-48.jpg 970w, https:\/\/uniquebazaar.shop\/wp-content\/uploads\/2026\/01\/2-48-300x186_1.jpg 300w, https:\/\/uniquebazaar.shop\/wp-content\/uploads\/2026\/01\/2-48-768x475_1.jpg 768w, https:\/\/uniquebazaar.shop\/wp-content\/uploads\/2026\/01\/2-48-600x371_1.jpg 600w\" alt=\"\" width=\"800\" height=\"495\" \/><br \/>\n<img decoding=\"async\" class=\"aligncenter\" src=\"https:\/\/uniquebazaar.shop\/wp-content\/uploads\/2026\/01\/1-42.jpg\" sizes=\"(max-width: 800px) 100vw, 800px\" srcset=\"https:\/\/uniquebazaar.shop\/wp-content\/uploads\/2026\/01\/1-42.jpg 970w, https:\/\/uniquebazaar.shop\/wp-content\/uploads\/2026\/01\/1-42-300x186_1.jpg 300w, https:\/\/uniquebazaar.shop\/wp-content\/uploads\/2026\/01\/1-42-768x475_1.jpg 768w, https:\/\/uniquebazaar.shop\/wp-content\/uploads\/2026\/01\/1-42-600x371_1.jpg 600w\" alt=\"\" width=\"800\" height=\"495\" \/><br \/>\n<img decoding=\"async\" class=\"aligncenter\" src=\"https:\/\/uniquebazaar.shop\/wp-content\/uploads\/2026\/01\/3-43.jpg\" sizes=\"(max-width: 800px) 100vw, 800px\" srcset=\"https:\/\/uniquebazaar.shop\/wp-content\/uploads\/2026\/01\/3-43.jpg 970w, https:\/\/uniquebazaar.shop\/wp-content\/uploads\/2026\/01\/3-43-300x186_1.jpg 300w, https:\/\/uniquebazaar.shop\/wp-content\/uploads\/2026\/01\/3-43-768x475_1.jpg 768w, https:\/\/uniquebazaar.shop\/wp-content\/uploads\/2026\/01\/3-43-600x371_1.jpg 600w\" alt=\"\" width=\"800\" height=\"495\" \/><\/p>\n<ul>\n<li>[Este potente arrancador combina 7 pr\u00e1cticas funciones para todas sus necesidades: arrancador, compresor de aire, medidor de presi\u00f3n de neum\u00e1ticos, iluminaci\u00f3n de 3 niveles (linterna, luz estrobosc\u00f3pica, SOS) y banco de energ\u00eda port\u00e1til.<\/li>\n<li>Arrancador de coche de 6000 A de pico: con una corriente de pico de 6000 A y pinzas de arranque inteligentes, el arrancador de coche PD-JA2 puede arrancar sus veh\u00edculos de 12 V (hasta 7,5 L gasolina y 6 L diesel) en segundos, incluso a temperaturas de -20 \u00b0C a 70 \u00b0C.<\/li>\n<li>[Compresor de 150 PSI] El compresor tiene 5 modos preestablecidos (coches, motos, bicicletas, pelotas y personalizado) y 3 unidades de presi\u00f3n (PSI, BAR, KPA), se detiene autom\u00e1ticamente cuando se alcanza el valor preestablecido. Ofrece una presi\u00f3n de aire m\u00e1xima de 150 PSI e incluye 4 boquillas para diferentes necesidades.<\/li>\n<\/ul>","protected":false},"excerpt":{"rendered":"<p>[7-in-1 Jump Starter Power Bank] This powerful jump starter combines 7 practical functions for all your needs: jump starter, air compressor, tyre pressure gauge, 3-level lighting (torch, strobe, SOS) and portable power bank. 6000 A peak car jump starter: with 6000 A peak current and intelligent starter clamps, the car jump starter PD-JA2 can start [&hellip;]<\/p>","protected":false},"featured_media":2823,"comment_status":"open","ping_status":"closed","template":"","meta":{"_acf_changed":false},"product_brand":[],"product_cat":[41],"product_tag":[],"class_list":{"0":"post-2820","1":"product","2":"type-product","3":"status-publish","4":"has-post-thumbnail","6":"product_cat-home-living","8":"first","9":"instock","10":"sale","11":"shipping-taxable","12":"purchasable","13":"product-type-variable","14":"has-default-attributes","15":"wvs-archive-product-wrapper"},"acf":[],"_links":{"self":[{"href":"https:\/\/uniquebazaar.shop\/es\/wp-json\/wp\/v2\/product\/2820","targetHints":{"allow":["GET"]}}],"collection":[{"href":"https:\/\/uniquebazaar.shop\/es\/wp-json\/wp\/v2\/product"}],"about":[{"href":"https:\/\/uniquebazaar.shop\/es\/wp-json\/wp\/v2\/types\/product"}],"replies":[{"embeddable":true,"href":"https:\/\/uniquebazaar.shop\/es\/wp-json\/wp\/v2\/comments?post=2820"}],"version-history":[{"count":0,"href":"https:\/\/uniquebazaar.shop\/es\/wp-json\/wp\/v2\/product\/2820\/revisions"}],"wp:featuredmedia":[{"embeddable":true,"href":"https:\/\/uniquebazaar.shop\/es\/wp-json\/wp\/v2\/media\/2823"}],"wp:attachment":[{"href":"https:\/\/uniquebazaar.shop\/es\/wp-json\/wp\/v2\/media?parent=2820"}],"wp:term":[{"taxonomy":"product_brand","embeddable":true,"href":"https:\/\/uniquebazaar.shop\/es\/wp-json\/wp\/v2\/product_brand?post=2820"},{"taxonomy":"product_cat","embeddable":true,"href":"https:\/\/uniquebazaar.shop\/es\/wp-json\/wp\/v2\/product_cat?post=2820"},{"taxonomy":"product_tag","embeddable":true,"href":"https:\/\/uniquebazaar.shop\/es\/wp-json\/wp\/v2\/product_tag?post=2820"}],"curies":[{"name":"wp","href":"https:\/\/api.w.org\/{rel}","templated":true}]}}