{"id":2755,"date":"2026-01-09T01:30:57","date_gmt":"2026-01-09T01:30:57","guid":{"rendered":"https:\/\/uniquebazaar.shop\/?post_type=product&#038;p=2755"},"modified":"2026-01-09T01:36:31","modified_gmt":"2026-01-09T01:36:31","slug":"spztjk-robot-de-corte-electrico-multifuncional-de%ef%bc%8c-picadora-de-carne-electrica-multifuncion-trituradora-dos-cuencos%ef%bc%88acero-inoxidable-y-vidrio%ef%bc%89y-cuchillas%ef%bc%8cpara-picar-y","status":"publish","type":"product","link":"https:\/\/uniquebazaar.shop\/es\/producto\/spztjk-robot-de-corte-electrico-multifuncional-de%ef%bc%8c-picadora-de-carne-electrica-multifuncion-trituradora-dos-cuencos%ef%bc%88acero-inoxidable-y-vidrio%ef%bc%89y-cuchillas%ef%bc%8cpara-picar-y\/","title":{"rendered":"SPZTJK Robot de corte el\u00e9ctrico multifuncional de\uff0c picadora de carne el\u00e9ctrica multifunci\u00f3n, trituradora, dos cuencos\uff08acero inoxidable y vidrio\uff09y cuchillas\uff0cpara picar y triturar, ideal para verduras, ajo, ensalada, alimentos para beb\u00e9s"},"content":{"rendered":"<p><img fetchpriority=\"high\" decoding=\"async\" class=\"aligncenter\" src=\"https:\/\/uniquebazaar.shop\/wp-content\/uploads\/2026\/01\/63f6a899-efae-4533-885b-1b25f23ab90d.__CR041464600_PT0_SX1464_V1___-1024x420.jpg\" sizes=\"(max-width: 800px) 100vw, 800px\" srcset=\"https:\/\/uniquebazaar.shop\/wp-content\/uploads\/2026\/01\/63f6a899-efae-4533-885b-1b25f23ab90d.__CR041464600_PT0_SX1464_V1___-1024x420.jpg 1024w, https:\/\/uniquebazaar.shop\/wp-content\/uploads\/2026\/01\/63f6a899-efae-4533-885b-1b25f23ab90d.__CR041464600_PT0_SX1464_V1___-300x123.jpg 300w, https:\/\/uniquebazaar.shop\/wp-content\/uploads\/2026\/01\/63f6a899-efae-4533-885b-1b25f23ab90d.__CR041464600_PT0_SX1464_V1___-768x315.jpg 768w, https:\/\/uniquebazaar.shop\/wp-content\/uploads\/2026\/01\/63f6a899-efae-4533-885b-1b25f23ab90d.__CR041464600_PT0_SX1464_V1___-600x246.jpg 600w, https:\/\/uniquebazaar.shop\/wp-content\/uploads\/2026\/01\/63f6a899-efae-4533-885b-1b25f23ab90d.__CR041464600_PT0_SX1464_V1.jpg 1464w\" alt=\"\" width=\"800\" height=\"328\" \/><br \/>\n<img decoding=\"async\" class=\"aligncenter\" src=\"https:\/\/uniquebazaar.shop\/wp-content\/uploads\/2026\/01\/6d6470a3-d219-4be2-9842-bb68a80471b7.__CR051464600_PT0_SX1464_V1___-1024x420.jpg\" sizes=\"(max-width: 800px) 100vw, 800px\" srcset=\"https:\/\/uniquebazaar.shop\/wp-content\/uploads\/2026\/01\/6d6470a3-d219-4be2-9842-bb68a80471b7.__CR051464600_PT0_SX1464_V1___-1024x420.jpg 1024w, https:\/\/uniquebazaar.shop\/wp-content\/uploads\/2026\/01\/6d6470a3-d219-4be2-9842-bb68a80471b7.__CR051464600_PT0_SX1464_V1___-300x123.jpg 300w, https:\/\/uniquebazaar.shop\/wp-content\/uploads\/2026\/01\/6d6470a3-d219-4be2-9842-bb68a80471b7.__CR051464600_PT0_SX1464_V1___-768x315.jpg 768w, https:\/\/uniquebazaar.shop\/wp-content\/uploads\/2026\/01\/6d6470a3-d219-4be2-9842-bb68a80471b7.__CR051464600_PT0_SX1464_V1___-600x246.jpg 600w, https:\/\/uniquebazaar.shop\/wp-content\/uploads\/2026\/01\/6d6470a3-d219-4be2-9842-bb68a80471b7.__CR051464600_PT0_SX1464_V1.jpg 1464w\" alt=\"\" width=\"800\" height=\"328\" \/><br \/>\n<img decoding=\"async\" class=\"aligncenter\" src=\"https:\/\/uniquebazaar.shop\/wp-content\/uploads\/2026\/01\/e0d9f797-af65-40b6-ad4c-042e921b48d4.__CR001464600_PT0_SX1464_V1___-1024x420.jpg\" sizes=\"(max-width: 800px) 100vw, 800px\" srcset=\"https:\/\/uniquebazaar.shop\/wp-content\/uploads\/2026\/01\/e0d9f797-af65-40b6-ad4c-042e921b48d4.__CR001464600_PT0_SX1464_V1___-1024x420.jpg 1024w, https:\/\/uniquebazaar.shop\/wp-content\/uploads\/2026\/01\/e0d9f797-af65-40b6-ad4c-042e921b48d4.__CR001464600_PT0_SX1464_V1___-300x123.jpg 300w, https:\/\/uniquebazaar.shop\/wp-content\/uploads\/2026\/01\/e0d9f797-af65-40b6-ad4c-042e921b48d4.__CR001464600_PT0_SX1464_V1___-768x315.jpg 768w, https:\/\/uniquebazaar.shop\/wp-content\/uploads\/2026\/01\/e0d9f797-af65-40b6-ad4c-042e921b48d4.__CR001464600_PT0_SX1464_V1___-600x246.jpg 600w, https:\/\/uniquebazaar.shop\/wp-content\/uploads\/2026\/01\/e0d9f797-af65-40b6-ad4c-042e921b48d4.__CR001464600_PT0_SX1464_V1.jpg 1464w\" alt=\"\" width=\"800\" height=\"328\" \/><br \/>\n<img loading=\"lazy\" decoding=\"async\" class=\"aligncenter\" src=\"https:\/\/uniquebazaar.shop\/wp-content\/uploads\/2026\/01\/75a67140-f4da-4e49-81bf-d661fdb95d5c.__CR031464600_PT0_SX1464_V1___-1024x420.jpg\" sizes=\"(max-width: 800px) 100vw, 800px\" srcset=\"https:\/\/uniquebazaar.shop\/wp-content\/uploads\/2026\/01\/75a67140-f4da-4e49-81bf-d661fdb95d5c.__CR031464600_PT0_SX1464_V1___-1024x420.jpg 1024w, https:\/\/uniquebazaar.shop\/wp-content\/uploads\/2026\/01\/75a67140-f4da-4e49-81bf-d661fdb95d5c.__CR031464600_PT0_SX1464_V1___-300x123.jpg 300w, https:\/\/uniquebazaar.shop\/wp-content\/uploads\/2026\/01\/75a67140-f4da-4e49-81bf-d661fdb95d5c.__CR031464600_PT0_SX1464_V1___-768x315.jpg 768w, https:\/\/uniquebazaar.shop\/wp-content\/uploads\/2026\/01\/75a67140-f4da-4e49-81bf-d661fdb95d5c.__CR031464600_PT0_SX1464_V1___-600x246.jpg 600w, https:\/\/uniquebazaar.shop\/wp-content\/uploads\/2026\/01\/75a67140-f4da-4e49-81bf-d661fdb95d5c.__CR031464600_PT0_SX1464_V1.jpg 1464w\" alt=\"\" width=\"800\" height=\"328\" \/><\/p>\n<ul>\n<li>\u3010Dos velocidades ajustables\u3011La velocidad baja es ideal para alimentos blandos, mientras que la velocidad alta permite procesar alimentos duros con facilidad. Satisface diversas necesidades, evita el triturado excesivo o irregular y conserva el mejor sabor de los alimentos.<\/li>\n<li>\u3010Potente motor\u3011Procesa grandes cantidades de alimentos con facilidad, ahorrando tiempo en la cocina. Cuenta con protecci\u00f3n contra sobrecalentamiento y es duradero, ideal para preparar la comida diaria de la familia, incluyendo la de los ni\u00f1os.<\/li>\n<li>\u3010Dos recipientes para una cocina organizada\u3011Incluye un recipiente de pl\u00e1stico y otro de acero inoxidable, lo que permite preparar diferentes ingredientes simult\u00e1neamente, garantizando un proceso de cocci\u00f3n fluido y satisfaciendo todas las necesidades de preparaci\u00f3n de alimentos de su familia.<\/li>\n<li>\u3010F\u00e1cil de limpiar\u3011Esta picadora de carne cuenta con componentes desmontables para una limpieza sin esfuerzo. Simplemente retire las cuchillas despu\u00e9s de usarla y enju\u00e1guelas con agua, sin dejar residuos de comida. Garantiza la higiene y la convierte en una opci\u00f3n pr\u00e1ctica para su cocina.<\/li>\n<\/ul>","protected":false},"excerpt":{"rendered":"<p>\u3010Dos velocidades ajustables\u3011La velocidad baja es ideal para alimentos blandos, mientras que la velocidad alta permite procesar alimentos duros con facilidad. Satisface diversas necesidades, evita el triturado excesivo o irregular y conserva el mejor sabor de los alimentos. \u3010Potente motor\u3011Procesa grandes cantidades de alimentos con facilidad, ahorrando tiempo en la cocina. Cuenta con protecci\u00f3n contra [&hellip;]<\/p>","protected":false},"featured_media":2756,"comment_status":"open","ping_status":"closed","template":"","meta":{"_acf_changed":false},"product_brand":[],"product_cat":[41],"product_tag":[],"class_list":{"0":"post-2755","1":"product","2":"type-product","3":"status-publish","4":"has-post-thumbnail","6":"product_cat-home-living","8":"first","9":"instock","10":"sale","11":"shipping-taxable","12":"purchasable","13":"product-type-simple"},"acf":[],"_links":{"self":[{"href":"https:\/\/uniquebazaar.shop\/es\/wp-json\/wp\/v2\/product\/2755","targetHints":{"allow":["GET"]}}],"collection":[{"href":"https:\/\/uniquebazaar.shop\/es\/wp-json\/wp\/v2\/product"}],"about":[{"href":"https:\/\/uniquebazaar.shop\/es\/wp-json\/wp\/v2\/types\/product"}],"replies":[{"embeddable":true,"href":"https:\/\/uniquebazaar.shop\/es\/wp-json\/wp\/v2\/comments?post=2755"}],"version-history":[{"count":0,"href":"https:\/\/uniquebazaar.shop\/es\/wp-json\/wp\/v2\/product\/2755\/revisions"}],"wp:featuredmedia":[{"embeddable":true,"href":"https:\/\/uniquebazaar.shop\/es\/wp-json\/wp\/v2\/media\/2756"}],"wp:attachment":[{"href":"https:\/\/uniquebazaar.shop\/es\/wp-json\/wp\/v2\/media?parent=2755"}],"wp:term":[{"taxonomy":"product_brand","embeddable":true,"href":"https:\/\/uniquebazaar.shop\/es\/wp-json\/wp\/v2\/product_brand?post=2755"},{"taxonomy":"product_cat","embeddable":true,"href":"https:\/\/uniquebazaar.shop\/es\/wp-json\/wp\/v2\/product_cat?post=2755"},{"taxonomy":"product_tag","embeddable":true,"href":"https:\/\/uniquebazaar.shop\/es\/wp-json\/wp\/v2\/product_tag?post=2755"}],"curies":[{"name":"wp","href":"https:\/\/api.w.org\/{rel}","templated":true}]}}