{"id":2697,"date":"2025-12-24T04:09:24","date_gmt":"2025-12-24T04:09:24","guid":{"rendered":"https:\/\/uniquebazaar.shop\/?post_type=product&#038;p=2697"},"modified":"2025-12-24T04:20:23","modified_gmt":"2025-12-24T04:20:23","slug":"tiktokshopblackfriday-lewinner-altavoz-bluetooth-emparejamiento-tws-escuchar-150-canciones-seguidas-sin-parar-altavoces-duales-de-60w-ipx5-resistente-al-agua-portatil-bajo-luz-rgb-para-exterio","status":"publish","type":"product","link":"https:\/\/uniquebazaar.shop\/es\/producto\/tiktokshopblackfriday-lewinner-altavoz-bluetooth-emparejamiento-tws-escuchar-150-canciones-seguidas-sin-parar-altavoces-duales-de-60w-ipx5-resistente-al-agua-portatil-bajo-luz-rgb-para-exterio\/","title":{"rendered":"TikTokShopBlackFriday Lewinner-Altavoz Bluetooth, emparejamiento TWS, escuchar 150 canciones seguidas sin parar, altavoces duales de 60W, IPX5 resistente al agua, port\u00e1til, bajo, luz RGB, para exteriores, regalo"},"content":{"rendered":"<p><img fetchpriority=\"high\" decoding=\"async\" class=\"aligncenter\" src=\"https:\/\/uniquebazaar.shop\/wp-content\/uploads\/2025\/12\/2-112.jpg\" sizes=\"(max-width: 425px) 100vw, 425px\" srcset=\"https:\/\/uniquebazaar.shop\/wp-content\/uploads\/2025\/12\/2-112.jpg 425w, https:\/\/uniquebazaar.shop\/wp-content\/uploads\/2025\/12\/2-112-300x300_1.jpg 300w, https:\/\/uniquebazaar.shop\/wp-content\/uploads\/2025\/12\/2-112-150x150_1.jpg 150w, https:\/\/uniquebazaar.shop\/wp-content\/uploads\/2025\/12\/2-112-100x100_1.jpg 100w, https:\/\/uniquebazaar.shop\/wp-content\/uploads\/2025\/12\/2-112-50x50_1.jpg 50w\" alt=\"\" width=\"425\" height=\"425\" \/><br \/>\n<img decoding=\"async\" class=\"aligncenter\" src=\"https:\/\/uniquebazaar.shop\/wp-content\/uploads\/2025\/12\/1-125.jpg\" sizes=\"(max-width: 425px) 100vw, 425px\" srcset=\"https:\/\/uniquebazaar.shop\/wp-content\/uploads\/2025\/12\/1-125.jpg 425w, https:\/\/uniquebazaar.shop\/wp-content\/uploads\/2025\/12\/1-125-300x300_1.jpg 300w, https:\/\/uniquebazaar.shop\/wp-content\/uploads\/2025\/12\/1-125-150x150_1.jpg 150w, https:\/\/uniquebazaar.shop\/wp-content\/uploads\/2025\/12\/1-125-100x100_1.jpg 100w, https:\/\/uniquebazaar.shop\/wp-content\/uploads\/2025\/12\/1-125-50x50_1.jpg 50w\" alt=\"\" width=\"425\" height=\"425\" \/><br \/>\n<img decoding=\"async\" class=\"aligncenter\" src=\"https:\/\/uniquebazaar.shop\/wp-content\/uploads\/2025\/12\/3-119.jpg\" sizes=\"(max-width: 425px) 100vw, 425px\" srcset=\"https:\/\/uniquebazaar.shop\/wp-content\/uploads\/2025\/12\/3-119.jpg 425w, https:\/\/uniquebazaar.shop\/wp-content\/uploads\/2025\/12\/3-119-300x289_1.jpg 300w\" alt=\"\" width=\"425\" height=\"410\" \/><\/p>\n<ul>\n<li>Dise\u00f1o impermeable IPX4: Disfrute de un uso en interiores sin preocupaciones con nuestra tecnolog\u00eda de agua IPX4. Ya sea haciendo ejercicio o en un d\u00eda lluvioso, mantente confiado y protegido, garantizando la tranquilidad en interiores y exteriores.<\/li>\n<li>Entrada para unidad USB y tarjeta de memoria peque\u00f1a: con las entradas para unidad USB y tarjeta de memoria peque\u00f1a podr\u00e1 reproducir m\u00fasica directamente. Disfruta de tu m\u00fasica favorita sin necesidad de dispositivos adicionales; (Nota: unidad USB y tarjeta de memoria peque\u00f1a no incluidas).<\/li>\n<li>Sonido port\u00e1til de calidad: Combinando estilo y funcionalidad, nuestros altavoces ofrecen una experiencia de sonido envolvente hecha a medida para caber en la palma de la mano. Disfrute al m\u00e1ximo de su m\u00fasica con un compa\u00f1ero port\u00e1til elegante y potente.<\/li>\n<\/ul>","protected":false},"excerpt":{"rendered":"<p>IPX4 Water Design: Enjoy no worry indoor use with our IPX4 water technology. Whether working out or on a rainy day, stay confident and protected, ensuring peace of mind indoors and outdoors. USB Drive and Small Memory Card Input: with USB and small memory card inputs allows you to play music directly. Enjoy your favorite [&hellip;]<\/p>","protected":false},"featured_media":2700,"comment_status":"open","ping_status":"closed","template":"","meta":{"_acf_changed":false},"product_brand":[],"product_cat":[35],"product_tag":[],"class_list":{"0":"post-2697","1":"product","2":"type-product","3":"status-publish","4":"has-post-thumbnail","6":"product_cat-sale","8":"first","9":"instock","10":"sale","11":"shipping-taxable","12":"purchasable","13":"product-type-variable","14":"has-default-attributes","15":"wvs-archive-product-wrapper"},"acf":[],"_links":{"self":[{"href":"https:\/\/uniquebazaar.shop\/es\/wp-json\/wp\/v2\/product\/2697","targetHints":{"allow":["GET"]}}],"collection":[{"href":"https:\/\/uniquebazaar.shop\/es\/wp-json\/wp\/v2\/product"}],"about":[{"href":"https:\/\/uniquebazaar.shop\/es\/wp-json\/wp\/v2\/types\/product"}],"replies":[{"embeddable":true,"href":"https:\/\/uniquebazaar.shop\/es\/wp-json\/wp\/v2\/comments?post=2697"}],"version-history":[{"count":0,"href":"https:\/\/uniquebazaar.shop\/es\/wp-json\/wp\/v2\/product\/2697\/revisions"}],"wp:featuredmedia":[{"embeddable":true,"href":"https:\/\/uniquebazaar.shop\/es\/wp-json\/wp\/v2\/media\/2700"}],"wp:attachment":[{"href":"https:\/\/uniquebazaar.shop\/es\/wp-json\/wp\/v2\/media?parent=2697"}],"wp:term":[{"taxonomy":"product_brand","embeddable":true,"href":"https:\/\/uniquebazaar.shop\/es\/wp-json\/wp\/v2\/product_brand?post=2697"},{"taxonomy":"product_cat","embeddable":true,"href":"https:\/\/uniquebazaar.shop\/es\/wp-json\/wp\/v2\/product_cat?post=2697"},{"taxonomy":"product_tag","embeddable":true,"href":"https:\/\/uniquebazaar.shop\/es\/wp-json\/wp\/v2\/product_tag?post=2697"}],"curies":[{"name":"wp","href":"https:\/\/api.w.org\/{rel}","templated":true}]}}