{"id":2503,"date":"2025-12-18T08:58:11","date_gmt":"2025-12-18T08:58:11","guid":{"rendered":"https:\/\/uniquebazaar.shop\/?post_type=product&#038;p=2503"},"modified":"2025-12-18T11:08:11","modified_gmt":"2025-12-18T11:08:11","slug":"felfujhato-party-alien-jelmez-vicces-felfujhato-jelmez-gyerekeknek-es-felnotteknek-idealis-halloweenre-cosplayre-es-jelmezbulikra","status":"publish","type":"product","link":"https:\/\/uniquebazaar.shop\/es\/producto\/felfujhato-party-alien-jelmez-vicces-felfujhato-jelmez-gyerekeknek-es-felnotteknek-idealis-halloweenre-cosplayre-es-jelmezbulikra\/","title":{"rendered":"Fiesta de disfraces de Alien - Fiesta de disfraces para ni\u00f1os y adultos, ideas de Halloween, cosplay y disfraces para ni\u00f1os"},"content":{"rendered":"<p><img fetchpriority=\"high\" decoding=\"async\" width=\"1024\" height=\"1024\" src=\"https:\/\/newbotay.shop\/wp-content\/uploads\/2025\/12\/1-32-1024x1024.jpg\" alt=\"\" srcset=\"https:\/\/newbotay.shop\/wp-content\/uploads\/2025\/12\/1-32-1024x1024.jpg 1024w, https:\/\/newbotay.shop\/wp-content\/uploads\/2025\/12\/1-32-300x300.jpg 300w, https:\/\/newbotay.shop\/wp-content\/uploads\/2025\/12\/1-32-150x150.jpg 150w, https:\/\/newbotay.shop\/wp-content\/uploads\/2025\/12\/1-32-768x768.jpg 768w, https:\/\/newbotay.shop\/wp-content\/uploads\/2025\/12\/1-32-1536x1536.jpg 1536w, https:\/\/newbotay.shop\/wp-content\/uploads\/2025\/12\/1-32-12x12.jpg 12w, https:\/\/newbotay.shop\/wp-content\/uploads\/2025\/12\/1-32-60x60.jpg 60w, https:\/\/newbotay.shop\/wp-content\/uploads\/2025\/12\/1-32-110x110.jpg 110w, https:\/\/newbotay.shop\/wp-content\/uploads\/2025\/12\/1-32-600x600.jpg 600w, https:\/\/newbotay.shop\/wp-content\/uploads\/2025\/12\/1-32-130x130.jpg 130w, https:\/\/newbotay.shop\/wp-content\/uploads\/2025\/12\/1-32.jpg 2048w\" sizes=\"(max-width: 1024px) 100vw, 1024px\" \/><br \/>\n\t\t\t\t\t\t\t\t\t\t\t\t\t<img decoding=\"async\" width=\"1024\" height=\"1024\" src=\"https:\/\/newbotay.shop\/wp-content\/uploads\/2025\/12\/3-32-1024x1024.jpg\" alt=\"\" srcset=\"https:\/\/newbotay.shop\/wp-content\/uploads\/2025\/12\/3-32-1024x1024.jpg 1024w, https:\/\/newbotay.shop\/wp-content\/uploads\/2025\/12\/3-32-300x300.jpg 300w, https:\/\/newbotay.shop\/wp-content\/uploads\/2025\/12\/3-32-150x150.jpg 150w, https:\/\/newbotay.shop\/wp-content\/uploads\/2025\/12\/3-32-768x768.jpg 768w, https:\/\/newbotay.shop\/wp-content\/uploads\/2025\/12\/3-32-1536x1536.jpg 1536w, https:\/\/newbotay.shop\/wp-content\/uploads\/2025\/12\/3-32-12x12.jpg 12w, https:\/\/newbotay.shop\/wp-content\/uploads\/2025\/12\/3-32-60x60.jpg 60w, https:\/\/newbotay.shop\/wp-content\/uploads\/2025\/12\/3-32-110x110.jpg 110w, https:\/\/newbotay.shop\/wp-content\/uploads\/2025\/12\/3-32-600x600.jpg 600w, https:\/\/newbotay.shop\/wp-content\/uploads\/2025\/12\/3-32-130x130.jpg 130w, https:\/\/newbotay.shop\/wp-content\/uploads\/2025\/12\/3-32.jpg 2048w\" sizes=\"(max-width: 1024px) 100vw, 1024px\" \/><br \/>\n\t\t\t\t\t\t\t\t\t\t\t\t\t<img decoding=\"async\" width=\"1024\" height=\"1024\" src=\"https:\/\/newbotay.shop\/wp-content\/uploads\/2025\/12\/2-31-1024x1024.jpg\" alt=\"\" srcset=\"https:\/\/newbotay.shop\/wp-content\/uploads\/2025\/12\/2-31-1024x1024.jpg 1024w, https:\/\/newbotay.shop\/wp-content\/uploads\/2025\/12\/2-31-300x300.jpg 300w, https:\/\/newbotay.shop\/wp-content\/uploads\/2025\/12\/2-31-150x150.jpg 150w, https:\/\/newbotay.shop\/wp-content\/uploads\/2025\/12\/2-31-768x768.jpg 768w, https:\/\/newbotay.shop\/wp-content\/uploads\/2025\/12\/2-31-1536x1536.jpg 1536w, https:\/\/newbotay.shop\/wp-content\/uploads\/2025\/12\/2-31-12x12.jpg 12w, https:\/\/newbotay.shop\/wp-content\/uploads\/2025\/12\/2-31-60x60.jpg 60w, https:\/\/newbotay.shop\/wp-content\/uploads\/2025\/12\/2-31-110x110.jpg 110w, https:\/\/newbotay.shop\/wp-content\/uploads\/2025\/12\/2-31-600x600.jpg 600w, https:\/\/newbotay.shop\/wp-content\/uploads\/2025\/12\/2-31-130x130.jpg 130w, https:\/\/newbotay.shop\/wp-content\/uploads\/2025\/12\/2-31.jpg 2048w\" sizes=\"(max-width: 1024px) 100vw, 1024px\" \/>\t\t\t\t\t\t\t\t\t\t\t\t\t<\/p>\n<p>Gyerek Halloween jelmez Alien Pick Me Up sz\u00f6rnyeteg felf\u00fajhat\u00f3 ruh\u00e1k Ez a jelmez 100% poli\u00e9szterb\u0151l k\u00e9sz\u00fclt, nem eldobhat\u00f3. J\u00f3l k\u00f6t\u00f6tt, tart\u00f3s \u00e9s k\u00e9nyelmes. M\u00e9g a forr\u00f3 ny\u00e1rban sem okoz kellemetlens\u00e9get a testnek. Ezt a z\u00f6ld uf\u00f3 jelmezt viselheted t\u00e1rsas\u00e1gban, b\u00e1rokban, klubokban, t\u00e1ncos bulikban, parkokban, t\u00e9v\u00e9m\u0171sorokban, szupermarketl\u00e1ncokon, sz\u00e1llodal\u00e1ncokon, \u00e9ves rendezv\u00e9nyeken, karnev\u00e1lokon, megnyit\u00f3kon, esk\u00fcv\u0151k\u00f6n. Neked kell l\u00e1ngra lobbantanod az erd\u0151t. Distancia entre ejes: 1,0-1,5 m sobre el nivel del mar. El ventilador tiene una capacidad de 90 litros, con una ventilaci\u00f3n de 9000 fordulat\/perc fordulatsz\u00e1m\u00fa teljesen felf\u00fajva tartja a jelmezt. Csomagol\u00e1si r\u00e9szletek: 1 darab jelmez. 1 ventilador. 1 conector el\u00e9ctrico. 1 puerto USB en el panel frontal. El dispositivo y el cargador no se da\u00f1an, por lo que no se pueden utilizar. Megjegyz\u00e9sek: Csak k\u00e9zzel moshat\u00f3 hideg v\u00edzben. No se centrifuga, no se calienta, no se desgasta.<\/p>","protected":false},"excerpt":{"rendered":"<p>Gyerek Halloween jelmez Alien Pick Me Up sz\u00f6rnyeteg felf\u00fajhat\u00f3 ruh\u00e1k Ez a jelmez 100% poli\u00e9szterb\u0151l k\u00e9sz\u00fclt, nem eldobhat\u00f3. J\u00f3l k\u00f6t\u00f6tt, tart\u00f3s \u00e9s k\u00e9nyelmes. M\u00e9g a forr\u00f3 ny\u00e1rban sem okoz kellemetlens\u00e9get a testnek. Ezt a z\u00f6ld uf\u00f3 jelmezt viselheted t\u00e1rsas\u00e1gban, b\u00e1rokban, klubokban, t\u00e1ncos bulikban, parkokban, t\u00e9v\u00e9m\u0171sorokban, szupermarketl\u00e1ncokon, sz\u00e1llodal\u00e1ncokon, \u00e9ves rendezv\u00e9nyeken, karnev\u00e1lokon, megnyit\u00f3kon, esk\u00fcv\u0151k\u00f6n. Neked kell l\u00e1ngra [&hellip;]<\/p>","protected":false},"featured_media":2583,"comment_status":"open","ping_status":"closed","template":"","meta":{"_acf_changed":false},"product_brand":[],"product_cat":[41],"product_tag":[],"class_list":{"0":"post-2503","1":"product","2":"type-product","3":"status-publish","4":"has-post-thumbnail","6":"product_cat-home-living","8":"first","9":"instock","10":"sale","11":"shipping-taxable","12":"purchasable","13":"product-type-simple"},"acf":[],"_links":{"self":[{"href":"https:\/\/uniquebazaar.shop\/es\/wp-json\/wp\/v2\/product\/2503","targetHints":{"allow":["GET"]}}],"collection":[{"href":"https:\/\/uniquebazaar.shop\/es\/wp-json\/wp\/v2\/product"}],"about":[{"href":"https:\/\/uniquebazaar.shop\/es\/wp-json\/wp\/v2\/types\/product"}],"replies":[{"embeddable":true,"href":"https:\/\/uniquebazaar.shop\/es\/wp-json\/wp\/v2\/comments?post=2503"}],"version-history":[{"count":0,"href":"https:\/\/uniquebazaar.shop\/es\/wp-json\/wp\/v2\/product\/2503\/revisions"}],"wp:featuredmedia":[{"embeddable":true,"href":"https:\/\/uniquebazaar.shop\/es\/wp-json\/wp\/v2\/media\/2583"}],"wp:attachment":[{"href":"https:\/\/uniquebazaar.shop\/es\/wp-json\/wp\/v2\/media?parent=2503"}],"wp:term":[{"taxonomy":"product_brand","embeddable":true,"href":"https:\/\/uniquebazaar.shop\/es\/wp-json\/wp\/v2\/product_brand?post=2503"},{"taxonomy":"product_cat","embeddable":true,"href":"https:\/\/uniquebazaar.shop\/es\/wp-json\/wp\/v2\/product_cat?post=2503"},{"taxonomy":"product_tag","embeddable":true,"href":"https:\/\/uniquebazaar.shop\/es\/wp-json\/wp\/v2\/product_tag?post=2503"}],"curies":[{"name":"wp","href":"https:\/\/api.w.org\/{rel}","templated":true}]}}