{"id":2502,"date":"2025-12-18T08:58:11","date_gmt":"2025-12-18T08:58:11","guid":{"rendered":"https:\/\/uniquebazaar.shop\/?post_type=product&#038;p=2502"},"modified":"2025-12-18T09:59:20","modified_gmt":"2025-12-18T09:59:20","slug":"nex-playground-az-aktiv-jatekrendszer-gyerekekhez-es-csaladokhoz-jatekkonzol","status":"publish","type":"product","link":"https:\/\/uniquebazaar.shop\/es\/producto\/nex-playground-az-aktiv-jatekrendszer-gyerekekhez-es-csaladokhoz-jatekkonzol\/","title":{"rendered":"Nex Playground - El mejor juego para ni\u00f1os y adultos (J\u00e1t\u00e9kkonzol)"},"content":{"rendered":"<p><img fetchpriority=\"high\" decoding=\"async\" width=\"1024\" height=\"1024\" src=\"https:\/\/newbotay.shop\/wp-content\/uploads\/2025\/12\/1-27-1024x1024.png\" alt=\"\" srcset=\"https:\/\/newbotay.shop\/wp-content\/uploads\/2025\/12\/1-27-1024x1024.png 1024w, https:\/\/newbotay.shop\/wp-content\/uploads\/2025\/12\/1-27-300x300.png 300w, https:\/\/newbotay.shop\/wp-content\/uploads\/2025\/12\/1-27-150x150.png 150w, https:\/\/newbotay.shop\/wp-content\/uploads\/2025\/12\/1-27-768x768.png 768w, https:\/\/newbotay.shop\/wp-content\/uploads\/2025\/12\/1-27-1536x1536.png 1536w, https:\/\/newbotay.shop\/wp-content\/uploads\/2025\/12\/1-27-12x12.png 12w, https:\/\/newbotay.shop\/wp-content\/uploads\/2025\/12\/1-27-60x60.png 60w, https:\/\/newbotay.shop\/wp-content\/uploads\/2025\/12\/1-27-110x110.png 110w, https:\/\/newbotay.shop\/wp-content\/uploads\/2025\/12\/1-27-600x600.png 600w, https:\/\/newbotay.shop\/wp-content\/uploads\/2025\/12\/1-27-130x130.png 130w, https:\/\/newbotay.shop\/wp-content\/uploads\/2025\/12\/1-27.png 2048w\" sizes=\"(max-width: 1024px) 100vw, 1024px\" \/><br \/>\n\t\t\t\t\t\t\t\t\t\t\t\t\t<img decoding=\"async\" width=\"1024\" height=\"1024\" src=\"https:\/\/newbotay.shop\/wp-content\/uploads\/2025\/12\/2-32-1024x1024.png\" alt=\"\" srcset=\"https:\/\/newbotay.shop\/wp-content\/uploads\/2025\/12\/2-32-1024x1024.png 1024w, https:\/\/newbotay.shop\/wp-content\/uploads\/2025\/12\/2-32-300x300.png 300w, https:\/\/newbotay.shop\/wp-content\/uploads\/2025\/12\/2-32-150x150.png 150w, https:\/\/newbotay.shop\/wp-content\/uploads\/2025\/12\/2-32-768x768.png 768w, https:\/\/newbotay.shop\/wp-content\/uploads\/2025\/12\/2-32-1536x1536.png 1536w, https:\/\/newbotay.shop\/wp-content\/uploads\/2025\/12\/2-32-12x12.png 12w, https:\/\/newbotay.shop\/wp-content\/uploads\/2025\/12\/2-32-60x60.png 60w, https:\/\/newbotay.shop\/wp-content\/uploads\/2025\/12\/2-32-110x110.png 110w, https:\/\/newbotay.shop\/wp-content\/uploads\/2025\/12\/2-32-600x600.png 600w, https:\/\/newbotay.shop\/wp-content\/uploads\/2025\/12\/2-32-130x130.png 130w, https:\/\/newbotay.shop\/wp-content\/uploads\/2025\/12\/2-32.png 2048w\" sizes=\"(max-width: 1024px) 100vw, 1024px\" \/><br \/>\n\t\t\t\t\t\t\t\t\t\t\t\t\t<img decoding=\"async\" width=\"1024\" height=\"1024\" src=\"https:\/\/newbotay.shop\/wp-content\/uploads\/2025\/12\/3-29-1024x1024.jpg\" alt=\"\" srcset=\"https:\/\/newbotay.shop\/wp-content\/uploads\/2025\/12\/3-29-1024x1024.jpg 1024w, https:\/\/newbotay.shop\/wp-content\/uploads\/2025\/12\/3-29-300x300.jpg 300w, https:\/\/newbotay.shop\/wp-content\/uploads\/2025\/12\/3-29-150x150.jpg 150w, https:\/\/newbotay.shop\/wp-content\/uploads\/2025\/12\/3-29-768x768.jpg 768w, https:\/\/newbotay.shop\/wp-content\/uploads\/2025\/12\/3-29-12x12.jpg 12w, https:\/\/newbotay.shop\/wp-content\/uploads\/2025\/12\/3-29-60x60.jpg 60w, https:\/\/newbotay.shop\/wp-content\/uploads\/2025\/12\/3-29-110x110.jpg 110w, https:\/\/newbotay.shop\/wp-content\/uploads\/2025\/12\/3-29-600x600.jpg 600w, https:\/\/newbotay.shop\/wp-content\/uploads\/2025\/12\/3-29-130x130.jpg 130w, https:\/\/newbotay.shop\/wp-content\/uploads\/2025\/12\/3-29.jpg 1280w\" sizes=\"(max-width: 1024px) 100vw, 1024px\" \/>\t\t\t\t\t\t\t\t\t\t\t\t\t<\/p>\n<p>A Nex Playground egy olyan \u00faj t\u00edpus\u00fa videoj\u00e1t\u00e9k-konzol, amely felv\u00e1ltja a hagyom\u00e1nyos \u00fcl\u0151 j\u00e1t\u00e9kokat akt\u00edv, mozg\u00e1sos sz\u00f3rakoz\u00e1ssal, t\u00f6k\u00e9letes v\u00e1laszt\u00e1s csal\u00e1dok \u00e9s gyerekek sz\u00e1m\u00e1ra. En la televisi\u00f3n y en los videojuegos, los jugadores pueden disfrutar de una gran variedad de juegos, como Fruit Ninja, Starri, Whac-a-Mole, Go Keeper y Party Fowl, hanem a Play Passz el\u0151fizet\u00e9ssel m\u00e9g sokkal t\u00f6bb n\u00e9pszer\u0171 c\u00edm is el\u00e9rhet\u0151, k\u00f6zt\u00fck a Barbie, Mut\u00e1ns Ninja Tekn\u0151c\u00f6k, Hogyan nevelj egy s\u00e1rk\u00e1nyt, Peppa Malac \u00e9s m\u00e9g sok m\u00e1s kedvelt sorozat alapj\u00e1n k\u00e9sz\u00fclt j\u00e1t\u00e9k.<\/p>","protected":false},"excerpt":{"rendered":"<p>A Nex Playground egy olyan \u00faj t\u00edpus\u00fa videoj\u00e1t\u00e9k-konzol, amely felv\u00e1ltja a hagyom\u00e1nyos \u00fcl\u0151 j\u00e1t\u00e9kokat akt\u00edv, mozg\u00e1sos sz\u00f3rakoz\u00e1ssal, t\u00f6k\u00e9letes v\u00e1laszt\u00e1s csal\u00e1dok \u00e9s gyerekek sz\u00e1m\u00e1ra. \u00d6sszekapcsolva a telev\u00edzi\u00f3dhoz vagy projektorodhoz az nappalidat r\u00f6vid id\u0151 alatt egy izgalmas j\u00e1t\u00e9kterr\u00e9v\u00e9 alak\u00edtja, ahol nem csak a kezdeti \u00f6t be\u00e9p\u00edtett j\u00e1t\u00e9k \u2013 a Fruit Ninja, Starri, Whac-a-Mole, Go Keeper \u00e9s Party [&hellip;]<\/p>","protected":false},"featured_media":2577,"comment_status":"open","ping_status":"closed","template":"","meta":{"_acf_changed":false},"product_brand":[],"product_cat":[41],"product_tag":[],"class_list":{"0":"post-2502","1":"product","2":"type-product","3":"status-publish","4":"has-post-thumbnail","6":"product_cat-home-living","8":"first","9":"instock","10":"sale","11":"shipping-taxable","12":"purchasable","13":"product-type-simple"},"acf":[],"_links":{"self":[{"href":"https:\/\/uniquebazaar.shop\/es\/wp-json\/wp\/v2\/product\/2502","targetHints":{"allow":["GET"]}}],"collection":[{"href":"https:\/\/uniquebazaar.shop\/es\/wp-json\/wp\/v2\/product"}],"about":[{"href":"https:\/\/uniquebazaar.shop\/es\/wp-json\/wp\/v2\/types\/product"}],"replies":[{"embeddable":true,"href":"https:\/\/uniquebazaar.shop\/es\/wp-json\/wp\/v2\/comments?post=2502"}],"version-history":[{"count":0,"href":"https:\/\/uniquebazaar.shop\/es\/wp-json\/wp\/v2\/product\/2502\/revisions"}],"wp:featuredmedia":[{"embeddable":true,"href":"https:\/\/uniquebazaar.shop\/es\/wp-json\/wp\/v2\/media\/2577"}],"wp:attachment":[{"href":"https:\/\/uniquebazaar.shop\/es\/wp-json\/wp\/v2\/media?parent=2502"}],"wp:term":[{"taxonomy":"product_brand","embeddable":true,"href":"https:\/\/uniquebazaar.shop\/es\/wp-json\/wp\/v2\/product_brand?post=2502"},{"taxonomy":"product_cat","embeddable":true,"href":"https:\/\/uniquebazaar.shop\/es\/wp-json\/wp\/v2\/product_cat?post=2502"},{"taxonomy":"product_tag","embeddable":true,"href":"https:\/\/uniquebazaar.shop\/es\/wp-json\/wp\/v2\/product_tag?post=2502"}],"curies":[{"name":"wp","href":"https:\/\/api.w.org\/{rel}","templated":true}]}}