{"id":2501,"date":"2025-12-18T08:58:11","date_gmt":"2025-12-18T08:58:11","guid":{"rendered":"https:\/\/uniquebazaar.shop\/?post_type=product&#038;p=2501"},"modified":"2025-12-18T10:42:19","modified_gmt":"2025-12-18T10:42:19","slug":"acer-7-in-1-vezetek-nelkuli-toltoallomas-magsafe-dupla-telefon-tolto-ejjeli-lampaval-bluetooth-idoszinkronizacioval-az-iphone-17-16-15-14-13-12-sorozathoz-az-airpods-hoz-az-iwatch-hoz-es-az-androi","status":"publish","type":"product","link":"https:\/\/uniquebazaar.shop\/es\/producto\/acer-7-in-1-vezetek-nelkuli-toltoallomas-magsafe-dupla-telefon-tolto-ejjeli-lampaval-bluetooth-idoszinkronizacioval-az-iphone-17-16-15-14-13-12-sorozathoz-az-airpods-hoz-az-iwatch-hoz-es-az-androi\/","title":{"rendered":"Acer 7 en 1 es un tel\u00e9fono inteligente, MagSafe dupla telefon t\u00f6lt\u0151 \u00e9jjeli l\u00e1mp\u00e1val, Bluetooth id\u0151szinkroniz\u00e1ci\u00f3val az iPhone 17\/16\/15\/14\/13\/12 sorozathoz, az AirPods-hoz, az iWatch-hoz \u00e9s az Android telefonokhoz, fekete USB elektronikus okostelefon vezet\u00e9k n\u00e9lk\u00fcli \u00f3ra t\u00f6lt\u0151 - Dealsforyoudays"},"content":{"rendered":"<p><img fetchpriority=\"high\" decoding=\"async\" src=\"https:\/\/newbotay.shop\/wp-content\/uploads\/2025\/11\/68119664-e12a-4ece-8a20-9d96ba8d71f1.__CR00970600_PT0_SX970_V1___.jpg\" sizes=\"(max-width: 970px) 100vw, 970px\" srcset=\"https:\/\/newbotay.shop\/wp-content\/uploads\/2025\/11\/68119664-e12a-4ece-8a20-9d96ba8d71f1.__CR00970600_PT0_SX970_V1___.jpg 970w, https:\/\/newbotay.shop\/wp-content\/uploads\/2025\/11\/68119664-e12a-4ece-8a20-9d96ba8d71f1.__CR00970600_PT0_SX970_V1___-300x186.jpg 300w, https:\/\/newbotay.shop\/wp-content\/uploads\/2025\/11\/68119664-e12a-4ece-8a20-9d96ba8d71f1.__CR00970600_PT0_SX970_V1___-768x475.jpg 768w, https:\/\/newbotay.shop\/wp-content\/uploads\/2025\/11\/68119664-e12a-4ece-8a20-9d96ba8d71f1.__CR00970600_PT0_SX970_V1___-18x12.jpg 18w, https:\/\/newbotay.shop\/wp-content\/uploads\/2025\/11\/68119664-e12a-4ece-8a20-9d96ba8d71f1.__CR00970600_PT0_SX970_V1___-60x37.jpg 60w, https:\/\/newbotay.shop\/wp-content\/uploads\/2025\/11\/68119664-e12a-4ece-8a20-9d96ba8d71f1.__CR00970600_PT0_SX970_V1___-110x68.jpg 110w, https:\/\/newbotay.shop\/wp-content\/uploads\/2025\/11\/68119664-e12a-4ece-8a20-9d96ba8d71f1.__CR00970600_PT0_SX970_V1___-600x371.jpg 600w, https:\/\/newbotay.shop\/wp-content\/uploads\/2025\/11\/68119664-e12a-4ece-8a20-9d96ba8d71f1.__CR00970600_PT0_SX970_V1___-130x80.jpg 130w\" alt=\"\" width=\"970\" height=\"600\" \/><br \/>\n<img decoding=\"async\" src=\"https:\/\/newbotay.shop\/wp-content\/uploads\/2025\/12\/IMG_20251214_112549-1024x683.png\" sizes=\"(max-width: 1024px) 100vw, 1024px\" srcset=\"https:\/\/newbotay.shop\/wp-content\/uploads\/2025\/12\/IMG_20251214_112549-1024x683.png 1024w, https:\/\/newbotay.shop\/wp-content\/uploads\/2025\/12\/IMG_20251214_112549-300x200.png 300w, https:\/\/newbotay.shop\/wp-content\/uploads\/2025\/12\/IMG_20251214_112549-768x512.png 768w, https:\/\/newbotay.shop\/wp-content\/uploads\/2025\/12\/IMG_20251214_112549-1536x1024.png 1536w, https:\/\/newbotay.shop\/wp-content\/uploads\/2025\/12\/IMG_20251214_112549-2048x1365.png 2048w, https:\/\/newbotay.shop\/wp-content\/uploads\/2025\/12\/IMG_20251214_112549-18x12.png 18w, https:\/\/newbotay.shop\/wp-content\/uploads\/2025\/12\/IMG_20251214_112549-60x40.png 60w, https:\/\/newbotay.shop\/wp-content\/uploads\/2025\/12\/IMG_20251214_112549-110x73.png 110w, https:\/\/newbotay.shop\/wp-content\/uploads\/2025\/12\/IMG_20251214_112549-600x400.png 600w, https:\/\/newbotay.shop\/wp-content\/uploads\/2025\/12\/IMG_20251214_112549-130x87.png 130w\" alt=\"\" width=\"1024\" height=\"683\" \/><br \/>\n<img decoding=\"async\" src=\"https:\/\/newbotay.shop\/wp-content\/uploads\/2025\/12\/IMG_20251214_112531-1024x683.png\" sizes=\"(max-width: 1024px) 100vw, 1024px\" srcset=\"https:\/\/newbotay.shop\/wp-content\/uploads\/2025\/12\/IMG_20251214_112531-1024x683.png 1024w, https:\/\/newbotay.shop\/wp-content\/uploads\/2025\/12\/IMG_20251214_112531-300x200.png 300w, https:\/\/newbotay.shop\/wp-content\/uploads\/2025\/12\/IMG_20251214_112531-768x512.png 768w, https:\/\/newbotay.shop\/wp-content\/uploads\/2025\/12\/IMG_20251214_112531-1536x1024.png 1536w, https:\/\/newbotay.shop\/wp-content\/uploads\/2025\/12\/IMG_20251214_112531-2048x1365.png 2048w, https:\/\/newbotay.shop\/wp-content\/uploads\/2025\/12\/IMG_20251214_112531-18x12.png 18w, https:\/\/newbotay.shop\/wp-content\/uploads\/2025\/12\/IMG_20251214_112531-60x40.png 60w, https:\/\/newbotay.shop\/wp-content\/uploads\/2025\/12\/IMG_20251214_112531-110x73.png 110w, https:\/\/newbotay.shop\/wp-content\/uploads\/2025\/12\/IMG_20251214_112531-600x400.png 600w, https:\/\/newbotay.shop\/wp-content\/uploads\/2025\/12\/IMG_20251214_112531-130x87.png 130w\" alt=\"\" width=\"1024\" height=\"683\" \/><\/p>\n<ul>\n<li><strong>7 en 1 para una mayor comodidad<\/strong>\u00a0- Los tel\u00e9fonos m\u00f3viles, tablets, tablets de mano, tablets de sobremesa y muchos otros dispositivos electr\u00f3nicos de alta fidelidad.<\/li>\n<li><strong>Gyors vezet\u00e9k n\u00e9lk\u00fcli t\u00f6lt\u00e9s<\/strong>\u00a0- Tart\u00f3s \u00e9s stabil t\u00f6lt\u00e9si sebess\u00e9ggel biztos\u00edtja, hogy az eszk\u00f6z\u00f6k gyorsan felt\u00f6lt\u0151djenek, nem kell hossz\u00fa \u00f3r\u00e1kig v\u00e1rnod.<\/li>\n<li><strong>Compatibilidad de tel\u00e9fonos<\/strong>\u00a0- Los mejores productos de Acer, iPhone, Samsung, AirPods, Apple Watch y mucho m\u00e1s.<\/li>\n<li><strong>M\u00e1s informaci\u00f3n<\/strong>\u00a0- Overcharge, t\u00falfesz\u00fclts\u00e9g, t\u00falterhel\u00e9s \u00e9s t\u00falmeleged\u00e9s v\u00e9delemmel ell\u00e1tva, biztons\u00e1gosan v\u00e9di az eszk\u00f6z\u00f6ket a k\u00e1rosod\u00e1st\u00f3l.<\/li>\n<li><strong>Dise\u00f1o compacto y elegante<\/strong>\u00a0- Kicsi m\u00e9rete miatt k\u00f6nnyen belef\u00e9r az asztalra, rendezett\u00e9 teszi a munkater\u00fcletet, elt\u00e1vol\u00edtja a k\u00e1belzs\u00fafolts\u00e1got.<\/li>\n<\/ul>","protected":false},"excerpt":{"rendered":"<p>7-in-1 t\u00f6lt\u00e9si k\u00e9pess\u00e9g\u00a0\u2013 Egyszerre t\u00f6lthet\u0151 mobiltelefon, okos\u00f3ra, f\u00fclhallgat\u00f3, t\u00e1blag\u00e9p \u00e9s m\u00e9g h\u00e1rom dodatk\u00f3 eszk\u00f6z, felgyors\u00edtja a napi elektronikai eszk\u00f6z\u00f6k kezel\u00e9s\u00e9t. Gyors vezet\u00e9k n\u00e9lk\u00fcli t\u00f6lt\u00e9s\u00a0\u2013 Tart\u00f3s \u00e9s stabil t\u00f6lt\u00e9si sebess\u00e9ggel biztos\u00edtja, hogy az eszk\u00f6z\u00f6k gyorsan felt\u00f6lt\u0151djenek, nem kell hossz\u00fa \u00f3r\u00e1kig v\u00e1rnod. Teljes kompatibilit\u00e1s\u00a0\u2013 T\u00f6k\u00e9letesen m\u0171k\u00f6dik Acer eszk\u00f6z\u00f6kkel, valamint iPhone, Samsung, AirPods, Apple Watch \u00e9s m\u00e1s vezet\u00e9k [&hellip;]<\/p>","protected":false},"featured_media":2570,"comment_status":"open","ping_status":"closed","template":"","meta":{"_acf_changed":false},"product_brand":[],"product_cat":[41],"product_tag":[],"class_list":{"0":"post-2501","1":"product","2":"type-product","3":"status-publish","4":"has-post-thumbnail","6":"product_cat-home-living","8":"first","9":"instock","10":"sale","11":"shipping-taxable","12":"purchasable","13":"product-type-simple"},"acf":[],"_links":{"self":[{"href":"https:\/\/uniquebazaar.shop\/es\/wp-json\/wp\/v2\/product\/2501","targetHints":{"allow":["GET"]}}],"collection":[{"href":"https:\/\/uniquebazaar.shop\/es\/wp-json\/wp\/v2\/product"}],"about":[{"href":"https:\/\/uniquebazaar.shop\/es\/wp-json\/wp\/v2\/types\/product"}],"replies":[{"embeddable":true,"href":"https:\/\/uniquebazaar.shop\/es\/wp-json\/wp\/v2\/comments?post=2501"}],"version-history":[{"count":0,"href":"https:\/\/uniquebazaar.shop\/es\/wp-json\/wp\/v2\/product\/2501\/revisions"}],"wp:featuredmedia":[{"embeddable":true,"href":"https:\/\/uniquebazaar.shop\/es\/wp-json\/wp\/v2\/media\/2570"}],"wp:attachment":[{"href":"https:\/\/uniquebazaar.shop\/es\/wp-json\/wp\/v2\/media?parent=2501"}],"wp:term":[{"taxonomy":"product_brand","embeddable":true,"href":"https:\/\/uniquebazaar.shop\/es\/wp-json\/wp\/v2\/product_brand?post=2501"},{"taxonomy":"product_cat","embeddable":true,"href":"https:\/\/uniquebazaar.shop\/es\/wp-json\/wp\/v2\/product_cat?post=2501"},{"taxonomy":"product_tag","embeddable":true,"href":"https:\/\/uniquebazaar.shop\/es\/wp-json\/wp\/v2\/product_tag?post=2501"}],"curies":[{"name":"wp","href":"https:\/\/api.w.org\/{rel}","templated":true}]}}