{"id":2500,"date":"2025-12-18T08:58:11","date_gmt":"2025-12-18T08:58:11","guid":{"rendered":"https:\/\/uniquebazaar.shop\/?post_type=product&#038;p=2500"},"modified":"2025-12-18T11:06:46","modified_gmt":"2025-12-18T11:06:46","slug":"futott-szemmasszirozo-ballonmasszazs-hangutasitasokkal-vezetek-nelkuli-zenevel-es-ujratoltheto-szemmaszkkal-tokeletes-ajandek-csaladnak-es-baratoknak","status":"publish","type":"product","link":"https:\/\/uniquebazaar.shop\/es\/producto\/futott-szemmasszirozo-ballonmasszazs-hangutasitasokkal-vezetek-nelkuli-zenevel-es-ujratoltheto-szemmaszkkal-tokeletes-ajandek-csaladnak-es-baratoknak\/","title":{"rendered":"F\u0171t\u00f6tt szemmassz\u00edroz\u00f3 - Ballonmassz\u00e1zs hangutas\u00edt\u00e1sokkal, vezet\u00e9k n\u00e9lk\u00fcli zen\u00e9vel \u00e9s \u00fajrat\u00f6lthet\u0151 szemmaszkkal, t\u00f6k\u00e9letes aj\u00e1nd\u00e9k csal\u00e1dnak \u00e9s bar\u00e1toknak"},"content":{"rendered":"<p><img fetchpriority=\"high\" decoding=\"async\" width=\"1024\" height=\"576\" src=\"https:\/\/newbotay.shop\/wp-content\/uploads\/2025\/12\/1-30-1024x576.jpg\" alt=\"\" srcset=\"https:\/\/newbotay.shop\/wp-content\/uploads\/2025\/12\/1-30-1024x576.jpg 1024w, https:\/\/newbotay.shop\/wp-content\/uploads\/2025\/12\/1-30-300x169.jpg 300w, https:\/\/newbotay.shop\/wp-content\/uploads\/2025\/12\/1-30-768x432.jpg 768w, https:\/\/newbotay.shop\/wp-content\/uploads\/2025\/12\/1-30-1536x864.jpg 1536w, https:\/\/newbotay.shop\/wp-content\/uploads\/2025\/12\/1-30-2048x1152.jpg 2048w, https:\/\/newbotay.shop\/wp-content\/uploads\/2025\/12\/1-30-18x10.jpg 18w, https:\/\/newbotay.shop\/wp-content\/uploads\/2025\/12\/1-30-60x34.jpg 60w, https:\/\/newbotay.shop\/wp-content\/uploads\/2025\/12\/1-30-110x62.jpg 110w, https:\/\/newbotay.shop\/wp-content\/uploads\/2025\/12\/1-30-600x337.jpg 600w, https:\/\/newbotay.shop\/wp-content\/uploads\/2025\/12\/1-30-scaled-130x73.jpg 130w\" sizes=\"(max-width: 1024px) 100vw, 1024px\" \/><br \/>\n\t\t\t\t\t\t\t\t\t\t\t\t\t<img decoding=\"async\" width=\"1024\" height=\"576\" src=\"https:\/\/newbotay.shop\/wp-content\/uploads\/2025\/12\/3-30-1024x576.jpg\" alt=\"\" srcset=\"https:\/\/newbotay.shop\/wp-content\/uploads\/2025\/12\/3-30-1024x576.jpg 1024w, https:\/\/newbotay.shop\/wp-content\/uploads\/2025\/12\/3-30-300x169.jpg 300w, https:\/\/newbotay.shop\/wp-content\/uploads\/2025\/12\/3-30-768x432.jpg 768w, https:\/\/newbotay.shop\/wp-content\/uploads\/2025\/12\/3-30-1536x864.jpg 1536w, https:\/\/newbotay.shop\/wp-content\/uploads\/2025\/12\/3-30-2048x1152.jpg 2048w, https:\/\/newbotay.shop\/wp-content\/uploads\/2025\/12\/3-30-18x10.jpg 18w, https:\/\/newbotay.shop\/wp-content\/uploads\/2025\/12\/3-30-60x34.jpg 60w, https:\/\/newbotay.shop\/wp-content\/uploads\/2025\/12\/3-30-110x62.jpg 110w, https:\/\/newbotay.shop\/wp-content\/uploads\/2025\/12\/3-30-600x337.jpg 600w, https:\/\/newbotay.shop\/wp-content\/uploads\/2025\/12\/3-30-scaled-130x73.jpg 130w\" sizes=\"(max-width: 1024px) 100vw, 1024px\" \/><br \/>\n\t\t\t\t\t\t\t\t\t\t\t\t\t<img decoding=\"async\" width=\"1024\" height=\"576\" src=\"https:\/\/newbotay.shop\/wp-content\/uploads\/2025\/12\/2-29-1024x576.jpg\" alt=\"\" srcset=\"https:\/\/newbotay.shop\/wp-content\/uploads\/2025\/12\/2-29-1024x576.jpg 1024w, https:\/\/newbotay.shop\/wp-content\/uploads\/2025\/12\/2-29-300x169.jpg 300w, https:\/\/newbotay.shop\/wp-content\/uploads\/2025\/12\/2-29-768x432.jpg 768w, https:\/\/newbotay.shop\/wp-content\/uploads\/2025\/12\/2-29-1536x864.jpg 1536w, https:\/\/newbotay.shop\/wp-content\/uploads\/2025\/12\/2-29-2048x1152.jpg 2048w, https:\/\/newbotay.shop\/wp-content\/uploads\/2025\/12\/2-29-18x10.jpg 18w, https:\/\/newbotay.shop\/wp-content\/uploads\/2025\/12\/2-29-60x34.jpg 60w, https:\/\/newbotay.shop\/wp-content\/uploads\/2025\/12\/2-29-110x62.jpg 110w, https:\/\/newbotay.shop\/wp-content\/uploads\/2025\/12\/2-29-600x337.jpg 600w, https:\/\/newbotay.shop\/wp-content\/uploads\/2025\/12\/2-29-scaled-130x73.jpg 130w\" sizes=\"(max-width: 1024px) 100vw, 1024px\" \/>\t\t\t\t\t\t\t\t\t\t\t\t\t<\/p>\n<ul>\n<li>\u3010Eye Massager mit W\u00e4rme &amp; Reduzierung der Augenbelastung\u3011Die Augenmassager\u00e4t verwendet Triggerpunkte, oszillierenden Druck und rhythmische Perkussionsmassage. Eingebaute Heizkissen sorgen f\u00fcr eine angenehme Temperatur zwischen 38\u2103 \u00e9s 42\u2103, besser zum Entspannen der Augenbelastung, Augenschwellungen, trockenen Augen usw.<br \/>\u3010Bluetooth-Musik \u00e9s Tragbares szem\u00e9lyre szab\u00e1sa\u3011 Disfruta de un tel\u00e9fono m\u00f3vil con Bluetooth. La funci\u00f3n Bluetooth integrada permite escuchar m\u00fasica durante el masaje. El dise\u00f1o ligero y ligero con una inclinaci\u00f3n de 180\u00b0 (s\u00f3lo ~358 g) es ideal para viajes, viajes en coche o en casa.<br \/>\u3010Szabad \u00e9s t\u00f6bbfunkci\u00f3s\u3011 Ultraleiser Betrieb (&lt;40-45 dB), ide\u00e1lis az Entspannen ohne St\u00f6rung zum. Seleccione entre 4 modos de masaje (Sanfter Modus, Powermodus, Weckmodus, Schlafmodus) y ajuste el temporizador a 15 minutos.<br \/>\u3010Einfache Bedienung &amp; Schnelle Aufladung via Type-C\u3011Mit nur einem Knopfdruck starten Sie die Massage - ide\u00e1lis a schnelle Entspannung zwischendurch sz\u00e1m\u00e1ra. Equipado con una bater\u00eda recargable de 1500 mAh, la conexi\u00f3n Type-C permite una carga r\u00e1pida (1,5-2 horas para las sesiones). Perfecta como cargador para personas con estr\u00e9s ocular, migra\u00f1as o problemas de espalda.<\/li>\n<\/ul>","protected":false},"excerpt":{"rendered":"<p>\u3010Eye Massager mit W\u00e4rme &amp; Reduzierung der Augenbelastung\u3011Die Augenmassageger\u00e4t verwendet Triggerpunkte, oszillierenden Druck und rhythmische Perkussionsmassage. Eingebaute Heizkissen sorgen f\u00fcr eine angenehme Temperatur zwischen 38\u2103 \u00e9s 42\u2103, besser zum Entspannen der Augenbelastung, Augenschwellungen, trockenen Augen usw.\u3010Bluetooth-Musik \u00e9s Tragbares szem\u00e9lyre szab\u00e1sa\u3011 D\u00edj a Bluetooth-kapcsolat\u00e9rt a mobil telefonnal a zene szem\u00e9lyre szab\u00e1s\u00e1hoz. Integrierte Bluetooth-Funktion erm\u00f6glicht entspannende Musik [&hellip;]<\/p>","protected":false},"featured_media":2561,"comment_status":"open","ping_status":"closed","template":"","meta":{"_acf_changed":false},"product_brand":[],"product_cat":[41],"product_tag":[],"class_list":{"0":"post-2500","1":"product","2":"type-product","3":"status-publish","4":"has-post-thumbnail","6":"product_cat-home-living","8":"first","9":"instock","10":"sale","11":"shipping-taxable","12":"purchasable","13":"product-type-simple"},"acf":[],"_links":{"self":[{"href":"https:\/\/uniquebazaar.shop\/es\/wp-json\/wp\/v2\/product\/2500","targetHints":{"allow":["GET"]}}],"collection":[{"href":"https:\/\/uniquebazaar.shop\/es\/wp-json\/wp\/v2\/product"}],"about":[{"href":"https:\/\/uniquebazaar.shop\/es\/wp-json\/wp\/v2\/types\/product"}],"replies":[{"embeddable":true,"href":"https:\/\/uniquebazaar.shop\/es\/wp-json\/wp\/v2\/comments?post=2500"}],"version-history":[{"count":0,"href":"https:\/\/uniquebazaar.shop\/es\/wp-json\/wp\/v2\/product\/2500\/revisions"}],"wp:featuredmedia":[{"embeddable":true,"href":"https:\/\/uniquebazaar.shop\/es\/wp-json\/wp\/v2\/media\/2561"}],"wp:attachment":[{"href":"https:\/\/uniquebazaar.shop\/es\/wp-json\/wp\/v2\/media?parent=2500"}],"wp:term":[{"taxonomy":"product_brand","embeddable":true,"href":"https:\/\/uniquebazaar.shop\/es\/wp-json\/wp\/v2\/product_brand?post=2500"},{"taxonomy":"product_cat","embeddable":true,"href":"https:\/\/uniquebazaar.shop\/es\/wp-json\/wp\/v2\/product_cat?post=2500"},{"taxonomy":"product_tag","embeddable":true,"href":"https:\/\/uniquebazaar.shop\/es\/wp-json\/wp\/v2\/product_tag?post=2500"}],"curies":[{"name":"wp","href":"https:\/\/api.w.org\/{rel}","templated":true}]}}