{"id":2498,"date":"2025-12-18T08:58:11","date_gmt":"2025-12-18T08:58:11","guid":{"rendered":"https:\/\/uniquebazaar.shop\/?post_type=product&#038;p=2498"},"modified":"2025-12-18T09:00:36","modified_gmt":"2025-12-18T09:00:36","slug":"3-in-1-szenes-smoker-bbq-grille-kulteri-barbecue-homerseggel-allithato-legventillal-es-krombevazott-grillekkel-40x80-cm-es-acel-kialakitas","status":"publish","type":"product","link":"https:\/\/uniquebazaar.shop\/es\/producto\/3-in-1-szenes-smoker-bbq-grille-kulteri-barbecue-homerseggel-allithato-legventillal-es-krombevazott-grillekkel-40x80-cm-es-acel-kialakitas\/","title":{"rendered":"Parrilla de barbacoa ahumadora 3-en-1 - Parrilla de barbacoa de acero inoxidable, ahumadora y de acero inoxidable, 40\u00d780 cm-es Ac\u00e9l Kialak\u00edt\u00e1s"},"content":{"rendered":"<p><img fetchpriority=\"high\" decoding=\"async\" width=\"1024\" height=\"633\" src=\"https:\/\/newbotay.shop\/wp-content\/uploads\/2025\/12\/1-25-1024x633.png\" alt=\"\" srcset=\"https:\/\/newbotay.shop\/wp-content\/uploads\/2025\/12\/1-25-1024x633.png 1024w, https:\/\/newbotay.shop\/wp-content\/uploads\/2025\/12\/1-25-300x186.png 300w, https:\/\/newbotay.shop\/wp-content\/uploads\/2025\/12\/1-25-768x475.png 768w, https:\/\/newbotay.shop\/wp-content\/uploads\/2025\/12\/1-25-1536x950.png 1536w, https:\/\/newbotay.shop\/wp-content\/uploads\/2025\/12\/1-25-2048x1267.png 2048w, https:\/\/newbotay.shop\/wp-content\/uploads\/2025\/12\/1-25-18x12.png 18w, https:\/\/newbotay.shop\/wp-content\/uploads\/2025\/12\/1-25-60x37.png 60w, https:\/\/newbotay.shop\/wp-content\/uploads\/2025\/12\/1-25-110x68.png 110w, https:\/\/newbotay.shop\/wp-content\/uploads\/2025\/12\/1-25-600x371.png 600w, https:\/\/newbotay.shop\/wp-content\/uploads\/2025\/12\/1-25-130x80.png 130w\" sizes=\"(max-width: 1024px) 100vw, 1024px\" \/><br \/>\n\t\t\t\t\t\t\t\t\t\t\t\t\t<img decoding=\"async\" width=\"1024\" height=\"633\" src=\"https:\/\/newbotay.shop\/wp-content\/uploads\/2025\/12\/2-30-1024x633.png\" alt=\"\" srcset=\"https:\/\/newbotay.shop\/wp-content\/uploads\/2025\/12\/2-30-1024x633.png 1024w, https:\/\/newbotay.shop\/wp-content\/uploads\/2025\/12\/2-30-300x186.png 300w, https:\/\/newbotay.shop\/wp-content\/uploads\/2025\/12\/2-30-768x475.png 768w, https:\/\/newbotay.shop\/wp-content\/uploads\/2025\/12\/2-30-1536x950.png 1536w, https:\/\/newbotay.shop\/wp-content\/uploads\/2025\/12\/2-30-2048x1267.png 2048w, https:\/\/newbotay.shop\/wp-content\/uploads\/2025\/12\/2-30-18x12.png 18w, https:\/\/newbotay.shop\/wp-content\/uploads\/2025\/12\/2-30-60x37.png 60w, https:\/\/newbotay.shop\/wp-content\/uploads\/2025\/12\/2-30-110x68.png 110w, https:\/\/newbotay.shop\/wp-content\/uploads\/2025\/12\/2-30-600x371.png 600w, https:\/\/newbotay.shop\/wp-content\/uploads\/2025\/12\/2-30-130x80.png 130w\" sizes=\"(max-width: 1024px) 100vw, 1024px\" \/><br \/>\n\t\t\t\t\t\t\t\t\t\t\t\t\t<img decoding=\"async\" width=\"1024\" height=\"633\" src=\"https:\/\/newbotay.shop\/wp-content\/uploads\/2025\/12\/3-23-1024x633.png\" alt=\"\" srcset=\"https:\/\/newbotay.shop\/wp-content\/uploads\/2025\/12\/3-23-1024x633.png 1024w, https:\/\/newbotay.shop\/wp-content\/uploads\/2025\/12\/3-23-300x186.png 300w, https:\/\/newbotay.shop\/wp-content\/uploads\/2025\/12\/3-23-768x475.png 768w, https:\/\/newbotay.shop\/wp-content\/uploads\/2025\/12\/3-23-1536x950.png 1536w, https:\/\/newbotay.shop\/wp-content\/uploads\/2025\/12\/3-23-2048x1267.png 2048w, https:\/\/newbotay.shop\/wp-content\/uploads\/2025\/12\/3-23-18x12.png 18w, https:\/\/newbotay.shop\/wp-content\/uploads\/2025\/12\/3-23-60x37.png 60w, https:\/\/newbotay.shop\/wp-content\/uploads\/2025\/12\/3-23-110x68.png 110w, https:\/\/newbotay.shop\/wp-content\/uploads\/2025\/12\/3-23-600x371.png 600w, https:\/\/newbotay.shop\/wp-content\/uploads\/2025\/12\/3-23-130x80.png 130w\" sizes=\"(max-width: 1024px) 100vw, 1024px\" \/><br \/>\n\t\t\t\t\t\t\t\t\t\t\t\t\t<img loading=\"lazy\" decoding=\"async\" width=\"1024\" height=\"633\" src=\"https:\/\/newbotay.shop\/wp-content\/uploads\/2025\/12\/4-16-1024x633.png\" alt=\"\" srcset=\"https:\/\/newbotay.shop\/wp-content\/uploads\/2025\/12\/4-16-1024x633.png 1024w, https:\/\/newbotay.shop\/wp-content\/uploads\/2025\/12\/4-16-300x186.png 300w, https:\/\/newbotay.shop\/wp-content\/uploads\/2025\/12\/4-16-768x475.png 768w, https:\/\/newbotay.shop\/wp-content\/uploads\/2025\/12\/4-16-1536x950.png 1536w, https:\/\/newbotay.shop\/wp-content\/uploads\/2025\/12\/4-16-2048x1267.png 2048w, https:\/\/newbotay.shop\/wp-content\/uploads\/2025\/12\/4-16-18x12.png 18w, https:\/\/newbotay.shop\/wp-content\/uploads\/2025\/12\/4-16-60x37.png 60w, https:\/\/newbotay.shop\/wp-content\/uploads\/2025\/12\/4-16-110x68.png 110w, https:\/\/newbotay.shop\/wp-content\/uploads\/2025\/12\/4-16-600x371.png 600w, https:\/\/newbotay.shop\/wp-content\/uploads\/2025\/12\/4-16-130x80.png 130w\" sizes=\"(max-width: 1024px) 100vw, 1024px\" \/><br \/>\n\t\t\t\t\t\t\t\t\t\t\t\t\t<img loading=\"lazy\" decoding=\"async\" width=\"970\" height=\"600\" src=\"https:\/\/newbotay.shop\/wp-content\/uploads\/2025\/10\/4c8eaf5e-0f86-4e17-8fd9-81a4c7295e41.__CR87017461080_PT0_SX970_V1___.jpg\" alt=\"\" srcset=\"https:\/\/newbotay.shop\/wp-content\/uploads\/2025\/10\/4c8eaf5e-0f86-4e17-8fd9-81a4c7295e41.__CR87017461080_PT0_SX970_V1___.jpg 970w, https:\/\/newbotay.shop\/wp-content\/uploads\/2025\/10\/4c8eaf5e-0f86-4e17-8fd9-81a4c7295e41.__CR87017461080_PT0_SX970_V1___-300x186.jpg 300w, https:\/\/newbotay.shop\/wp-content\/uploads\/2025\/10\/4c8eaf5e-0f86-4e17-8fd9-81a4c7295e41.__CR87017461080_PT0_SX970_V1___-768x475.jpg 768w, https:\/\/newbotay.shop\/wp-content\/uploads\/2025\/10\/4c8eaf5e-0f86-4e17-8fd9-81a4c7295e41.__CR87017461080_PT0_SX970_V1___-18x12.jpg 18w, https:\/\/newbotay.shop\/wp-content\/uploads\/2025\/10\/4c8eaf5e-0f86-4e17-8fd9-81a4c7295e41.__CR87017461080_PT0_SX970_V1___-60x37.jpg 60w, https:\/\/newbotay.shop\/wp-content\/uploads\/2025\/10\/4c8eaf5e-0f86-4e17-8fd9-81a4c7295e41.__CR87017461080_PT0_SX970_V1___-110x68.jpg 110w, https:\/\/newbotay.shop\/wp-content\/uploads\/2025\/10\/4c8eaf5e-0f86-4e17-8fd9-81a4c7295e41.__CR87017461080_PT0_SX970_V1___-600x371.jpg 600w, https:\/\/newbotay.shop\/wp-content\/uploads\/2025\/10\/4c8eaf5e-0f86-4e17-8fd9-81a4c7295e41.__CR87017461080_PT0_SX970_V1___-130x80.jpg 130w\" sizes=\"(max-width: 970px) 100vw, 970px\" \/>\t\t\t\t\t\t\t\t\t\t\t\t\t<\/p>\n<ul>\n<li>Un grillfel\u00fcletek kr\u00f3mozott tart\u00f3sak \u00e9s k\u00f6nnyen tiszt\u00edthat\u00f3ak, elker\u00fclik az \u00e9telek ragad\u00e1s\u00e1t, \u00e9s biztos\u00edtj\u00e1k, hogy a h\u00fasok \u00e9s m\u00e1s \u00e9telek aranybarn\u00e1ra s\u00fcljenek, mik\u00f6zben meg\u0151rzik nedvess\u00e9g\u00fcket. La estructura ac\u00fastica de 40\u00d780 cm es estable y robusta, lo que la convierte en una soluci\u00f3n ideal para exteriores.<\/li>\n<li>Ak\u00e1r h\u00e1zi p\u00e1rtra, csal\u00e1di bulira vagy bar\u00e1ti \u00f6sszej\u00f6vetelre haszn\u00e1lod, ez a 3 az 1-ben tal\u00e1lhat\u00f3 sz\u00e9n-szigetelt f\u00fcst\u00f6l\u0151 \u00e9s grill minden alkalommal t\u00f6k\u00e9letes eredm\u00e9nyt hoz, \u00e9s biztos\u00edtja, hogy minden grill\u00f6z\u00e9si \u00e9lm\u00e9nyed m\u00e9mori\u00e1v\u00e1 v\u00e1ljon.<\/li>\n<\/ul>","protected":false},"excerpt":{"rendered":"<p>A kr\u00f3mozott grillfel\u00fcletek tart\u00f3sak \u00e9s k\u00f6nnyen tiszt\u00edthat\u00f3ak, elker\u00fclik az \u00e9telek ragad\u00e1s\u00e1t, \u00e9s biztos\u00edtj\u00e1k, hogy a h\u00fasok \u00e9s m\u00e1s \u00e9telek aranybarn\u00e1ra s\u00fcljenek, mik\u00f6zben meg\u0151rzik nedvess\u00e9g\u00fcket. A 40\u00d780 cm-es ac\u00e9l konstrukci\u00f3 stabil \u00e9s robusztus, kiv\u00e1l\u00f3an t\u0171r az outdoor k\u00f6r\u00fclm\u00e9nyeknek, \u00edgy hossz\u00fa \u00e9vekig haszn\u00e1lhatod. Ak\u00e1r h\u00e1zi p\u00e1rtra, csal\u00e1di bulira vagy bar\u00e1ti \u00f6sszej\u00f6vetelre haszn\u00e1lod, ez a 3 az 1-ben [&hellip;]<\/p>","protected":false},"featured_media":2548,"comment_status":"open","ping_status":"closed","template":"","meta":{"_acf_changed":false},"product_brand":[],"product_cat":[41],"product_tag":[],"class_list":{"0":"post-2498","1":"product","2":"type-product","3":"status-publish","4":"has-post-thumbnail","6":"product_cat-home-living","8":"first","9":"instock","10":"sale","11":"shipping-taxable","12":"purchasable","13":"product-type-simple"},"acf":[],"_links":{"self":[{"href":"https:\/\/uniquebazaar.shop\/es\/wp-json\/wp\/v2\/product\/2498","targetHints":{"allow":["GET"]}}],"collection":[{"href":"https:\/\/uniquebazaar.shop\/es\/wp-json\/wp\/v2\/product"}],"about":[{"href":"https:\/\/uniquebazaar.shop\/es\/wp-json\/wp\/v2\/types\/product"}],"replies":[{"embeddable":true,"href":"https:\/\/uniquebazaar.shop\/es\/wp-json\/wp\/v2\/comments?post=2498"}],"version-history":[{"count":0,"href":"https:\/\/uniquebazaar.shop\/es\/wp-json\/wp\/v2\/product\/2498\/revisions"}],"wp:featuredmedia":[{"embeddable":true,"href":"https:\/\/uniquebazaar.shop\/es\/wp-json\/wp\/v2\/media\/2548"}],"wp:attachment":[{"href":"https:\/\/uniquebazaar.shop\/es\/wp-json\/wp\/v2\/media?parent=2498"}],"wp:term":[{"taxonomy":"product_brand","embeddable":true,"href":"https:\/\/uniquebazaar.shop\/es\/wp-json\/wp\/v2\/product_brand?post=2498"},{"taxonomy":"product_cat","embeddable":true,"href":"https:\/\/uniquebazaar.shop\/es\/wp-json\/wp\/v2\/product_cat?post=2498"},{"taxonomy":"product_tag","embeddable":true,"href":"https:\/\/uniquebazaar.shop\/es\/wp-json\/wp\/v2\/product_tag?post=2498"}],"curies":[{"name":"wp","href":"https:\/\/api.w.org\/{rel}","templated":true}]}}