{"id":2497,"date":"2025-12-18T08:58:11","date_gmt":"2025-12-18T08:58:11","guid":{"rendered":"https:\/\/uniquebazaar.shop\/?post_type=product&#038;p=2497"},"modified":"2025-12-18T09:00:31","modified_gmt":"2025-12-18T09:00:31","slug":"russell-hobbs-bronte-4-reszu-piritogep-stilusos-dizajn-rozsdamentes-acel-diszitessel-emeles-es-megtekintes-funkcioval-fagyasztott-elelmiszerek-ujra-melegites-es-megszakitas-funkciokkal","status":"publish","type":"product","link":"https:\/\/uniquebazaar.shop\/es\/producto\/russell-hobbs-bronte-4-reszu-piritogep-stilusos-dizajn-rozsdamentes-acel-diszitessel-emeles-es-megtekintes-funkcioval-fagyasztott-elelmiszerek-ujra-melegites-es-megszakitas-funkciokkal\/","title":{"rendered":"Russell Hobbs Bront\u00eb 4-resz\u0171 pir\u00edt\u00f3g\u00e9p - St\u00edlusos diz\u00e1jn rozsdamentes ac\u00e9l d\u00edsz\u00edt\u00e9ssel, Emel\u00e9s \u00e9s Megtekint\u00e9s funkci\u00f3val, Fagyasztott \u00e9lelmiszerek, \u00dajra meleg\u00edt\u00e9s \u00e9s Megszak\u00edt\u00e1s funkci\u00f3kkal"},"content":{"rendered":"<p><img fetchpriority=\"high\" decoding=\"async\" width=\"1024\" height=\"576\" src=\"https:\/\/newbotay.shop\/wp-content\/uploads\/2025\/12\/1-23-1024x576.png\" alt=\"\" srcset=\"https:\/\/newbotay.shop\/wp-content\/uploads\/2025\/12\/1-23-1024x576.png 1024w, https:\/\/newbotay.shop\/wp-content\/uploads\/2025\/12\/1-23-300x169.png 300w, https:\/\/newbotay.shop\/wp-content\/uploads\/2025\/12\/1-23-768x432.png 768w, https:\/\/newbotay.shop\/wp-content\/uploads\/2025\/12\/1-23-1536x864.png 1536w, https:\/\/newbotay.shop\/wp-content\/uploads\/2025\/12\/1-23-2048x1152.png 2048w, https:\/\/newbotay.shop\/wp-content\/uploads\/2025\/12\/1-23-18x10.png 18w, https:\/\/newbotay.shop\/wp-content\/uploads\/2025\/12\/1-23-60x34.png 60w, https:\/\/newbotay.shop\/wp-content\/uploads\/2025\/12\/1-23-110x62.png 110w, https:\/\/newbotay.shop\/wp-content\/uploads\/2025\/12\/1-23-600x337.png 600w, https:\/\/newbotay.shop\/wp-content\/uploads\/2025\/12\/1-23-130x73.png 130w\" sizes=\"(max-width: 1024px) 100vw, 1024px\" \/><br \/>\n\t\t\t\t\t\t\t\t\t\t\t\t\t<img decoding=\"async\" width=\"800\" height=\"800\" src=\"https:\/\/newbotay.shop\/wp-content\/uploads\/2025\/10\/4f05e41bae7d4b73a88464429b19e647tplv-t5fjg24jzw-resize-jpeg_800_800-1.jpg\" alt=\"\" srcset=\"https:\/\/newbotay.shop\/wp-content\/uploads\/2025\/10\/4f05e41bae7d4b73a88464429b19e647tplv-t5fjg24jzw-resize-jpeg_800_800-1.jpg 800w, https:\/\/newbotay.shop\/wp-content\/uploads\/2025\/10\/4f05e41bae7d4b73a88464429b19e647tplv-t5fjg24jzw-resize-jpeg_800_800-1-300x300.jpg 300w, https:\/\/newbotay.shop\/wp-content\/uploads\/2025\/10\/4f05e41bae7d4b73a88464429b19e647tplv-t5fjg24jzw-resize-jpeg_800_800-1-150x150.jpg 150w, https:\/\/newbotay.shop\/wp-content\/uploads\/2025\/10\/4f05e41bae7d4b73a88464429b19e647tplv-t5fjg24jzw-resize-jpeg_800_800-1-768x768.jpg 768w, https:\/\/newbotay.shop\/wp-content\/uploads\/2025\/10\/4f05e41bae7d4b73a88464429b19e647tplv-t5fjg24jzw-resize-jpeg_800_800-1-12x12.jpg 12w, https:\/\/newbotay.shop\/wp-content\/uploads\/2025\/10\/4f05e41bae7d4b73a88464429b19e647tplv-t5fjg24jzw-resize-jpeg_800_800-1-60x60.jpg 60w, https:\/\/newbotay.shop\/wp-content\/uploads\/2025\/10\/4f05e41bae7d4b73a88464429b19e647tplv-t5fjg24jzw-resize-jpeg_800_800-1-110x110.jpg 110w, https:\/\/newbotay.shop\/wp-content\/uploads\/2025\/10\/4f05e41bae7d4b73a88464429b19e647tplv-t5fjg24jzw-resize-jpeg_800_800-1-600x600.jpg 600w, https:\/\/newbotay.shop\/wp-content\/uploads\/2025\/10\/4f05e41bae7d4b73a88464429b19e647tplv-t5fjg24jzw-resize-jpeg_800_800-1-130x130.jpg 130w\" sizes=\"(max-width: 800px) 100vw, 800px\" \/><br \/>\n\t\t\t\t\t\t\t\t\t\t\t\t\t<img decoding=\"async\" width=\"800\" height=\"800\" src=\"https:\/\/newbotay.shop\/wp-content\/uploads\/2025\/10\/cde76983619f4eba9643c2449b36ac43tplv-t5fjg24jzw-resize-jpeg_800_800-1.jpg\" alt=\"\" srcset=\"https:\/\/newbotay.shop\/wp-content\/uploads\/2025\/10\/cde76983619f4eba9643c2449b36ac43tplv-t5fjg24jzw-resize-jpeg_800_800-1.jpg 800w, https:\/\/newbotay.shop\/wp-content\/uploads\/2025\/10\/cde76983619f4eba9643c2449b36ac43tplv-t5fjg24jzw-resize-jpeg_800_800-1-300x300.jpg 300w, https:\/\/newbotay.shop\/wp-content\/uploads\/2025\/10\/cde76983619f4eba9643c2449b36ac43tplv-t5fjg24jzw-resize-jpeg_800_800-1-150x150.jpg 150w, https:\/\/newbotay.shop\/wp-content\/uploads\/2025\/10\/cde76983619f4eba9643c2449b36ac43tplv-t5fjg24jzw-resize-jpeg_800_800-1-768x768.jpg 768w, https:\/\/newbotay.shop\/wp-content\/uploads\/2025\/10\/cde76983619f4eba9643c2449b36ac43tplv-t5fjg24jzw-resize-jpeg_800_800-1-12x12.jpg 12w, https:\/\/newbotay.shop\/wp-content\/uploads\/2025\/10\/cde76983619f4eba9643c2449b36ac43tplv-t5fjg24jzw-resize-jpeg_800_800-1-60x60.jpg 60w, https:\/\/newbotay.shop\/wp-content\/uploads\/2025\/10\/cde76983619f4eba9643c2449b36ac43tplv-t5fjg24jzw-resize-jpeg_800_800-1-110x110.jpg 110w, https:\/\/newbotay.shop\/wp-content\/uploads\/2025\/10\/cde76983619f4eba9643c2449b36ac43tplv-t5fjg24jzw-resize-jpeg_800_800-1-600x600.jpg 600w, https:\/\/newbotay.shop\/wp-content\/uploads\/2025\/10\/cde76983619f4eba9643c2449b36ac43tplv-t5fjg24jzw-resize-jpeg_800_800-1-130x130.jpg 130w\" sizes=\"(max-width: 800px) 100vw, 800px\" \/><br \/>\n\t\t\t\t\t\t\t\t\t\t\t\t\t<img loading=\"lazy\" decoding=\"async\" width=\"800\" height=\"800\" src=\"https:\/\/newbotay.shop\/wp-content\/uploads\/2025\/10\/82b3c06d09eb4e7697575d68f2f9c42atplv-t5fjg24jzw-resize-jpeg_800_800-1.jpg\" alt=\"\" srcset=\"https:\/\/newbotay.shop\/wp-content\/uploads\/2025\/10\/82b3c06d09eb4e7697575d68f2f9c42atplv-t5fjg24jzw-resize-jpeg_800_800-1.jpg 800w, https:\/\/newbotay.shop\/wp-content\/uploads\/2025\/10\/82b3c06d09eb4e7697575d68f2f9c42atplv-t5fjg24jzw-resize-jpeg_800_800-1-300x300.jpg 300w, https:\/\/newbotay.shop\/wp-content\/uploads\/2025\/10\/82b3c06d09eb4e7697575d68f2f9c42atplv-t5fjg24jzw-resize-jpeg_800_800-1-150x150.jpg 150w, https:\/\/newbotay.shop\/wp-content\/uploads\/2025\/10\/82b3c06d09eb4e7697575d68f2f9c42atplv-t5fjg24jzw-resize-jpeg_800_800-1-768x768.jpg 768w, https:\/\/newbotay.shop\/wp-content\/uploads\/2025\/10\/82b3c06d09eb4e7697575d68f2f9c42atplv-t5fjg24jzw-resize-jpeg_800_800-1-12x12.jpg 12w, https:\/\/newbotay.shop\/wp-content\/uploads\/2025\/10\/82b3c06d09eb4e7697575d68f2f9c42atplv-t5fjg24jzw-resize-jpeg_800_800-1-60x60.jpg 60w, https:\/\/newbotay.shop\/wp-content\/uploads\/2025\/10\/82b3c06d09eb4e7697575d68f2f9c42atplv-t5fjg24jzw-resize-jpeg_800_800-1-110x110.jpg 110w, https:\/\/newbotay.shop\/wp-content\/uploads\/2025\/10\/82b3c06d09eb4e7697575d68f2f9c42atplv-t5fjg24jzw-resize-jpeg_800_800-1-600x600.jpg 600w, https:\/\/newbotay.shop\/wp-content\/uploads\/2025\/10\/82b3c06d09eb4e7697575d68f2f9c42atplv-t5fjg24jzw-resize-jpeg_800_800-1-130x130.jpg 130w\" sizes=\"(max-width: 800px) 100vw, 800px\" \/><br \/>\n\t\t\t\t\t\t\t\t\t\t\t\t\t<img loading=\"lazy\" decoding=\"async\" width=\"800\" height=\"800\" src=\"https:\/\/newbotay.shop\/wp-content\/uploads\/2025\/10\/b1143759bce24fcf9780de88d5ff8102tplv-t5fjg24jzw-resize-jpeg_800_800-1.jpg\" alt=\"\" srcset=\"https:\/\/newbotay.shop\/wp-content\/uploads\/2025\/10\/b1143759bce24fcf9780de88d5ff8102tplv-t5fjg24jzw-resize-jpeg_800_800-1.jpg 800w, https:\/\/newbotay.shop\/wp-content\/uploads\/2025\/10\/b1143759bce24fcf9780de88d5ff8102tplv-t5fjg24jzw-resize-jpeg_800_800-1-300x300.jpg 300w, https:\/\/newbotay.shop\/wp-content\/uploads\/2025\/10\/b1143759bce24fcf9780de88d5ff8102tplv-t5fjg24jzw-resize-jpeg_800_800-1-150x150.jpg 150w, https:\/\/newbotay.shop\/wp-content\/uploads\/2025\/10\/b1143759bce24fcf9780de88d5ff8102tplv-t5fjg24jzw-resize-jpeg_800_800-1-768x768.jpg 768w, https:\/\/newbotay.shop\/wp-content\/uploads\/2025\/10\/b1143759bce24fcf9780de88d5ff8102tplv-t5fjg24jzw-resize-jpeg_800_800-1-12x12.jpg 12w, https:\/\/newbotay.shop\/wp-content\/uploads\/2025\/10\/b1143759bce24fcf9780de88d5ff8102tplv-t5fjg24jzw-resize-jpeg_800_800-1-60x60.jpg 60w, https:\/\/newbotay.shop\/wp-content\/uploads\/2025\/10\/b1143759bce24fcf9780de88d5ff8102tplv-t5fjg24jzw-resize-jpeg_800_800-1-110x110.jpg 110w, https:\/\/newbotay.shop\/wp-content\/uploads\/2025\/10\/b1143759bce24fcf9780de88d5ff8102tplv-t5fjg24jzw-resize-jpeg_800_800-1-600x600.jpg 600w, https:\/\/newbotay.shop\/wp-content\/uploads\/2025\/10\/b1143759bce24fcf9780de88d5ff8102tplv-t5fjg24jzw-resize-jpeg_800_800-1-130x130.jpg 130w\" sizes=\"(max-width: 800px) 100vw, 800px\" \/>\t\t\t\t\t\t\t\t\t\t\t\t\t<\/p>\n<ul>\n<li>Az egyik legkedveltebb funkci\u00f3ja az Emel\u00e9s \u00e9s Megtekint\u00e9s opci\u00f3: ez lehet\u0151v\u00e9 teszi, hogy an\u00e9lk\u00fcl, hogy le kellene \u00e1ll\u00edtanod a pir\u00edt\u00f3g\u00e9pet, megtekintsd a keny\u00e9r s\u00f6t\u00e9ted\u00e9s\u00e9nek szintj\u00e9t, \u00edgy pontosan olyan pir\u00edtottat kapsz, ahogyan szereted. Emellett a Fagyasztott \u00e9lelmiszerek funkci\u00f3val k\u00f6zvetlen\u00fcl fagyasztott keny\u00e9rb\u0151l is k\u00e9sz\u00edthetsz friss, pir\u00edtott szliceket - nincs sz\u00fcks\u00e9g el\u0151zetes defrostal\u00e1sra.<\/li>\n<li>A praktikus \u00dajra meleg\u00edt\u00e9s funkci\u00f3 pedig seg\u00edts\u00e9g\u00e9vel gyorsan \u00fajra meleg\u00edtheted a m\u00e1r pir\u00edtott, de leh\u0171lt keny\u00e9rt an\u00e9lk\u00fcl, hogy t\u00fal s\u00f6t\u00e9tedn\u00e9d. Ha pedig valami hiba t\u00f6rt\u00e9nik vagy gyorsabban szeretn\u00e9d le\u00e1ll\u00edtani a folyamatot, a Megszak\u00edt\u00e1s gomb seg\u00edts\u00e9g\u00e9vel azonnal le\u00e1ll\u00edthat\u00f3 a pir\u00edt\u00f3g\u00e9p, biztos\u00edtva a biztons\u00e1got \u00e9s aanyaggal val\u00f3 takar\u00e9koss\u00e1got.<\/li>\n<\/ul>","protected":false},"excerpt":{"rendered":"<p>Az egyik legkedveltebb funkci\u00f3ja az Emel\u00e9s \u00e9s Megtekint\u00e9s opci\u00f3: ez lehet\u0151v\u00e9 teszi, hogy an\u00e9lk\u00fcl, hogy le kellene \u00e1ll\u00edtanod a pir\u00edt\u00f3g\u00e9pet, megtekintsd a keny\u00e9r s\u00f6t\u00e9ted\u00e9s\u00e9nek szintj\u00e9t, \u00edgy pontosan olyan pir\u00edtottat kapsz, ahogyan szereted. Emellett a Fagyasztott \u00e9lelmiszerek funkci\u00f3val k\u00f6zvetlen\u00fcl fagyasztott keny\u00e9rb\u0151l is k\u00e9sz\u00edthetsz friss, pir\u00edtott szliceket \u2013 nincs sz\u00fcks\u00e9g el\u0151zetes defrostal\u00e1sra. A praktikus \u00dajra meleg\u00edt\u00e9s funkci\u00f3 [&hellip;]<\/p>","protected":false},"featured_media":2541,"comment_status":"open","ping_status":"closed","template":"","meta":{"_acf_changed":false},"product_brand":[],"product_cat":[41],"product_tag":[],"class_list":{"0":"post-2497","1":"product","2":"type-product","3":"status-publish","4":"has-post-thumbnail","6":"product_cat-home-living","8":"first","9":"instock","10":"sale","11":"shipping-taxable","12":"purchasable","13":"product-type-simple"},"acf":[],"_links":{"self":[{"href":"https:\/\/uniquebazaar.shop\/es\/wp-json\/wp\/v2\/product\/2497","targetHints":{"allow":["GET"]}}],"collection":[{"href":"https:\/\/uniquebazaar.shop\/es\/wp-json\/wp\/v2\/product"}],"about":[{"href":"https:\/\/uniquebazaar.shop\/es\/wp-json\/wp\/v2\/types\/product"}],"replies":[{"embeddable":true,"href":"https:\/\/uniquebazaar.shop\/es\/wp-json\/wp\/v2\/comments?post=2497"}],"version-history":[{"count":0,"href":"https:\/\/uniquebazaar.shop\/es\/wp-json\/wp\/v2\/product\/2497\/revisions"}],"wp:featuredmedia":[{"embeddable":true,"href":"https:\/\/uniquebazaar.shop\/es\/wp-json\/wp\/v2\/media\/2541"}],"wp:attachment":[{"href":"https:\/\/uniquebazaar.shop\/es\/wp-json\/wp\/v2\/media?parent=2497"}],"wp:term":[{"taxonomy":"product_brand","embeddable":true,"href":"https:\/\/uniquebazaar.shop\/es\/wp-json\/wp\/v2\/product_brand?post=2497"},{"taxonomy":"product_cat","embeddable":true,"href":"https:\/\/uniquebazaar.shop\/es\/wp-json\/wp\/v2\/product_cat?post=2497"},{"taxonomy":"product_tag","embeddable":true,"href":"https:\/\/uniquebazaar.shop\/es\/wp-json\/wp\/v2\/product_tag?post=2497"}],"curies":[{"name":"wp","href":"https:\/\/api.w.org\/{rel}","templated":true}]}}