{"id":2496,"date":"2025-12-18T08:58:11","date_gmt":"2025-12-18T08:58:11","guid":{"rendered":"https:\/\/uniquebazaar.shop\/?post_type=product&#038;p=2496"},"modified":"2025-12-18T10:49:50","modified_gmt":"2025-12-18T10:49:50","slug":"hordozhato-akkus-automoso-szoropisztoly-nagynyomasu-sugarmoso-autokhoz-elektromos-ujratoltheto-kialakitas-idealis-apak-napi-ajandek","status":"publish","type":"product","link":"https:\/\/uniquebazaar.shop\/es\/producto\/hordozhato-akkus-automoso-szoropisztoly-nagynyomasu-sugarmoso-autokhoz-elektromos-ujratoltheto-kialakitas-idealis-apak-napi-ajandek\/","title":{"rendered":"Hordozhat\u00f3 akkus aut\u00f3mos\u00f3 sz\u00f3r\u00f3pisztoly - Nagynyom\u00e1s\u00fa sug\u00e1rmos\u00f3 aut\u00f3khoz, elektromos, \u00fajrat\u00f6lthet\u0151 kialak\u00edt\u00e1s, ide\u00e1lis ap\u00e1k napi aj\u00e1nd\u00e9k"},"content":{"rendered":"<p><img fetchpriority=\"high\" decoding=\"async\" width=\"1024\" height=\"1024\" src=\"https:\/\/newbotay.shop\/wp-content\/uploads\/2025\/12\/2-28-1024x1024.jpg\" alt=\"\" srcset=\"https:\/\/newbotay.shop\/wp-content\/uploads\/2025\/12\/2-28-1024x1024.jpg 1024w, https:\/\/newbotay.shop\/wp-content\/uploads\/2025\/12\/2-28-300x300.jpg 300w, https:\/\/newbotay.shop\/wp-content\/uploads\/2025\/12\/2-28-150x150.jpg 150w, https:\/\/newbotay.shop\/wp-content\/uploads\/2025\/12\/2-28-768x768.jpg 768w, https:\/\/newbotay.shop\/wp-content\/uploads\/2025\/12\/2-28-1536x1536.jpg 1536w, https:\/\/newbotay.shop\/wp-content\/uploads\/2025\/12\/2-28-12x12.jpg 12w, https:\/\/newbotay.shop\/wp-content\/uploads\/2025\/12\/2-28-60x60.jpg 60w, https:\/\/newbotay.shop\/wp-content\/uploads\/2025\/12\/2-28-110x110.jpg 110w, https:\/\/newbotay.shop\/wp-content\/uploads\/2025\/12\/2-28-600x600.jpg 600w, https:\/\/newbotay.shop\/wp-content\/uploads\/2025\/12\/2-28-130x130.jpg 130w, https:\/\/newbotay.shop\/wp-content\/uploads\/2025\/12\/2-28.jpg 2048w\" sizes=\"(max-width: 1024px) 100vw, 1024px\" \/><br \/>\n\t\t\t\t\t\t\t\t\t\t\t\t\t<img decoding=\"async\" width=\"1024\" height=\"1024\" src=\"https:\/\/newbotay.shop\/wp-content\/uploads\/2025\/12\/1-29-1024x1024.jpg\" alt=\"\" srcset=\"https:\/\/newbotay.shop\/wp-content\/uploads\/2025\/12\/1-29-1024x1024.jpg 1024w, https:\/\/newbotay.shop\/wp-content\/uploads\/2025\/12\/1-29-300x300.jpg 300w, https:\/\/newbotay.shop\/wp-content\/uploads\/2025\/12\/1-29-150x150.jpg 150w, https:\/\/newbotay.shop\/wp-content\/uploads\/2025\/12\/1-29-768x768.jpg 768w, https:\/\/newbotay.shop\/wp-content\/uploads\/2025\/12\/1-29-1536x1536.jpg 1536w, https:\/\/newbotay.shop\/wp-content\/uploads\/2025\/12\/1-29-12x12.jpg 12w, https:\/\/newbotay.shop\/wp-content\/uploads\/2025\/12\/1-29-60x60.jpg 60w, https:\/\/newbotay.shop\/wp-content\/uploads\/2025\/12\/1-29-110x110.jpg 110w, https:\/\/newbotay.shop\/wp-content\/uploads\/2025\/12\/1-29-600x600.jpg 600w, https:\/\/newbotay.shop\/wp-content\/uploads\/2025\/12\/1-29-130x130.jpg 130w, https:\/\/newbotay.shop\/wp-content\/uploads\/2025\/12\/1-29.jpg 2048w\" sizes=\"(max-width: 1024px) 100vw, 1024px\" \/><br \/>\n\t\t\t\t\t\t\t\t\t\t\t\t\t<img decoding=\"async\" width=\"1024\" height=\"1024\" src=\"https:\/\/newbotay.shop\/wp-content\/uploads\/2025\/12\/5-15-1024x1024.jpg\" alt=\"\" srcset=\"https:\/\/newbotay.shop\/wp-content\/uploads\/2025\/12\/5-15-1024x1024.jpg 1024w, https:\/\/newbotay.shop\/wp-content\/uploads\/2025\/12\/5-15-300x300.jpg 300w, https:\/\/newbotay.shop\/wp-content\/uploads\/2025\/12\/5-15-150x150.jpg 150w, https:\/\/newbotay.shop\/wp-content\/uploads\/2025\/12\/5-15-768x768.jpg 768w, https:\/\/newbotay.shop\/wp-content\/uploads\/2025\/12\/5-15-1536x1536.jpg 1536w, https:\/\/newbotay.shop\/wp-content\/uploads\/2025\/12\/5-15-12x12.jpg 12w, https:\/\/newbotay.shop\/wp-content\/uploads\/2025\/12\/5-15-60x60.jpg 60w, https:\/\/newbotay.shop\/wp-content\/uploads\/2025\/12\/5-15-110x110.jpg 110w, https:\/\/newbotay.shop\/wp-content\/uploads\/2025\/12\/5-15-600x600.jpg 600w, https:\/\/newbotay.shop\/wp-content\/uploads\/2025\/12\/5-15-130x130.jpg 130w, https:\/\/newbotay.shop\/wp-content\/uploads\/2025\/12\/5-15.jpg 2048w\" sizes=\"(max-width: 1024px) 100vw, 1024px\" \/><br \/>\n\t\t\t\t\t\t\t\t\t\t\t\t\t<img loading=\"lazy\" decoding=\"async\" width=\"1024\" height=\"1024\" src=\"https:\/\/newbotay.shop\/wp-content\/uploads\/2025\/12\/4-27-1024x1024.jpg\" alt=\"\" srcset=\"https:\/\/newbotay.shop\/wp-content\/uploads\/2025\/12\/4-27-1024x1024.jpg 1024w, https:\/\/newbotay.shop\/wp-content\/uploads\/2025\/12\/4-27-300x300.jpg 300w, https:\/\/newbotay.shop\/wp-content\/uploads\/2025\/12\/4-27-150x150.jpg 150w, https:\/\/newbotay.shop\/wp-content\/uploads\/2025\/12\/4-27-768x768.jpg 768w, https:\/\/newbotay.shop\/wp-content\/uploads\/2025\/12\/4-27-1536x1536.jpg 1536w, https:\/\/newbotay.shop\/wp-content\/uploads\/2025\/12\/4-27-12x12.jpg 12w, https:\/\/newbotay.shop\/wp-content\/uploads\/2025\/12\/4-27-60x60.jpg 60w, https:\/\/newbotay.shop\/wp-content\/uploads\/2025\/12\/4-27-110x110.jpg 110w, https:\/\/newbotay.shop\/wp-content\/uploads\/2025\/12\/4-27-600x600.jpg 600w, https:\/\/newbotay.shop\/wp-content\/uploads\/2025\/12\/4-27-130x130.jpg 130w, https:\/\/newbotay.shop\/wp-content\/uploads\/2025\/12\/4-27.jpg 2048w\" sizes=\"(max-width: 1024px) 100vw, 1024px\" \/><br \/>\n\t\t\t\t\t\t\t\t\t\t\t\t\t<img loading=\"lazy\" decoding=\"async\" width=\"800\" height=\"800\" src=\"https:\/\/newbotay.shop\/wp-content\/uploads\/2025\/10\/a93c6bfa42754b76b2e042c5a15ff508tplv-fhlh96nyum-resize-jpeg_800_800-1.jpg\" alt=\"\" srcset=\"https:\/\/newbotay.shop\/wp-content\/uploads\/2025\/10\/a93c6bfa42754b76b2e042c5a15ff508tplv-fhlh96nyum-resize-jpeg_800_800-1.jpg 800w, https:\/\/newbotay.shop\/wp-content\/uploads\/2025\/10\/a93c6bfa42754b76b2e042c5a15ff508tplv-fhlh96nyum-resize-jpeg_800_800-1-300x300.jpg 300w, https:\/\/newbotay.shop\/wp-content\/uploads\/2025\/10\/a93c6bfa42754b76b2e042c5a15ff508tplv-fhlh96nyum-resize-jpeg_800_800-1-150x150.jpg 150w, https:\/\/newbotay.shop\/wp-content\/uploads\/2025\/10\/a93c6bfa42754b76b2e042c5a15ff508tplv-fhlh96nyum-resize-jpeg_800_800-1-768x768.jpg 768w, https:\/\/newbotay.shop\/wp-content\/uploads\/2025\/10\/a93c6bfa42754b76b2e042c5a15ff508tplv-fhlh96nyum-resize-jpeg_800_800-1-12x12.jpg 12w, https:\/\/newbotay.shop\/wp-content\/uploads\/2025\/10\/a93c6bfa42754b76b2e042c5a15ff508tplv-fhlh96nyum-resize-jpeg_800_800-1-60x60.jpg 60w, https:\/\/newbotay.shop\/wp-content\/uploads\/2025\/10\/a93c6bfa42754b76b2e042c5a15ff508tplv-fhlh96nyum-resize-jpeg_800_800-1-110x110.jpg 110w, https:\/\/newbotay.shop\/wp-content\/uploads\/2025\/10\/a93c6bfa42754b76b2e042c5a15ff508tplv-fhlh96nyum-resize-jpeg_800_800-1-600x600.jpg 600w, https:\/\/newbotay.shop\/wp-content\/uploads\/2025\/10\/a93c6bfa42754b76b2e042c5a15ff508tplv-fhlh96nyum-resize-jpeg_800_800-1-130x130.jpg 130w\" sizes=\"(max-width: 800px) 100vw, 800px\" \/>\t\t\t\t\t\t\t\t\t\t\t\t\t<\/p>\n<ul>\n<li>\u00a1Ismerkedjen meg a hordozhat\u00f3 akkus aut\u00f3mos\u00f3 sz\u00f3r\u00f3pisztoly\u00e1val - a gondtalan aut\u00f3tiszt\u00edt\u00e1shoz sz\u00fcks\u00e9ges eszk\u00f6zzel! Nagynyom\u00e1s\u00fa sug\u00e1rmos\u00f3ja elt\u00e1vol\u00edtja a szennyez\u0151d\u00e9seket, a koszt \u00e9s a r\u00e1ragadt t\u00f6rmel\u00e9ket az aut\u00f3kr\u00f3l, motorokr\u00f3l vagy kerti b\u00fatorokr\u00f3l, m\u00edg az elektromos, \u00fajrat\u00f6lthet\u0151 kialak\u00edt\u00e1snak k\u00f6sz\u00f6nhet\u0151en nincsenek kusza vezet\u00e9kek vagy a k\u00f6zelben l\u00e9v\u0151 konnektorok. K\u00f6nny\u0171 \u00e9s k\u00f6nnyen kezelhet\u0151, \u00edgy a f\u00e1raszt\u00f3 aut\u00f3mos\u00e1sokat gyors feladatokk\u00e1 var\u00e1zsolja - praktikus, \u00e1tgondolt kialak\u00edt\u00e1s\u00e1val pedig t\u00f6k\u00e9letes ap\u00e1k napi aj\u00e1nd\u00e9k azoknak az ap\u00e1knak, akik szeretik makul\u00e1tlanul tartani aut\u00f3ikat.<br \/>Elege van a nagym\u00e9ret\u0171, vezet\u00e9kes aut\u00f3mos\u00f3 eszk\u00f6z\u00f6kb\u0151l? \u00a1Ez a hordozhat\u00f3 akkus aut\u00f3mos\u00f3 sz\u00f3r\u00f3pisztoly megoldja ezt a probl\u00e9m\u00e1t! Er\u0151s nagynyom\u00e1s\u00fa sug\u00e1rral felszerelve, er\u0151s v\u00edzsugarat biztos\u00edt, hogy aut\u00f3ja minden n\u00e9gyzetcentim\u00e9ter\u00e9t - a kerekekt\u0151l a sz\u00e9lv\u00e9d\u0151kig - alaposan megtiszt\u00edtsa an\u00e9lk\u00fcl, hogy megkarcoln\u00e1 a fel\u00fcletet. Az \u00fajrat\u00f6lthet\u0151 akkumul\u00e1tornak k\u00f6sz\u00f6nhet\u0151en b\u00e1rhol haszn\u00e1lhatja (felhajt\u00f3kon, parkol\u00f3kban, ak\u00e1r kempingez\u00e9skor is), kompakt m\u00e9ret\u00e9nek k\u00f6sz\u00f6nhet\u0151en pedig k\u00f6nnyen elf\u00e9r az aut\u00f3 csomagtart\u00f3j\u00e1ban vagy gar\u00e1zs\u00e1ban. Ez nem csak egy tiszt\u00edt\u00f3eszk\u00f6z; egy \u00e1tgondolt ap\u00e1k napi aj\u00e1nd\u00e9k azoknak az ap\u00e1knak, akik \u00e9rt\u00e9kelik a k\u00e9nyelmet \u00e9s a min\u0151s\u00e9get. \u00a1K\u00f6nnyedd\u00e9 \u00e9s sz\u00f3rakoztat\u00f3v\u00e1 tedd az aut\u00f3tiszt\u00edt\u00e1st a hordozhat\u00f3 akkus aut\u00f3mos\u00f3 sz\u00f3r\u00f3pisztollyal! En esta p\u00e1gina encontrar\u00e1 m\u00e1s informaci\u00f3n acerca de los productos y servicios que ofrecemos, as\u00ed como ideas para autom\u00f3viles, motocicletas, motos y teraszpadl\u00f3khoz. Az elektromosan \u00fajrat\u00f6lthet\u0151 kialak\u00edt\u00e1snak k\u00f6sz\u00f6nhet\u0151en szabadon mozoghatsz tiszt\u00edt\u00e1s k\u00f6zben, \u00e9s gyorsan felt\u00f6lt\u0151dik az egym\u00e1st k\u00f6vet\u0151 haszn\u00e1latokhoz. Tart\u00f3s, ergonomikus \u00e9s mindennapi haszn\u00e1latra tervezett, praktikus, m\u00e9gis sz\u00edvhez sz\u00f3l\u00f3 ap\u00e1k napi aj\u00e1nd\u00e9k - t\u00f6k\u00e9letes azoknak az ap\u00e1knak, akik b\u00fcszk\u00e9k a j\u00e1rm\u0171veikre, \u00e9s ut\u00e1lj\u00e1k a piszkos, id\u0151ig\u00e9nyes mos\u00e1sokat.<br \/>No se pierda la oportunidad de disfrutar de una experiencia de conducci\u00f3n aut\u00f3noma: \u00a1no se pierda la oportunidad de disfrutar de una conducci\u00f3n aut\u00f3noma! A nagynyom\u00e1s\u00fa sug\u00e1rmos\u00f3 k\u00f6nnyed\u00e9n kezeli a makacs foltokat \u00e9s szennyez\u0151d\u00e9seket, biztos\u00edtva, hogy aut\u00f3ja minden alkalommal bemutat\u00f3terem-k\u00e9sz legyen. A vezet\u00e9k n\u00e9lk\u00fcli, \u00fajrat\u00f6lthet\u0151 kialak\u00edt\u00e1s azt jelenti, hogy b\u00e1rhol, b\u00e1rmikor takar\u00edthatsz - nem kell t\u00f6ml\u0151ket h\u00fazni vagy \u00e1ramforr\u00e1st keresni. El\u00e9g k\u00f6nny\u0171 ahhoz, hogy b\u00e1rki haszn\u00e1lhassa, m\u00e9gis el\u00e9g er\u0151s ahhoz, hogy elv\u00e9gezze a neh\u00e9z tiszt\u00edt\u00e1st. Ak\u00e1r szereti apa az aut\u00f3j\u00e1t \u00e1polni, ak\u00e1r csak egy egyszer\u0171 m\u00f3dra van sz\u00fcks\u00e9ge a tiszt\u00e1n tart\u00e1s\u00e1ra, ez a sz\u00f3r\u00f3pisztoly egy kiemelked\u0151 ap\u00e1k napi aj\u00e1nd\u00e9k, amit \u00fajra \u00e9s \u00fajra haszn\u00e1lni fog.<br \/>Ap\u00e1k napi aj\u00e1nd\u00e9kot keres, ami hasznos \u00e9s men\u0151 is? \u00a1A hordozhat\u00f3 akkus aut\u00f3mos\u00f3 sz\u00f3r\u00f3pisztoly mindk\u00e9t elv\u00e1r\u00e1snak megfelel! Ez a nagynyom\u00e1s\u00fa sug\u00e1rmos\u00f3 percek alatt lef\u00fajja a szennyez\u0151d\u00e9seket az aut\u00f3kr\u00f3l, teheraut\u00f3kr\u00f3l vagy a k\u00fclt\u00e9ri felszerel\u00e9sekr\u0151l, akkus, \u00fajrat\u00f6lthet\u0151 kialak\u00edt\u00e1s\u00e1nak k\u00f6sz\u00f6nhet\u0151en ultrahordozhat\u00f3. K\u00f6nnyen t\u00e1rolhat\u00f3, egyszer\u0171en kezelhet\u0151 \u00e9s tart\u00f3s - t\u00f6k\u00e9letes az elfoglalt apuk\u00e1knak, akik a hagyom\u00e1nyos aut\u00f3mos\u00f3k gondjai n\u00e9lk\u00fcl szeretn\u00e9k tiszt\u00e1n tartani j\u00e1rm\u0171veiket. Aj\u00e1nd\u00e9kozzon neki egy olyan aj\u00e1nd\u00e9kot, ami leegyszer\u0171s\u00edti a mindennapjait, \u00e9s lehet\u0151v\u00e9 teszi, hogy \u00e9lvezze az aut\u00f3ja gondoz\u00e1s\u00e1t.<\/li>\n<\/ul>","protected":false},"excerpt":{"rendered":"<p>Ismerkedjen meg a hordozhat\u00f3 akkus aut\u00f3mos\u00f3 sz\u00f3r\u00f3pisztoly\u00e1val \u2013 a gondtalan aut\u00f3tiszt\u00edt\u00e1shoz sz\u00fcks\u00e9ges eszk\u00f6zzel! Nagynyom\u00e1s\u00fa sug\u00e1rmos\u00f3ja elt\u00e1vol\u00edtja a szennyez\u0151d\u00e9seket, a koszt \u00e9s a r\u00e1ragadt t\u00f6rmel\u00e9ket az aut\u00f3kr\u00f3l, motorokr\u00f3l vagy kerti b\u00fatorokr\u00f3l, m\u00edg az elektromos, \u00fajrat\u00f6lthet\u0151 kialak\u00edt\u00e1snak k\u00f6sz\u00f6nhet\u0151en nincsenek kusza vezet\u00e9kek vagy a k\u00f6zelben l\u00e9v\u0151 konnektorok. K\u00f6nny\u0171 \u00e9s k\u00f6nnyen kezelhet\u0151, \u00edgy a f\u00e1raszt\u00f3 aut\u00f3mos\u00e1sokat gyors feladatokk\u00e1 var\u00e1zsolja [&hellip;]<\/p>","protected":false},"featured_media":2534,"comment_status":"open","ping_status":"closed","template":"","meta":{"_acf_changed":false},"product_brand":[],"product_cat":[41],"product_tag":[],"class_list":{"0":"post-2496","1":"product","2":"type-product","3":"status-publish","4":"has-post-thumbnail","6":"product_cat-home-living","8":"first","9":"instock","10":"sale","11":"shipping-taxable","12":"purchasable","13":"product-type-simple"},"acf":[],"_links":{"self":[{"href":"https:\/\/uniquebazaar.shop\/es\/wp-json\/wp\/v2\/product\/2496","targetHints":{"allow":["GET"]}}],"collection":[{"href":"https:\/\/uniquebazaar.shop\/es\/wp-json\/wp\/v2\/product"}],"about":[{"href":"https:\/\/uniquebazaar.shop\/es\/wp-json\/wp\/v2\/types\/product"}],"replies":[{"embeddable":true,"href":"https:\/\/uniquebazaar.shop\/es\/wp-json\/wp\/v2\/comments?post=2496"}],"version-history":[{"count":0,"href":"https:\/\/uniquebazaar.shop\/es\/wp-json\/wp\/v2\/product\/2496\/revisions"}],"wp:featuredmedia":[{"embeddable":true,"href":"https:\/\/uniquebazaar.shop\/es\/wp-json\/wp\/v2\/media\/2534"}],"wp:attachment":[{"href":"https:\/\/uniquebazaar.shop\/es\/wp-json\/wp\/v2\/media?parent=2496"}],"wp:term":[{"taxonomy":"product_brand","embeddable":true,"href":"https:\/\/uniquebazaar.shop\/es\/wp-json\/wp\/v2\/product_brand?post=2496"},{"taxonomy":"product_cat","embeddable":true,"href":"https:\/\/uniquebazaar.shop\/es\/wp-json\/wp\/v2\/product_cat?post=2496"},{"taxonomy":"product_tag","embeddable":true,"href":"https:\/\/uniquebazaar.shop\/es\/wp-json\/wp\/v2\/product_tag?post=2496"}],"curies":[{"name":"wp","href":"https:\/\/api.w.org\/{rel}","templated":true}]}}