{"id":2495,"date":"2025-12-18T08:58:11","date_gmt":"2025-12-18T08:58:11","guid":{"rendered":"https:\/\/uniquebazaar.shop\/?post_type=product&#038;p=2495"},"modified":"2025-12-18T09:58:59","modified_gmt":"2025-12-18T09:58:59","slug":"yitahome-szovetes-ladakos-komod-8-ladas-magas-tarolokomod-es-haloszobai-rendezoskad","status":"publish","type":"product","link":"https:\/\/uniquebazaar.shop\/es\/producto\/yitahome-szovetes-ladakos-komod-8-ladas-magas-tarolokomod-es-haloszobai-rendezoskad\/","title":{"rendered":"YITAHOME Sz\u00f6vetes L\u00e1d\u00e1kos Kom\u00f3d - 8 L\u00e1d\u00e1s Magas T\u00e1rol\u00f3kom\u00f3d \u00e9s H\u00e1l\u00f3szobai Rendez\u0151sk\u00e1d"},"content":{"rendered":"<p><img fetchpriority=\"high\" decoding=\"async\" width=\"800\" height=\"328\" src=\"https:\/\/newbotay.shop\/wp-content\/uploads\/2025\/10\/cabe88c25e734b50b2827d915922a950tplv-aphluv4xwc-resize-jpeg_800_328.jpg\" alt=\"\" srcset=\"https:\/\/newbotay.shop\/wp-content\/uploads\/2025\/10\/cabe88c25e734b50b2827d915922a950tplv-aphluv4xwc-resize-jpeg_800_328.jpg 800w, https:\/\/newbotay.shop\/wp-content\/uploads\/2025\/10\/cabe88c25e734b50b2827d915922a950tplv-aphluv4xwc-resize-jpeg_800_328-300x123.jpg 300w, https:\/\/newbotay.shop\/wp-content\/uploads\/2025\/10\/cabe88c25e734b50b2827d915922a950tplv-aphluv4xwc-resize-jpeg_800_328-768x315.jpg 768w, https:\/\/newbotay.shop\/wp-content\/uploads\/2025\/10\/cabe88c25e734b50b2827d915922a950tplv-aphluv4xwc-resize-jpeg_800_328-18x7.jpg 18w, https:\/\/newbotay.shop\/wp-content\/uploads\/2025\/10\/cabe88c25e734b50b2827d915922a950tplv-aphluv4xwc-resize-jpeg_800_328-60x25.jpg 60w, https:\/\/newbotay.shop\/wp-content\/uploads\/2025\/10\/cabe88c25e734b50b2827d915922a950tplv-aphluv4xwc-resize-jpeg_800_328-110x45.jpg 110w, https:\/\/newbotay.shop\/wp-content\/uploads\/2025\/10\/cabe88c25e734b50b2827d915922a950tplv-aphluv4xwc-resize-jpeg_800_328-600x246.jpg 600w, https:\/\/newbotay.shop\/wp-content\/uploads\/2025\/10\/cabe88c25e734b50b2827d915922a950tplv-aphluv4xwc-resize-jpeg_800_328-130x53.jpg 130w\" sizes=\"(max-width: 800px) 100vw, 800px\" \/><br \/>\n\t\t\t\t\t\t\t\t\t\t\t\t\t<img decoding=\"async\" width=\"800\" height=\"600\" src=\"https:\/\/newbotay.shop\/wp-content\/uploads\/2025\/10\/e3b496b303c54027b632ca1d1aa361betplv-aphluv4xwc-resize-jpeg_800_600.jpg\" alt=\"\" srcset=\"https:\/\/newbotay.shop\/wp-content\/uploads\/2025\/10\/e3b496b303c54027b632ca1d1aa361betplv-aphluv4xwc-resize-jpeg_800_600.jpg 800w, https:\/\/newbotay.shop\/wp-content\/uploads\/2025\/10\/e3b496b303c54027b632ca1d1aa361betplv-aphluv4xwc-resize-jpeg_800_600-300x225.jpg 300w, https:\/\/newbotay.shop\/wp-content\/uploads\/2025\/10\/e3b496b303c54027b632ca1d1aa361betplv-aphluv4xwc-resize-jpeg_800_600-768x576.jpg 768w, https:\/\/newbotay.shop\/wp-content\/uploads\/2025\/10\/e3b496b303c54027b632ca1d1aa361betplv-aphluv4xwc-resize-jpeg_800_600-16x12.jpg 16w, https:\/\/newbotay.shop\/wp-content\/uploads\/2025\/10\/e3b496b303c54027b632ca1d1aa361betplv-aphluv4xwc-resize-jpeg_800_600-60x45.jpg 60w, https:\/\/newbotay.shop\/wp-content\/uploads\/2025\/10\/e3b496b303c54027b632ca1d1aa361betplv-aphluv4xwc-resize-jpeg_800_600-110x83.jpg 110w, https:\/\/newbotay.shop\/wp-content\/uploads\/2025\/10\/e3b496b303c54027b632ca1d1aa361betplv-aphluv4xwc-resize-jpeg_800_600-600x450.jpg 600w, https:\/\/newbotay.shop\/wp-content\/uploads\/2025\/10\/e3b496b303c54027b632ca1d1aa361betplv-aphluv4xwc-resize-jpeg_800_600-130x98.jpg 130w\" sizes=\"(max-width: 800px) 100vw, 800px\" \/><br \/>\n\t\t\t\t\t\t\t\t\t\t\t\t\t<img decoding=\"async\" width=\"800\" height=\"600\" src=\"https:\/\/newbotay.shop\/wp-content\/uploads\/2025\/10\/d1e15bafd8bb48539f264eae29595ff7tplv-aphluv4xwc-resize-jpeg_800_600.jpg\" alt=\"\" srcset=\"https:\/\/newbotay.shop\/wp-content\/uploads\/2025\/10\/d1e15bafd8bb48539f264eae29595ff7tplv-aphluv4xwc-resize-jpeg_800_600.jpg 800w, https:\/\/newbotay.shop\/wp-content\/uploads\/2025\/10\/d1e15bafd8bb48539f264eae29595ff7tplv-aphluv4xwc-resize-jpeg_800_600-300x225.jpg 300w, https:\/\/newbotay.shop\/wp-content\/uploads\/2025\/10\/d1e15bafd8bb48539f264eae29595ff7tplv-aphluv4xwc-resize-jpeg_800_600-768x576.jpg 768w, https:\/\/newbotay.shop\/wp-content\/uploads\/2025\/10\/d1e15bafd8bb48539f264eae29595ff7tplv-aphluv4xwc-resize-jpeg_800_600-16x12.jpg 16w, https:\/\/newbotay.shop\/wp-content\/uploads\/2025\/10\/d1e15bafd8bb48539f264eae29595ff7tplv-aphluv4xwc-resize-jpeg_800_600-60x45.jpg 60w, https:\/\/newbotay.shop\/wp-content\/uploads\/2025\/10\/d1e15bafd8bb48539f264eae29595ff7tplv-aphluv4xwc-resize-jpeg_800_600-110x83.jpg 110w, https:\/\/newbotay.shop\/wp-content\/uploads\/2025\/10\/d1e15bafd8bb48539f264eae29595ff7tplv-aphluv4xwc-resize-jpeg_800_600-600x450.jpg 600w, https:\/\/newbotay.shop\/wp-content\/uploads\/2025\/10\/d1e15bafd8bb48539f264eae29595ff7tplv-aphluv4xwc-resize-jpeg_800_600-130x98.jpg 130w\" sizes=\"(max-width: 800px) 100vw, 800px\" \/><br \/>\n\t\t\t\t\t\t\t\t\t\t\t\t\t<img loading=\"lazy\" decoding=\"async\" width=\"800\" height=\"600\" src=\"https:\/\/newbotay.shop\/wp-content\/uploads\/2025\/10\/384153da4b69469aa1b250ac6bd88daftplv-aphluv4xwc-resize-jpeg_800_600.jpg\" alt=\"\" srcset=\"https:\/\/newbotay.shop\/wp-content\/uploads\/2025\/10\/384153da4b69469aa1b250ac6bd88daftplv-aphluv4xwc-resize-jpeg_800_600.jpg 800w, https:\/\/newbotay.shop\/wp-content\/uploads\/2025\/10\/384153da4b69469aa1b250ac6bd88daftplv-aphluv4xwc-resize-jpeg_800_600-300x225.jpg 300w, https:\/\/newbotay.shop\/wp-content\/uploads\/2025\/10\/384153da4b69469aa1b250ac6bd88daftplv-aphluv4xwc-resize-jpeg_800_600-768x576.jpg 768w, https:\/\/newbotay.shop\/wp-content\/uploads\/2025\/10\/384153da4b69469aa1b250ac6bd88daftplv-aphluv4xwc-resize-jpeg_800_600-16x12.jpg 16w, https:\/\/newbotay.shop\/wp-content\/uploads\/2025\/10\/384153da4b69469aa1b250ac6bd88daftplv-aphluv4xwc-resize-jpeg_800_600-60x45.jpg 60w, https:\/\/newbotay.shop\/wp-content\/uploads\/2025\/10\/384153da4b69469aa1b250ac6bd88daftplv-aphluv4xwc-resize-jpeg_800_600-110x83.jpg 110w, https:\/\/newbotay.shop\/wp-content\/uploads\/2025\/10\/384153da4b69469aa1b250ac6bd88daftplv-aphluv4xwc-resize-jpeg_800_600-600x450.jpg 600w, https:\/\/newbotay.shop\/wp-content\/uploads\/2025\/10\/384153da4b69469aa1b250ac6bd88daftplv-aphluv4xwc-resize-jpeg_800_600-130x98.jpg 130w\" sizes=\"(max-width: 800px) 100vw, 800px\" \/>\t\t\t\t\t\t\t\t\t\t\t\t\t<\/p>\n<ul>\n<li>Ez a t\u00e1rol\u00f3kom\u00f3d nem csup\u00e1n funkcion\u00e1lis, hanem dekorat\u00edv is - a egyszer\u0171, modern diz\u00e1jnja z\u00f6kken\u0151mentesen illeszkedik minden bels\u0151berendez\u00e9s st\u00edlus\u00e1hoz. Ak\u00e1r a klasszikus, ak\u00e1r a contemponori hangulat\u00fa szob\u00e1ban, ez a rendez\u0151sk\u00e1d felveszi a hely\u00e9t, \u00e9s seg\u00edt, hogy a szob\u00e1d mindig rendben \u00e9s tiszta legyen.<\/li>\n<li>A k\u00f6nny\u0171 szerel\u00e9si folyamat r\u00e9v\u00e9n r\u00f6vid id\u0151 alatt fel\u00e1ll\u00edthatod, \u00e9s azonnal elkezdheted haszn\u00e1lni. Con YITAHOME 8 a\u00f1os de experiencia en el sector, le ofrecemos una amplia gama de productos que le ayudar\u00e1n a mejorar su rendimiento y funcionalidad.<\/li>\n<\/ul>","protected":false},"excerpt":{"rendered":"<p>Ez a t\u00e1rol\u00f3kom\u00f3d nem csup\u00e1n funkcion\u00e1lis, hanem dekorat\u00edv is \u2013 a egyszer\u0171, modern diz\u00e1jnja z\u00f6kken\u0151mentesen illeszkedik minden bels\u0151berendez\u00e9s st\u00edlus\u00e1hoz. Ak\u00e1r a klasszikus, ak\u00e1r a contemponori hangulat\u00fa szob\u00e1ban, ez a rendez\u0151sk\u00e1d felveszi a hely\u00e9t, \u00e9s seg\u00edt, hogy a szob\u00e1d mindig rendben \u00e9s tiszta legyen. A k\u00f6nny\u0171 szerel\u00e9si folyamat r\u00e9v\u00e9n r\u00f6vid id\u0151 alatt fel\u00e1ll\u00edthatod, \u00e9s azonnal elkezdheted [&hellip;]<\/p>","protected":false},"featured_media":2526,"comment_status":"open","ping_status":"closed","template":"","meta":{"_acf_changed":false},"product_brand":[],"product_cat":[41],"product_tag":[],"class_list":{"0":"post-2495","1":"product","2":"type-product","3":"status-publish","4":"has-post-thumbnail","6":"product_cat-home-living","8":"first","9":"instock","10":"sale","11":"shipping-taxable","12":"purchasable","13":"product-type-variable","14":"has-default-attributes","15":"wvs-archive-product-wrapper"},"acf":[],"_links":{"self":[{"href":"https:\/\/uniquebazaar.shop\/es\/wp-json\/wp\/v2\/product\/2495","targetHints":{"allow":["GET"]}}],"collection":[{"href":"https:\/\/uniquebazaar.shop\/es\/wp-json\/wp\/v2\/product"}],"about":[{"href":"https:\/\/uniquebazaar.shop\/es\/wp-json\/wp\/v2\/types\/product"}],"replies":[{"embeddable":true,"href":"https:\/\/uniquebazaar.shop\/es\/wp-json\/wp\/v2\/comments?post=2495"}],"version-history":[{"count":0,"href":"https:\/\/uniquebazaar.shop\/es\/wp-json\/wp\/v2\/product\/2495\/revisions"}],"wp:featuredmedia":[{"embeddable":true,"href":"https:\/\/uniquebazaar.shop\/es\/wp-json\/wp\/v2\/media\/2526"}],"wp:attachment":[{"href":"https:\/\/uniquebazaar.shop\/es\/wp-json\/wp\/v2\/media?parent=2495"}],"wp:term":[{"taxonomy":"product_brand","embeddable":true,"href":"https:\/\/uniquebazaar.shop\/es\/wp-json\/wp\/v2\/product_brand?post=2495"},{"taxonomy":"product_cat","embeddable":true,"href":"https:\/\/uniquebazaar.shop\/es\/wp-json\/wp\/v2\/product_cat?post=2495"},{"taxonomy":"product_tag","embeddable":true,"href":"https:\/\/uniquebazaar.shop\/es\/wp-json\/wp\/v2\/product_tag?post=2495"}],"curies":[{"name":"wp","href":"https:\/\/api.w.org\/{rel}","templated":true}]}}