{"id":2494,"date":"2025-12-18T08:58:11","date_gmt":"2025-12-18T08:58:11","guid":{"rendered":"https:\/\/uniquebazaar.shop\/?post_type=product&#038;p=2494"},"modified":"2025-12-18T09:58:59","modified_gmt":"2025-12-18T09:58:59","slug":"ntaanoo-mini-projektor-2025-4k-tamogatasu-hordozhato-wifi-6-es-bt-5-0-okos-projektor","status":"publish","type":"product","link":"https:\/\/uniquebazaar.shop\/es\/producto\/ntaanoo-mini-projektor-2025-4k-tamogatasu-hordozhato-wifi-6-es-bt-5-0-okos-projektor\/","title":{"rendered":"Ntaanoo Mini Projektor 2025 - 4K-t\u00e1mogat\u00e1s\u00fa, hordozhat\u00f3 WiFi 6 \u00e9s BT 5.0 okos projektor"},"content":{"rendered":"<p><img fetchpriority=\"high\" decoding=\"async\" src=\"https:\/\/newbotay.shop\/wp-content\/uploads\/2025\/12\/8-1-1024x1024.jpg\" sizes=\"(max-width: 1024px) 100vw, 1024px\" srcset=\"https:\/\/newbotay.shop\/wp-content\/uploads\/2025\/12\/8-1-1024x1024.jpg 1024w, https:\/\/newbotay.shop\/wp-content\/uploads\/2025\/12\/8-1-300x300.jpg 300w, https:\/\/newbotay.shop\/wp-content\/uploads\/2025\/12\/8-1-150x150.jpg 150w, https:\/\/newbotay.shop\/wp-content\/uploads\/2025\/12\/8-1-768x768.jpg 768w, https:\/\/newbotay.shop\/wp-content\/uploads\/2025\/12\/8-1-1536x1536.jpg 1536w, https:\/\/newbotay.shop\/wp-content\/uploads\/2025\/12\/8-1-12x12.jpg 12w, https:\/\/newbotay.shop\/wp-content\/uploads\/2025\/12\/8-1-60x60.jpg 60w, https:\/\/newbotay.shop\/wp-content\/uploads\/2025\/12\/8-1-110x110.jpg 110w, https:\/\/newbotay.shop\/wp-content\/uploads\/2025\/12\/8-1-600x600.jpg 600w, https:\/\/newbotay.shop\/wp-content\/uploads\/2025\/12\/8-1-130x130.jpg 130w, https:\/\/newbotay.shop\/wp-content\/uploads\/2025\/12\/8-1.jpg 2048w\" alt=\"\" width=\"1024\" height=\"1024\" \/><br \/>\n<img decoding=\"async\" src=\"https:\/\/newbotay.shop\/wp-content\/uploads\/2025\/12\/6-2-1024x1024.jpg\" sizes=\"(max-width: 1024px) 100vw, 1024px\" srcset=\"https:\/\/newbotay.shop\/wp-content\/uploads\/2025\/12\/6-2-1024x1024.jpg 1024w, https:\/\/newbotay.shop\/wp-content\/uploads\/2025\/12\/6-2-300x300.jpg 300w, https:\/\/newbotay.shop\/wp-content\/uploads\/2025\/12\/6-2-150x150.jpg 150w, https:\/\/newbotay.shop\/wp-content\/uploads\/2025\/12\/6-2-768x768.jpg 768w, https:\/\/newbotay.shop\/wp-content\/uploads\/2025\/12\/6-2-1536x1536.jpg 1536w, https:\/\/newbotay.shop\/wp-content\/uploads\/2025\/12\/6-2-12x12.jpg 12w, https:\/\/newbotay.shop\/wp-content\/uploads\/2025\/12\/6-2-60x60.jpg 60w, https:\/\/newbotay.shop\/wp-content\/uploads\/2025\/12\/6-2-110x110.jpg 110w, https:\/\/newbotay.shop\/wp-content\/uploads\/2025\/12\/6-2-600x600.jpg 600w, https:\/\/newbotay.shop\/wp-content\/uploads\/2025\/12\/6-2-130x130.jpg 130w, https:\/\/newbotay.shop\/wp-content\/uploads\/2025\/12\/6-2.jpg 2048w\" alt=\"\" width=\"1024\" height=\"1024\" \/><br \/>\n<img decoding=\"async\" src=\"https:\/\/newbotay.shop\/wp-content\/uploads\/2025\/12\/7-2-1024x1024.png\" sizes=\"(max-width: 1024px) 100vw, 1024px\" srcset=\"https:\/\/newbotay.shop\/wp-content\/uploads\/2025\/12\/7-2-1024x1024.png 1024w, https:\/\/newbotay.shop\/wp-content\/uploads\/2025\/12\/7-2-300x300.png 300w, https:\/\/newbotay.shop\/wp-content\/uploads\/2025\/12\/7-2-150x150.png 150w, https:\/\/newbotay.shop\/wp-content\/uploads\/2025\/12\/7-2-768x768.png 768w, https:\/\/newbotay.shop\/wp-content\/uploads\/2025\/12\/7-2-1536x1536.png 1536w, https:\/\/newbotay.shop\/wp-content\/uploads\/2025\/12\/7-2-12x12.png 12w, https:\/\/newbotay.shop\/wp-content\/uploads\/2025\/12\/7-2-60x60.png 60w, https:\/\/newbotay.shop\/wp-content\/uploads\/2025\/12\/7-2-110x110.png 110w, https:\/\/newbotay.shop\/wp-content\/uploads\/2025\/12\/7-2-600x600.png 600w, https:\/\/newbotay.shop\/wp-content\/uploads\/2025\/12\/7-2-130x130.png 130w, https:\/\/newbotay.shop\/wp-content\/uploads\/2025\/12\/7-2.png 2048w\" alt=\"\" width=\"1024\" height=\"1024\" \/><\/p>\n<ul>\n<li>Ntaanoo 2025 mini projektor hozza el a mozisz\u00ednpadot k\u00f6zvetlen\u00fcl \u00f6n \u8eab\u8fb9\uff01Kiv\u00e1l\u00f3 min\u0151s\u00e9g\u0171 technol\u00f3gi\u00e1t \u00e9s ultrahordozhat\u00f3s\u00e1got kombin\u00e1lva, ez az intelligens eszk\u00f6z t\u00f6k\u00e9letes minden n\u00e9z\u00e9si \u00e9s sz\u00f3rakoz\u00e1si ig\u00e9nyre.\ud83d\udcfd\ufe0f Krist\u00e1lytiszta K\u00e9pmin\u0151s\u00e9g 4K T\u00e1mogat\u00e1ssalT\u00e1mogatja a 4K \u00e9s 1080P Full HD felbont\u00e1st - minden r\u00e9szlet \u00e9rezhet\u0151, minden sz\u00edn \u00e9l\u00e9nk \u00e9s val\u00f3szer\u0171. F\u00fcggetlen\u00fcl att\u00f3l, hogy filmeket, sorozatokat, sportesem\u00e9nyeket vagy prezent\u00e1ci\u00f3kat n\u00e9z, a projektor krist\u00e1lytiszta, nagy m\u00e9ret\u0171 k\u00e9pet biztos\u00edt, amely elragadja a figyelmet. Az er\u0151s f\u00e9nyer\u0151vel m\u00e9g vil\u00e1gos k\u00f6rnyezetben is t\u00f6k\u00e9letes k\u00e9pmin\u0151s\u00e9get \u00e9lvezhet.\ud83d\ude80 Fejlett Technol\u00f3gia: WiFi 6 &amp; BT5.0A leg\u00fajabb WiFi 6 technol\u00f3gi\u00e1val gyors \u00e9s stabil kapcsolatot biztos\u00edt - z\u00f6kken\u0151mentesen streamelhet Netflix, YouTube vagy m\u00e1s streaming platformokat, vagy csatlakozhat a telefonhoz, laptophoz a m\u00e9diaf\u00e1jlok megoszt\u00e1s\u00e1hoz. La tecnolog\u00eda bluetooth BT5.0 te permite conectarte a cualquier dispositivo bluetooth, ya sea un tel\u00e9fono m\u00f3vil, un ordenador port\u00e1til o una tableta.<\/li>\n<\/ul>","protected":false},"excerpt":{"rendered":"<p>Ak\u00e1r otthon, ak\u00e1r szabadban, ak\u00e1r utaz\u00e1s k\u00f6zben \u2013 az Ntaanoo 2025 mini projektor hozza el a mozisz\u00ednpadot k\u00f6zvetlen\u00fcl \u00f6n \u8eab\u8fb9\uff01Kiv\u00e1l\u00f3 min\u0151s\u00e9g\u0171 technol\u00f3gi\u00e1t \u00e9s ultrahordozhat\u00f3s\u00e1got kombin\u00e1lva, ez az intelligens eszk\u00f6z t\u00f6k\u00e9letes minden n\u00e9z\u00e9si \u00e9s sz\u00f3rakoz\u00e1si ig\u00e9nyre.\u200b\ud83d\udcfd\ufe0f Krist\u00e1lytiszta K\u00e9pmin\u0151s\u00e9g 4K T\u00e1mogat\u00e1ssal\u200bT\u00e1mogatja a 4K \u00e9s 1080P Full HD felbont\u00e1st \u2013 minden r\u00e9szlet \u00e9rezhet\u0151, minden sz\u00edn \u00e9l\u00e9nk \u00e9s val\u00f3szer\u0171. [&hellip;]<\/p>","protected":false},"featured_media":2519,"comment_status":"open","ping_status":"closed","template":"","meta":{"_acf_changed":false},"product_brand":[],"product_cat":[41],"product_tag":[],"class_list":{"0":"post-2494","1":"product","2":"type-product","3":"status-publish","4":"has-post-thumbnail","6":"product_cat-home-living","8":"first","9":"instock","10":"sale","11":"shipping-taxable","12":"purchasable","13":"product-type-variable","14":"has-default-attributes","15":"wvs-archive-product-wrapper"},"acf":[],"_links":{"self":[{"href":"https:\/\/uniquebazaar.shop\/es\/wp-json\/wp\/v2\/product\/2494","targetHints":{"allow":["GET"]}}],"collection":[{"href":"https:\/\/uniquebazaar.shop\/es\/wp-json\/wp\/v2\/product"}],"about":[{"href":"https:\/\/uniquebazaar.shop\/es\/wp-json\/wp\/v2\/types\/product"}],"replies":[{"embeddable":true,"href":"https:\/\/uniquebazaar.shop\/es\/wp-json\/wp\/v2\/comments?post=2494"}],"version-history":[{"count":0,"href":"https:\/\/uniquebazaar.shop\/es\/wp-json\/wp\/v2\/product\/2494\/revisions"}],"wp:featuredmedia":[{"embeddable":true,"href":"https:\/\/uniquebazaar.shop\/es\/wp-json\/wp\/v2\/media\/2519"}],"wp:attachment":[{"href":"https:\/\/uniquebazaar.shop\/es\/wp-json\/wp\/v2\/media?parent=2494"}],"wp:term":[{"taxonomy":"product_brand","embeddable":true,"href":"https:\/\/uniquebazaar.shop\/es\/wp-json\/wp\/v2\/product_brand?post=2494"},{"taxonomy":"product_cat","embeddable":true,"href":"https:\/\/uniquebazaar.shop\/es\/wp-json\/wp\/v2\/product_cat?post=2494"},{"taxonomy":"product_tag","embeddable":true,"href":"https:\/\/uniquebazaar.shop\/es\/wp-json\/wp\/v2\/product_tag?post=2494"}],"curies":[{"name":"wp","href":"https:\/\/api.w.org\/{rel}","templated":true}]}}